{"id":661,"date":"2018-10-05T08:51:44","date_gmt":"2018-10-05T11:51:44","guid":{"rendered":"http:\/\/https:\/\/iyp.fica.unsl.edu.ar\/?page_id=661"},"modified":"2019-02-25T08:16:24","modified_gmt":"2019-02-25T11:16:24","slug":"proico-14-0116-4","status":"publish","type":"page","link":"https:\/\/iyp.fica.unsl.edu.ar\/index.php\/investigacion\/proyectos-de-investigacion\/proico-14-0116-4\/","title":{"rendered":"PROICO 14-0516"},"content":{"rendered":"\t\t<div data-elementor-type=\"wp-post\" data-elementor-id=\"661\" class=\"elementor elementor-661 elementor-bc-flex-widget\">\n\t\t\t\t\t\t<section class=\"elementor-section elementor-top-section elementor-element elementor-element-35a20f3 elementor-section-boxed elementor-section-height-default elementor-section-height-default\" data-id=\"35a20f3\" data-element_type=\"section\" data-e-type=\"section\" data-settings=\"{&quot;background_background&quot;:&quot;gradient&quot;}\">\n\t\t\t\t\t\t<div class=\"elementor-container elementor-column-gap-default\">\n\t\t\t\t\t<div class=\"elementor-column elementor-col-100 elementor-top-column elementor-element elementor-element-588d157\" data-id=\"588d157\" data-element_type=\"column\" data-e-type=\"column\">\n\t\t\t<div class=\"elementor-widget-wrap elementor-element-populated\">\n\t\t\t\t\t\t<div class=\"elementor-element elementor-element-8636e2d elementor-widget elementor-widget-text-editor\" data-id=\"8636e2d\" data-element_type=\"widget\" data-e-type=\"widget\" data-widget_type=\"text-editor.default\">\n\t\t\t\t<div class=\"elementor-widget-container\">\n\t\t\t\t\t\t\t\t\t<h3 style=\"text-align: center;\"><span style=\"color: #333333;\"><strong>T\u00cdTULO: &#8220;Sistema epidemiol\u00f3gico fitosanitario del cultivo de ma\u00edz en la Regi\u00f3n Este de la provincia de San Luis, Argentina&#8221;<\/strong><\/span><\/h3>\t\t\t\t\t\t\t\t<\/div>\n\t\t\t\t<\/div>\n\t\t\t\t\t<\/div>\n\t\t<\/div>\n\t\t\t\t\t<\/div>\n\t\t<\/section>\n\t\t\t\t<section class=\"elementor-section elementor-top-section elementor-element elementor-element-3afe elementor-section-content-middle elementor-section-boxed elementor-section-height-default elementor-section-height-default\" data-id=\"3afe\" data-element_type=\"section\" data-e-type=\"section\" data-settings=\"{&quot;background_background&quot;:&quot;gradient&quot;}\">\n\t\t\t\t\t\t<div class=\"elementor-container elementor-column-gap-no\">\n\t\t\t\t\t<div class=\"elementor-column elementor-col-50 elementor-top-column elementor-element elementor-element-7d67\" data-id=\"7d67\" data-element_type=\"column\" data-e-type=\"column\">\n\t\t\t<div class=\"elementor-widget-wrap elementor-element-populated\">\n\t\t\t\t\t\t<div class=\"elementor-element elementor-element-2d26 elementor-widget elementor-widget-image\" data-id=\"2d26\" data-element_type=\"widget\" data-e-type=\"widget\" data-widget_type=\"image.default\">\n\t\t\t\t<div class=\"elementor-widget-container\">\n\t\t\t\t\t\t\t\t\t\t\t\t\t\t\t<img decoding=\"async\" src=\"https:\/\/iyp.fica.unsl.edu.ar\/wp-content\/uploads\/elementor\/thumbs\/P140516-rdvcf1gnyec5hdc35rwz90zrgrrbsfwmqrxdwcbqwc.jpg\" title=\"P140516\" alt=\"P140516\" loading=\"lazy\" \/>\t\t\t\t\t\t\t\t\t\t\t\t\t\t\t<\/div>\n\t\t\t\t<\/div>\n\t\t\t\t\t<\/div>\n\t\t<\/div>\n\t\t\t\t<div class=\"elementor-column elementor-col-50 elementor-top-column elementor-element elementor-element-16b9\" data-id=\"16b9\" data-element_type=\"column\" data-e-type=\"column\">\n\t\t\t<div class=\"elementor-widget-wrap elementor-element-populated\">\n\t\t\t\t\t\t<div class=\"elementor-element elementor-element-7bbd elementor-widget elementor-widget-heading\" data-id=\"7bbd\" data-element_type=\"widget\" data-e-type=\"widget\" data-widget_type=\"heading.default\">\n\t\t\t\t<div class=\"elementor-widget-container\">\n\t\t\t\t\t<p class=\"elementor-heading-title elementor-size-default\">PROICO 14-0516<\/p>\t\t\t\t<\/div>\n\t\t\t\t<\/div>\n\t\t\t\t<div class=\"elementor-element elementor-element-75b2 elementor-position-inline-start elementor-view-default elementor-mobile-position-block-start elementor-widget elementor-widget-icon-box\" data-id=\"75b2\" data-element_type=\"widget\" data-e-type=\"widget\" data-widget_type=\"icon-box.default\">\n\t\t\t\t<div class=\"elementor-widget-container\">\n\t\t\t\t\t\t\t<div class=\"elementor-icon-box-wrapper\">\n\n\t\t\t\t\t\t<div class=\"elementor-icon-box-icon\">\n\t\t\t\t<span  class=\"elementor-icon\">\n\t\t\t\t<i class=\"fa fa-pencil-square\" aria-hidden=\"true\"><\/i>\t\t\t\t<\/span>\n\t\t\t<\/div>\n\t\t\t\n\t\t\t\t\t\t<div class=\"elementor-icon-box-content\">\n\n\t\t\t\t\t\t\t\t\t<h3 class=\"elementor-icon-box-title\">\n\t\t\t\t\t\t<span  >\n\t\t\t\t\t\t\tResumen\t\t\t\t\t\t<\/span>\n\t\t\t\t\t<\/h3>\n\t\t\t\t\n\t\t\t\t\t\t\t\t\t<p class=\"elementor-icon-box-description\">\n\t\t\t\t\t\tTomando en consideraci\u00f3n la nueva situaci\u00f3n agropecuaria nacional, resultar\u00e1 en un probable crecimiento de la producci\u00f3n de ma\u00edz, es previsible que el \u00e1rea sembrada de este ceral en la regi\u00f3n semi\u00e1rida central de la provincia de San Luis se incremente. Asimismo, es posible un aumento de la productividad en la mencionada regi\u00f3n a trav\u00e9s del manejo sustentable del cultivo en el contexto de las Buenas Pr\u00e1cticas Agr\u00edcolas. Con el objetivo de estudiar el sistema epidemi\u00f3logico fitosanitario del ma\u00edz considerando el mabiente de la regi\u00f3n este de la provincia de San Luis, Argentina; las interacciones entre poblaciones de agentes bi\u00f3ticos que tienen lugar en \u00e9l; la relaci\u00f3n con ambiente y los par\u00e1metros fisiol\u00f3gicos que se ven afectados por ellas, se llevar\u00e1n a cabo estudios a nivel regional y a nivel parcelario, siguiendo las t\u00e9cnicas de evalucaci\u00f3n correspondientes a cada poblaci\u00f3n. El conocimiento de especies nocivas (pat\u00f3genos, artr\u00f3podos y malezas) que puedan afectar el cultivo, y la determinaci\u00f3n de sus sincron\u00edas con las etapas fenol\u00f3gicas m\u00e1s suceptible del cultivo, permitir\u00e1n establecer pautas para un programa de manejo integrado a fin de lograr rendimientos sustentables en cantidad y calidad del cultivo de ma\u00edz en la regi\u00f3n.\t\t\t\t\t<\/p>\n\t\t\t\t\n\t\t\t<\/div>\n\t\t\t\n\t\t<\/div>\n\t\t\t\t\t\t<\/div>\n\t\t\t\t<\/div>\n\t\t\t\t<section class=\"elementor-section elementor-inner-section elementor-element elementor-element-0c15abf elementor-section-boxed elementor-section-height-default elementor-section-height-default\" data-id=\"0c15abf\" data-element_type=\"section\" data-e-type=\"section\">\n\t\t\t\t\t\t<div class=\"elementor-container elementor-column-gap-default\">\n\t\t\t\t\t<div class=\"elementor-column elementor-col-66 elementor-inner-column elementor-element elementor-element-14a823b\" data-id=\"14a823b\" data-element_type=\"column\" data-e-type=\"column\">\n\t\t\t<div class=\"elementor-widget-wrap elementor-element-populated\">\n\t\t\t\t\t\t<div class=\"elementor-element elementor-element-7afd904 elementor-position-inline-start elementor-view-default elementor-mobile-position-block-start elementor-widget elementor-widget-icon-box\" data-id=\"7afd904\" data-element_type=\"widget\" data-e-type=\"widget\" data-widget_type=\"icon-box.default\">\n\t\t\t\t<div class=\"elementor-widget-container\">\n\t\t\t\t\t\t\t<div class=\"elementor-icon-box-wrapper\">\n\n\t\t\t\t\t\t<div class=\"elementor-icon-box-icon\">\n\t\t\t\t<span  class=\"elementor-icon\">\n\t\t\t\t<i class=\"fa fa-address-book\" aria-hidden=\"true\"><\/i>\t\t\t\t<\/span>\n\t\t\t<\/div>\n\t\t\t\n\t\t\t\t\t\t<div class=\"elementor-icon-box-content\">\n\n\t\t\t\t\t\t\t\t\t<h3 class=\"elementor-icon-box-title\">\n\t\t\t\t\t\t<span  >\n\t\t\t\t\t\t\tDirectora\t\t\t\t\t\t<\/span>\n\t\t\t\t\t<\/h3>\n\t\t\t\t\n\t\t\t\t\t\t\t\t\t<p class=\"elementor-icon-box-description\">\n\t\t\t\t\t\tSilvia BONIVARDO\t\t\t\t\t<\/p>\n\t\t\t\t\n\t\t\t<\/div>\n\t\t\t\n\t\t<\/div>\n\t\t\t\t\t\t<\/div>\n\t\t\t\t<\/div>\n\t\t\t\t\t<\/div>\n\t\t<\/div>\n\t\t\t\t<div class=\"elementor-column elementor-col-33 elementor-inner-column elementor-element elementor-element-528037c\" data-id=\"528037c\" data-element_type=\"column\" data-e-type=\"column\">\n\t\t\t<div class=\"elementor-widget-wrap elementor-element-populated\">\n\t\t\t\t\t\t<div class=\"elementor-element elementor-element-e468c3b elementor-position-inline-start elementor-view-default elementor-mobile-position-block-start elementor-widget elementor-widget-icon-box\" data-id=\"e468c3b\" data-element_type=\"widget\" data-e-type=\"widget\" data-widget_type=\"icon-box.default\">\n\t\t\t\t<div class=\"elementor-widget-container\">\n\t\t\t\t\t\t\t<div class=\"elementor-icon-box-wrapper\">\n\n\t\t\t\t\t\t<div class=\"elementor-icon-box-icon\">\n\t\t\t\t<span  class=\"elementor-icon\">\n\t\t\t\t<i class=\"fa fa-at\" aria-hidden=\"true\"><\/i>\t\t\t\t<\/span>\n\t\t\t<\/div>\n\t\t\t\n\t\t\t\t\t\t<div class=\"elementor-icon-box-content\">\n\n\t\t\t\t\t\t\t\t\t<h3 class=\"elementor-icon-box-title\">\n\t\t\t\t\t\t<span  >\n\t\t\t\t\t\t\tMAIL\t\t\t\t\t\t<\/span>\n\t\t\t\t\t<\/h3>\n\t\t\t\t\n\t\t\t\t\t\t\t\t\t<p class=\"elementor-icon-box-description\">\n\t\t\t\t\t\tslbonivardo@unsl.edu.ar\t\t\t\t\t<\/p>\n\t\t\t\t\n\t\t\t<\/div>\n\t\t\t\n\t\t<\/div>\n\t\t\t\t\t\t<\/div>\n\t\t\t\t<\/div>\n\t\t\t\t\t<\/div>\n\t\t<\/div>\n\t\t\t\t\t<\/div>\n\t\t<\/section>\n\t\t\t\t<section class=\"elementor-section elementor-inner-section elementor-element elementor-element-d6ddf53 elementor-section-boxed elementor-section-height-default elementor-section-height-default\" data-id=\"d6ddf53\" data-element_type=\"section\" data-e-type=\"section\">\n\t\t\t\t\t\t<div class=\"elementor-container elementor-column-gap-default\">\n\t\t\t\t\t<div class=\"elementor-column elementor-col-66 elementor-inner-column elementor-element elementor-element-c1842f2\" data-id=\"c1842f2\" data-element_type=\"column\" data-e-type=\"column\">\n\t\t\t<div class=\"elementor-widget-wrap elementor-element-populated\">\n\t\t\t\t\t\t<div class=\"elementor-element elementor-element-3fd1c85 elementor-position-inline-start elementor-view-default elementor-mobile-position-block-start elementor-widget elementor-widget-icon-box\" data-id=\"3fd1c85\" data-element_type=\"widget\" data-e-type=\"widget\" data-widget_type=\"icon-box.default\">\n\t\t\t\t<div class=\"elementor-widget-container\">\n\t\t\t\t\t\t\t<div class=\"elementor-icon-box-wrapper\">\n\n\t\t\t\t\t\t<div class=\"elementor-icon-box-icon\">\n\t\t\t\t<span  class=\"elementor-icon\">\n\t\t\t\t<i class=\"fa fa-check-square\" aria-hidden=\"true\"><\/i>\t\t\t\t<\/span>\n\t\t\t<\/div>\n\t\t\t\n\t\t\t\t\t\t<div class=\"elementor-icon-box-content\">\n\n\t\t\t\t\t\t\t\t\t<h3 class=\"elementor-icon-box-title\">\n\t\t\t\t\t\t<span  >\n\t\t\t\t\t\t\tSistema de Incentivo\t\t\t\t\t\t<\/span>\n\t\t\t\t\t<\/h3>\n\t\t\t\t\n\t\t\t\t\t\t\t\t\t<p class=\"elementor-icon-box-description\">\n\t\t\t\t\t\tNro: 22 \/ I 608\t\t\t\t\t<\/p>\n\t\t\t\t\n\t\t\t<\/div>\n\t\t\t\n\t\t<\/div>\n\t\t\t\t\t\t<\/div>\n\t\t\t\t<\/div>\n\t\t\t\t\t<\/div>\n\t\t<\/div>\n\t\t\t\t<div class=\"elementor-column elementor-col-33 elementor-inner-column elementor-element elementor-element-b189029\" data-id=\"b189029\" data-element_type=\"column\" data-e-type=\"column\">\n\t\t\t<div class=\"elementor-widget-wrap elementor-element-populated\">\n\t\t\t\t\t\t<div class=\"elementor-element elementor-element-155f833 elementor-position-inline-start elementor-view-default elementor-mobile-position-block-start elementor-widget elementor-widget-icon-box\" data-id=\"155f833\" data-element_type=\"widget\" data-e-type=\"widget\" data-widget_type=\"icon-box.default\">\n\t\t\t\t<div class=\"elementor-widget-container\">\n\t\t\t\t\t\t\t<div class=\"elementor-icon-box-wrapper\">\n\n\t\t\t\t\t\t<div class=\"elementor-icon-box-icon\">\n\t\t\t\t<span  class=\"elementor-icon\">\n\t\t\t\t<i class=\"fa fa-calendar-check-o\" aria-hidden=\"true\"><\/i>\t\t\t\t<\/span>\n\t\t\t<\/div>\n\t\t\t\n\t\t\t\t\t\t<div class=\"elementor-icon-box-content\">\n\n\t\t\t\t\t\t\t\t\t<h3 class=\"elementor-icon-box-title\">\n\t\t\t\t\t\t<span  >\n\t\t\t\t\t\t\tVENCIMIENTO\t\t\t\t\t\t<\/span>\n\t\t\t\t\t<\/h3>\n\t\t\t\t\n\t\t\t\t\t\t\t\t\t<p class=\"elementor-icon-box-description\">\n\t\t\t\t\t\tA\u00d1O: 2019\t\t\t\t\t<\/p>\n\t\t\t\t\n\t\t\t<\/div>\n\t\t\t\n\t\t<\/div>\n\t\t\t\t\t\t<\/div>\n\t\t\t\t<\/div>\n\t\t\t\t\t<\/div>\n\t\t<\/div>\n\t\t\t\t\t<\/div>\n\t\t<\/section>\n\t\t\t\t\t<\/div>\n\t\t<\/div>\n\t\t\t\t\t<\/div>\n\t\t<\/section>\n\t\t\t\t<\/div>\n\t\t","protected":false},"excerpt":{"rendered":"<p>T\u00cdTULO: &#8220;Sistema epidemiol\u00f3gico fitosanitario del cultivo de ma\u00edz en la Regi\u00f3n Este de la provincia de San Luis, Argentina&#8221; PROICO 14-0516 Resumen Tomando en consideraci\u00f3n&hellip;<\/p>\n","protected":false},"author":5,"featured_media":0,"parent":366,"menu_order":0,"comment_status":"closed","ping_status":"closed","template":"","meta":{"_monsterinsights_skip_tracking":false,"_monsterinsights_sitenote_active":false,"_monsterinsights_sitenote_note":"","_monsterinsights_sitenote_category":0,"_uf_show_specific_survey":0,"_uf_disable_surveys":false,"footnotes":""},"class_list":["post-661","page","type-page","status-publish","hentry"],"yoast_head":"<!-- This site is optimized with the Yoast SEO plugin v26.9 - https:\/\/yoast.com\/product\/yoast-seo-wordpress\/ -->\n<title>PROICO 14-0516 - Secretar\u00eda de Investigaci\u00f3n y Posgrado<\/title>\n<meta name=\"robots\" content=\"index, follow, max-snippet:-1, max-image-preview:large, max-video-preview:-1\" \/>\n<link rel=\"canonical\" href=\"https:\/\/iyp.fica.unsl.edu.ar\/index.php\/investigacion\/proyectos-de-investigacion\/proico-14-0116-4\/\" \/>\n<meta property=\"og:locale\" content=\"es_ES\" \/>\n<meta property=\"og:type\" content=\"article\" \/>\n<meta property=\"og:title\" content=\"PROICO 14-0516 - Secretar\u00eda de Investigaci\u00f3n y Posgrado\" \/>\n<meta property=\"og:description\" content=\"T\u00cdTULO: &#8220;Sistema epidemiol\u00f3gico fitosanitario del cultivo de ma\u00edz en la Regi\u00f3n Este de la provincia de San Luis, Argentina&#8221; PROICO 14-0516 Resumen Tomando en consideraci\u00f3n&hellip;\" \/>\n<meta property=\"og:url\" content=\"https:\/\/iyp.fica.unsl.edu.ar\/index.php\/investigacion\/proyectos-de-investigacion\/proico-14-0116-4\/\" \/>\n<meta property=\"og:site_name\" content=\"Secretar\u00eda de Investigaci\u00f3n y Posgrado\" \/>\n<meta property=\"article:modified_time\" content=\"2019-02-25T11:16:24+00:00\" \/>\n<meta property=\"og:image\" content=\"https:\/\/iyp.fica.unsl.edu.ar\/wp-content\/uploads\/elementor\/thumbs\/P140516-o382vigkfgno4kefv7qfzoxxce2vlbagyxzu17m770.jpg\" \/>\n<meta name=\"twitter:card\" content=\"summary_large_image\" \/>\n<script type=\"application\/ld+json\" class=\"yoast-schema-graph\">{\"@context\":\"https:\/\/schema.org\",\"@graph\":[{\"@type\":\"WebPage\",\"@id\":\"https:\/\/iyp.fica.unsl.edu.ar\/index.php\/investigacion\/proyectos-de-investigacion\/proico-14-0116-4\/\",\"url\":\"https:\/\/iyp.fica.unsl.edu.ar\/index.php\/investigacion\/proyectos-de-investigacion\/proico-14-0116-4\/\",\"name\":\"PROICO 14-0516 - Secretar\u00eda de Investigaci\u00f3n y Posgrado\",\"isPartOf\":{\"@id\":\"https:\/\/iyp.fica.unsl.edu.ar\/#website\"},\"primaryImageOfPage\":{\"@id\":\"https:\/\/iyp.fica.unsl.edu.ar\/index.php\/investigacion\/proyectos-de-investigacion\/proico-14-0116-4\/#primaryimage\"},\"image\":{\"@id\":\"https:\/\/iyp.fica.unsl.edu.ar\/index.php\/investigacion\/proyectos-de-investigacion\/proico-14-0116-4\/#primaryimage\"},\"thumbnailUrl\":\"https:\/\/iyp.fica.unsl.edu.ar\/wp-content\/uploads\/elementor\/thumbs\/P140516-o382vigkfgno4kefv7qfzoxxce2vlbagyxzu17m770.jpg\",\"datePublished\":\"2018-10-05T11:51:44+00:00\",\"dateModified\":\"2019-02-25T11:16:24+00:00\",\"breadcrumb\":{\"@id\":\"https:\/\/iyp.fica.unsl.edu.ar\/index.php\/investigacion\/proyectos-de-investigacion\/proico-14-0116-4\/#breadcrumb\"},\"inLanguage\":\"es-AR\",\"potentialAction\":[{\"@type\":\"ReadAction\",\"target\":[\"https:\/\/iyp.fica.unsl.edu.ar\/index.php\/investigacion\/proyectos-de-investigacion\/proico-14-0116-4\/\"]}]},{\"@type\":\"ImageObject\",\"inLanguage\":\"es-AR\",\"@id\":\"https:\/\/iyp.fica.unsl.edu.ar\/index.php\/investigacion\/proyectos-de-investigacion\/proico-14-0116-4\/#primaryimage\",\"url\":\"https:\/\/iyp.fica.unsl.edu.ar\/wp-content\/uploads\/elementor\/thumbs\/P140516-o382vigkfgno4kefv7qfzoxxce2vlbagyxzu17m770.jpg\",\"contentUrl\":\"https:\/\/iyp.fica.unsl.edu.ar\/wp-content\/uploads\/elementor\/thumbs\/P140516-o382vigkfgno4kefv7qfzoxxce2vlbagyxzu17m770.jpg\"},{\"@type\":\"BreadcrumbList\",\"@id\":\"https:\/\/iyp.fica.unsl.edu.ar\/index.php\/investigacion\/proyectos-de-investigacion\/proico-14-0116-4\/#breadcrumb\",\"itemListElement\":[{\"@type\":\"ListItem\",\"position\":1,\"name\":\"Home\",\"item\":\"https:\/\/iyp.fica.unsl.edu.ar\/\"},{\"@type\":\"ListItem\",\"position\":2,\"name\":\"Investigaci\u00f3n\",\"item\":\"https:\/\/iyp.fica.unsl.edu.ar\/index.php\/investigacion\/\"},{\"@type\":\"ListItem\",\"position\":3,\"name\":\"Proyectos de Investigaci\u00f3n\",\"item\":\"https:\/\/iyp.fica.unsl.edu.ar\/index.php\/investigacion\/proyectos-de-investigacion\/\"},{\"@type\":\"ListItem\",\"position\":4,\"name\":\"PROICO 14-0516\"}]},{\"@type\":\"WebSite\",\"@id\":\"https:\/\/iyp.fica.unsl.edu.ar\/#website\",\"url\":\"https:\/\/iyp.fica.unsl.edu.ar\/\",\"name\":\"Secretar\u00eda de Investigaci\u00f3n y Posgrado\",\"description\":\"FICA - UNSL\",\"publisher\":{\"@id\":\"https:\/\/iyp.fica.unsl.edu.ar\/#organization\"},\"potentialAction\":[{\"@type\":\"SearchAction\",\"target\":{\"@type\":\"EntryPoint\",\"urlTemplate\":\"https:\/\/iyp.fica.unsl.edu.ar\/?s={search_term_string}\"},\"query-input\":{\"@type\":\"PropertyValueSpecification\",\"valueRequired\":true,\"valueName\":\"search_term_string\"}}],\"inLanguage\":\"es-AR\"},{\"@type\":\"Organization\",\"@id\":\"https:\/\/iyp.fica.unsl.edu.ar\/#organization\",\"name\":\"FICA - Secretar\u00eda de Investigaci\u00f3n y Posgrado\",\"url\":\"https:\/\/iyp.fica.unsl.edu.ar\/\",\"logo\":{\"@type\":\"ImageObject\",\"inLanguage\":\"es-AR\",\"@id\":\"https:\/\/iyp.fica.unsl.edu.ar\/#\/schema\/logo\/image\/\",\"url\":\"https:\/\/iyp.fica.unsl.edu.ar\/wp-content\/uploads\/2021\/04\/SIyP-v41.png\",\"contentUrl\":\"https:\/\/iyp.fica.unsl.edu.ar\/wp-content\/uploads\/2021\/04\/SIyP-v41.png\",\"width\":4479,\"height\":1232,\"caption\":\"FICA - Secretar\u00eda de Investigaci\u00f3n y Posgrado\"},\"image\":{\"@id\":\"https:\/\/iyp.fica.unsl.edu.ar\/#\/schema\/logo\/image\/\"}}]}<\/script>\n<!-- \/ Yoast SEO plugin. -->","yoast_head_json":{"title":"PROICO 14-0516 - Secretar\u00eda de Investigaci\u00f3n y Posgrado","robots":{"index":"index","follow":"follow","max-snippet":"max-snippet:-1","max-image-preview":"max-image-preview:large","max-video-preview":"max-video-preview:-1"},"canonical":"https:\/\/iyp.fica.unsl.edu.ar\/index.php\/investigacion\/proyectos-de-investigacion\/proico-14-0116-4\/","og_locale":"es_ES","og_type":"article","og_title":"PROICO 14-0516 - Secretar\u00eda de Investigaci\u00f3n y Posgrado","og_description":"T\u00cdTULO: &#8220;Sistema epidemiol\u00f3gico fitosanitario del cultivo de ma\u00edz en la Regi\u00f3n Este de la provincia de San Luis, Argentina&#8221; PROICO 14-0516 Resumen Tomando en consideraci\u00f3n&hellip;","og_url":"https:\/\/iyp.fica.unsl.edu.ar\/index.php\/investigacion\/proyectos-de-investigacion\/proico-14-0116-4\/","og_site_name":"Secretar\u00eda de Investigaci\u00f3n y Posgrado","article_modified_time":"2019-02-25T11:16:24+00:00","og_image":[{"url":"https:\/\/iyp.fica.unsl.edu.ar\/wp-content\/uploads\/elementor\/thumbs\/P140516-o382vigkfgno4kefv7qfzoxxce2vlbagyxzu17m770.jpg","type":"","width":"","height":""}],"twitter_card":"summary_large_image","schema":{"@context":"https:\/\/schema.org","@graph":[{"@type":"WebPage","@id":"https:\/\/iyp.fica.unsl.edu.ar\/index.php\/investigacion\/proyectos-de-investigacion\/proico-14-0116-4\/","url":"https:\/\/iyp.fica.unsl.edu.ar\/index.php\/investigacion\/proyectos-de-investigacion\/proico-14-0116-4\/","name":"PROICO 14-0516 - Secretar\u00eda de Investigaci\u00f3n y Posgrado","isPartOf":{"@id":"https:\/\/iyp.fica.unsl.edu.ar\/#website"},"primaryImageOfPage":{"@id":"https:\/\/iyp.fica.unsl.edu.ar\/index.php\/investigacion\/proyectos-de-investigacion\/proico-14-0116-4\/#primaryimage"},"image":{"@id":"https:\/\/iyp.fica.unsl.edu.ar\/index.php\/investigacion\/proyectos-de-investigacion\/proico-14-0116-4\/#primaryimage"},"thumbnailUrl":"https:\/\/iyp.fica.unsl.edu.ar\/wp-content\/uploads\/elementor\/thumbs\/P140516-o382vigkfgno4kefv7qfzoxxce2vlbagyxzu17m770.jpg","datePublished":"2018-10-05T11:51:44+00:00","dateModified":"2019-02-25T11:16:24+00:00","breadcrumb":{"@id":"https:\/\/iyp.fica.unsl.edu.ar\/index.php\/investigacion\/proyectos-de-investigacion\/proico-14-0116-4\/#breadcrumb"},"inLanguage":"es-AR","potentialAction":[{"@type":"ReadAction","target":["https:\/\/iyp.fica.unsl.edu.ar\/index.php\/investigacion\/proyectos-de-investigacion\/proico-14-0116-4\/"]}]},{"@type":"ImageObject","inLanguage":"es-AR","@id":"https:\/\/iyp.fica.unsl.edu.ar\/index.php\/investigacion\/proyectos-de-investigacion\/proico-14-0116-4\/#primaryimage","url":"https:\/\/iyp.fica.unsl.edu.ar\/wp-content\/uploads\/elementor\/thumbs\/P140516-o382vigkfgno4kefv7qfzoxxce2vlbagyxzu17m770.jpg","contentUrl":"https:\/\/iyp.fica.unsl.edu.ar\/wp-content\/uploads\/elementor\/thumbs\/P140516-o382vigkfgno4kefv7qfzoxxce2vlbagyxzu17m770.jpg"},{"@type":"BreadcrumbList","@id":"https:\/\/iyp.fica.unsl.edu.ar\/index.php\/investigacion\/proyectos-de-investigacion\/proico-14-0116-4\/#breadcrumb","itemListElement":[{"@type":"ListItem","position":1,"name":"Home","item":"https:\/\/iyp.fica.unsl.edu.ar\/"},{"@type":"ListItem","position":2,"name":"Investigaci\u00f3n","item":"https:\/\/iyp.fica.unsl.edu.ar\/index.php\/investigacion\/"},{"@type":"ListItem","position":3,"name":"Proyectos de Investigaci\u00f3n","item":"https:\/\/iyp.fica.unsl.edu.ar\/index.php\/investigacion\/proyectos-de-investigacion\/"},{"@type":"ListItem","position":4,"name":"PROICO 14-0516"}]},{"@type":"WebSite","@id":"https:\/\/iyp.fica.unsl.edu.ar\/#website","url":"https:\/\/iyp.fica.unsl.edu.ar\/","name":"Secretar\u00eda de Investigaci\u00f3n y Posgrado","description":"FICA - UNSL","publisher":{"@id":"https:\/\/iyp.fica.unsl.edu.ar\/#organization"},"potentialAction":[{"@type":"SearchAction","target":{"@type":"EntryPoint","urlTemplate":"https:\/\/iyp.fica.unsl.edu.ar\/?s={search_term_string}"},"query-input":{"@type":"PropertyValueSpecification","valueRequired":true,"valueName":"search_term_string"}}],"inLanguage":"es-AR"},{"@type":"Organization","@id":"https:\/\/iyp.fica.unsl.edu.ar\/#organization","name":"FICA - Secretar\u00eda de Investigaci\u00f3n y Posgrado","url":"https:\/\/iyp.fica.unsl.edu.ar\/","logo":{"@type":"ImageObject","inLanguage":"es-AR","@id":"https:\/\/iyp.fica.unsl.edu.ar\/#\/schema\/logo\/image\/","url":"https:\/\/iyp.fica.unsl.edu.ar\/wp-content\/uploads\/2021\/04\/SIyP-v41.png","contentUrl":"https:\/\/iyp.fica.unsl.edu.ar\/wp-content\/uploads\/2021\/04\/SIyP-v41.png","width":4479,"height":1232,"caption":"FICA - Secretar\u00eda de Investigaci\u00f3n y Posgrado"},"image":{"@id":"https:\/\/iyp.fica.unsl.edu.ar\/#\/schema\/logo\/image\/"}}]}},"_links":{"self":[{"href":"https:\/\/iyp.fica.unsl.edu.ar\/index.php\/wp-json\/wp\/v2\/pages\/661","targetHints":{"allow":["GET"]}}],"collection":[{"href":"https:\/\/iyp.fica.unsl.edu.ar\/index.php\/wp-json\/wp\/v2\/pages"}],"about":[{"href":"https:\/\/iyp.fica.unsl.edu.ar\/index.php\/wp-json\/wp\/v2\/types\/page"}],"author":[{"embeddable":true,"href":"https:\/\/iyp.fica.unsl.edu.ar\/index.php\/wp-json\/wp\/v2\/users\/5"}],"replies":[{"embeddable":true,"href":"https:\/\/iyp.fica.unsl.edu.ar\/index.php\/wp-json\/wp\/v2\/comments?post=661"}],"version-history":[{"count":3,"href":"https:\/\/iyp.fica.unsl.edu.ar\/index.php\/wp-json\/wp\/v2\/pages\/661\/revisions"}],"predecessor-version":[{"id":1509,"href":"https:\/\/iyp.fica.unsl.edu.ar\/index.php\/wp-json\/wp\/v2\/pages\/661\/revisions\/1509"}],"up":[{"embeddable":true,"href":"https:\/\/iyp.fica.unsl.edu.ar\/index.php\/wp-json\/wp\/v2\/pages\/366"}],"wp:attachment":[{"href":"https:\/\/iyp.fica.unsl.edu.ar\/index.php\/wp-json\/wp\/v2\/media?parent=661"}],"curies":[{"name":"wp","href":"https:\/\/api.w.org\/{rel}","templated":true}]}}