{"id":513,"date":"2018-09-26T09:53:39","date_gmt":"2018-09-26T12:53:39","guid":{"rendered":"http:\/\/https:\/\/iyp.fica.unsl.edu.ar\/?page_id=513"},"modified":"2025-07-30T10:29:09","modified_gmt":"2025-07-30T13:29:09","slug":"act_investigacion","status":"publish","type":"page","link":"https:\/\/iyp.fica.unsl.edu.ar\/index.php\/investigacion\/act_investigacion\/","title":{"rendered":"Actividades de Investigaci\u00f3n"},"content":{"rendered":"\t\t<div data-elementor-type=\"wp-post\" data-elementor-id=\"513\" class=\"elementor elementor-513\">\n\t\t\t\t\t\t<section class=\"elementor-section elementor-top-section elementor-element elementor-element-9cc elementor-section-full_width elementor-section-height-default elementor-section-height-default\" data-id=\"9cc\" data-element_type=\"section\" data-e-type=\"section\">\n\t\t\t\t\t\t<div class=\"elementor-container elementor-column-gap-default\">\n\t\t\t\t\t<div class=\"elementor-column elementor-col-100 elementor-top-column elementor-element elementor-element-47ff\" data-id=\"47ff\" data-element_type=\"column\" data-e-type=\"column\">\n\t\t\t<div class=\"elementor-widget-wrap elementor-element-populated\">\n\t\t\t\t\t\t<section class=\"elementor-section elementor-inner-section elementor-element elementor-element-22177c0 elementor-section-boxed elementor-section-height-default elementor-section-height-default\" data-id=\"22177c0\" data-element_type=\"section\" data-e-type=\"section\">\n\t\t\t\t\t\t<div class=\"elementor-container elementor-column-gap-default\">\n\t\t\t\t\t<div class=\"elementor-column elementor-col-50 elementor-inner-column elementor-element elementor-element-7915d68\" data-id=\"7915d68\" data-element_type=\"column\" data-e-type=\"column\">\n\t\t\t<div class=\"elementor-widget-wrap elementor-element-populated\">\n\t\t\t\t\t\t<div class=\"elementor-element elementor-element-1b88 elementor-widget elementor-widget-heading\" data-id=\"1b88\" data-element_type=\"widget\" data-e-type=\"widget\" data-widget_type=\"heading.default\">\n\t\t\t\t<div class=\"elementor-widget-container\">\n\t\t\t\t\t<h3 class=\"elementor-heading-title elementor-size-large\">ACTIVIDADES DE INVESTIGACI\u00d3N\n<\/h3>\t\t\t\t<\/div>\n\t\t\t\t<\/div>\n\t\t\t\t\t<\/div>\n\t\t<\/div>\n\t\t\t\t<div class=\"elementor-column elementor-col-50 elementor-inner-column elementor-element elementor-element-a79a23f\" data-id=\"a79a23f\" data-element_type=\"column\" data-e-type=\"column\">\n\t\t\t<div class=\"elementor-widget-wrap elementor-element-populated\">\n\t\t\t\t\t\t<div class=\"elementor-element elementor-element-d101ee7 elementor-align-center elementor-widget elementor-widget-button\" data-id=\"d101ee7\" data-element_type=\"widget\" data-e-type=\"widget\" data-widget_type=\"button.default\">\n\t\t\t\t<div class=\"elementor-widget-container\">\n\t\t\t\t\t\t\t\t\t<div class=\"elementor-button-wrapper\">\n\t\t\t\t\t<a class=\"elementor-button elementor-button-link elementor-size-sm\" href=\"https:\/\/scyt.unsl.edu.ar\/\" target=\"_blank\">\n\t\t\t\t\t\t<span class=\"elementor-button-content-wrapper\">\n\t\t\t\t\t\t\t\t\t<span class=\"elementor-button-text\">Ver Agenda CyT<\/span>\n\t\t\t\t\t<\/span>\n\t\t\t\t\t<\/a>\n\t\t\t\t<\/div>\n\t\t\t\t\t\t\t\t<\/div>\n\t\t\t\t<\/div>\n\t\t\t\t\t<\/div>\n\t\t<\/div>\n\t\t\t\t\t<\/div>\n\t\t<\/section>\n\t\t\t\t<div class=\"elementor-element elementor-element-5921 elementor-widget-divider--view-line elementor-widget elementor-widget-divider\" data-id=\"5921\" data-element_type=\"widget\" data-e-type=\"widget\" data-widget_type=\"divider.default\">\n\t\t\t\t<div class=\"elementor-widget-container\">\n\t\t\t\t\t\t\t<div class=\"elementor-divider\">\n\t\t\t<span class=\"elementor-divider-separator\">\n\t\t\t\t\t\t<\/span>\n\t\t<\/div>\n\t\t\t\t\t\t<\/div>\n\t\t\t\t<\/div>\n\t\t\t\t<section class=\"elementor-section elementor-inner-section elementor-element elementor-element-231e elementor-section-boxed elementor-section-height-default elementor-section-height-default\" data-id=\"231e\" data-element_type=\"section\" data-e-type=\"section\" data-settings=\"{&quot;background_background&quot;:&quot;gradient&quot;}\">\n\t\t\t\t\t\t\t<div class=\"elementor-background-overlay\"><\/div>\n\t\t\t\t\t\t\t<div class=\"elementor-container elementor-column-gap-wider\">\n\t\t\t\t\t<div class=\"elementor-column elementor-col-33 elementor-inner-column elementor-element elementor-element-063c974\" data-id=\"063c974\" data-element_type=\"column\" data-e-type=\"column\">\n\t\t\t<div class=\"elementor-widget-wrap elementor-element-populated\">\n\t\t\t\t\t\t<div class=\"elementor-element elementor-element-3146 elementor-position-left elementor-vertical-align-middle elementor-widget elementor-widget-image-box\" data-id=\"3146\" data-element_type=\"widget\" data-e-type=\"widget\" data-widget_type=\"image-box.default\">\n\t\t\t\t<div class=\"elementor-widget-container\">\n\t\t\t\t\t<div class=\"elementor-image-box-wrapper\"><figure class=\"elementor-image-box-img\"><a href=\"https:\/\/iyp.fica.unsl.edu.ar\/index.php\/investigacion\/act_investigacion\/nuevas-presentaciones\/\" tabindex=\"-1\"><img decoding=\"async\" width=\"128\" height=\"128\" src=\"https:\/\/iyp.fica.unsl.edu.ar\/wp-content\/uploads\/2018\/10\/1470399662_Marketing.png\" class=\"attachment-full size-full wp-image-903\" alt=\"\" \/><\/a><\/figure><div class=\"elementor-image-box-content\"><h3 class=\"elementor-image-box-title\"><a href=\"https:\/\/iyp.fica.unsl.edu.ar\/index.php\/investigacion\/act_investigacion\/nuevas-presentaciones\/\">Nuevas Presentaciones de Proyectos - PI UNSL<\/a><\/h3><p class=\"elementor-image-box-description\">En virtud de la creciente cantidad de proyectos y la consecuente complejizaci\u00f3n del Sistema de CyT de la UNSL,  se unific\u00f3 el Sistema de Proyectos de la UNSL en una \u00fanica categor\u00eda: PI UNSL<\/p><\/div><\/div>\t\t\t\t<\/div>\n\t\t\t\t<\/div>\n\t\t\t\t<div class=\"elementor-element elementor-element-6885340 elementor-position-left elementor-vertical-align-middle elementor-widget elementor-widget-image-box\" data-id=\"6885340\" data-element_type=\"widget\" data-e-type=\"widget\" data-widget_type=\"image-box.default\">\n\t\t\t\t<div class=\"elementor-widget-container\">\n\t\t\t\t\t<div class=\"elementor-image-box-wrapper\"><figure class=\"elementor-image-box-img\"><img decoding=\"async\" width=\"150\" height=\"150\" src=\"https:\/\/iyp.fica.unsl.edu.ar\/wp-content\/uploads\/2019\/03\/reparacion-150x150.png\" class=\"attachment-thumbnail size-thumbnail wp-image-1656\" alt=\"\" srcset=\"https:\/\/iyp.fica.unsl.edu.ar\/wp-content\/uploads\/2019\/03\/reparacion-150x150.png 150w, https:\/\/iyp.fica.unsl.edu.ar\/wp-content\/uploads\/2019\/03\/reparacion.png 300w\" sizes=\"(max-width: 150px) 100vw, 150px\" \/><\/figure><div class=\"elementor-image-box-content\"><h3 class=\"elementor-image-box-title\">Adquisici\u00f3n \/ Reparaci\u00f3n \/ Servicio de Equipamiento<\/h3><\/div><\/div>\t\t\t\t<\/div>\n\t\t\t\t<\/div>\n\t\t\t\t<div class=\"elementor-element elementor-element-7f07 elementor-position-left elementor-vertical-align-middle elementor-widget elementor-widget-image-box\" data-id=\"7f07\" data-element_type=\"widget\" data-e-type=\"widget\" data-widget_type=\"image-box.default\">\n\t\t\t\t<div class=\"elementor-widget-container\">\n\t\t\t\t\t<div class=\"elementor-image-box-wrapper\"><figure class=\"elementor-image-box-img\"><img decoding=\"async\" width=\"128\" height=\"128\" src=\"https:\/\/iyp.fica.unsl.edu.ar\/wp-content\/uploads\/2019\/04\/img-3.png\" class=\"attachment-full size-full wp-image-1789\" alt=\"\" \/><\/figure><div class=\"elementor-image-box-content\"><h3 class=\"elementor-image-box-title\">Becas Movilidad Docente<\/h3><\/div><\/div>\t\t\t\t<\/div>\n\t\t\t\t<\/div>\n\t\t\t\t\t<\/div>\n\t\t<\/div>\n\t\t\t\t<div class=\"elementor-column elementor-col-33 elementor-inner-column elementor-element elementor-element-90bd263\" data-id=\"90bd263\" data-element_type=\"column\" data-e-type=\"column\">\n\t\t\t<div class=\"elementor-widget-wrap\">\n\t\t\t\t\t\t\t<\/div>\n\t\t<\/div>\n\t\t\t\t<div class=\"elementor-column elementor-col-33 elementor-inner-column elementor-element elementor-element-b59\" data-id=\"b59\" data-element_type=\"column\" data-e-type=\"column\">\n\t\t\t<div class=\"elementor-widget-wrap elementor-element-populated\">\n\t\t\t\t\t\t<div class=\"elementor-element elementor-element-bc7debe elementor-position-left elementor-vertical-align-middle elementor-widget elementor-widget-image-box\" data-id=\"bc7debe\" data-element_type=\"widget\" data-e-type=\"widget\" data-widget_type=\"image-box.default\">\n\t\t\t\t<div class=\"elementor-widget-container\">\n\t\t\t\t\t<div class=\"elementor-image-box-wrapper\"><figure class=\"elementor-image-box-img\"><img loading=\"lazy\" decoding=\"async\" width=\"128\" height=\"128\" src=\"https:\/\/iyp.fica.unsl.edu.ar\/wp-content\/uploads\/2018\/10\/1470399656_Branding.png\" class=\"attachment-full size-full wp-image-908\" alt=\"\" \/><\/figure><div class=\"elementor-image-box-content\"><h3 class=\"elementor-image-box-title\">Partes de Avance<\/h3><\/div><\/div>\t\t\t\t<\/div>\n\t\t\t\t<\/div>\n\t\t\t\t<div class=\"elementor-element elementor-element-16eb7aa elementor-position-left elementor-vertical-align-middle elementor-widget elementor-widget-image-box\" data-id=\"16eb7aa\" data-element_type=\"widget\" data-e-type=\"widget\" data-widget_type=\"image-box.default\">\n\t\t\t\t<div class=\"elementor-widget-container\">\n\t\t\t\t\t<div class=\"elementor-image-box-wrapper\"><figure class=\"elementor-image-box-img\"><img loading=\"lazy\" decoding=\"async\" width=\"150\" height=\"123\" src=\"https:\/\/iyp.fica.unsl.edu.ar\/wp-content\/uploads\/2019\/03\/becas_1-1-150x123.png\" class=\"attachment-thumbnail size-thumbnail wp-image-1643\" alt=\"\" \/><\/figure><div class=\"elementor-image-box-content\"><h3 class=\"elementor-image-box-title\">Becas CyT<\/h3><\/div><\/div>\t\t\t\t<\/div>\n\t\t\t\t<\/div>\n\t\t\t\t<div class=\"elementor-element elementor-element-2f006b0 elementor-position-left elementor-vertical-align-middle elementor-widget elementor-widget-image-box\" data-id=\"2f006b0\" data-element_type=\"widget\" data-e-type=\"widget\" data-widget_type=\"image-box.default\">\n\t\t\t\t<div class=\"elementor-widget-container\">\n\t\t\t\t\t<div class=\"elementor-image-box-wrapper\"><figure class=\"elementor-image-box-img\"><a href=\"https:\/\/iyp.fica.unsl.edu.ar\/index.php\/investigacion\/act_investigacion\/pasantias\/\" tabindex=\"-1\"><img loading=\"lazy\" decoding=\"async\" width=\"150\" height=\"126\" src=\"https:\/\/iyp.fica.unsl.edu.ar\/wp-content\/uploads\/2019\/03\/pasantia-150x126.png\" class=\"attachment-thumbnail size-thumbnail wp-image-1706\" alt=\"\" \/><\/a><\/figure><div class=\"elementor-image-box-content\"><h3 class=\"elementor-image-box-title\"><a href=\"https:\/\/iyp.fica.unsl.edu.ar\/index.php\/investigacion\/act_investigacion\/pasantias\/\">Pasant\u00edas<\/a><\/h3><\/div><\/div>\t\t\t\t<\/div>\n\t\t\t\t<\/div>\n\t\t\t\t<div class=\"elementor-element elementor-element-af20f59 elementor-position-left elementor-vertical-align-middle elementor-widget elementor-widget-image-box\" data-id=\"af20f59\" data-element_type=\"widget\" data-e-type=\"widget\" data-widget_type=\"image-box.default\">\n\t\t\t\t<div class=\"elementor-widget-container\">\n\t\t\t\t\t<div class=\"elementor-image-box-wrapper\"><figure class=\"elementor-image-box-img\"><img loading=\"lazy\" decoding=\"async\" width=\"128\" height=\"128\" src=\"https:\/\/iyp.fica.unsl.edu.ar\/wp-content\/uploads\/2018\/10\/1470399667_Newsletter.png\" class=\"attachment-full size-full wp-image-907\" alt=\"\" \/><\/figure><div class=\"elementor-image-box-content\"><h3 class=\"elementor-image-box-title\">Solicitud de Incentivos<\/h3><\/div><\/div>\t\t\t\t<\/div>\n\t\t\t\t<\/div>\n\t\t\t\t\t<\/div>\n\t\t<\/div>\n\t\t\t\t\t<\/div>\n\t\t<\/section>\n\t\t\t\t\t<\/div>\n\t\t<\/div>\n\t\t\t\t\t<\/div>\n\t\t<\/section>\n\t\t\t\t<section class=\"elementor-section elementor-top-section elementor-element elementor-element-a52f719 elementor-section-boxed elementor-section-height-default elementor-section-height-default\" data-id=\"a52f719\" data-element_type=\"section\" data-e-type=\"section\">\n\t\t\t\t\t\t<div class=\"elementor-container elementor-column-gap-default\">\n\t\t\t\t\t<div class=\"elementor-column elementor-col-100 elementor-top-column elementor-element elementor-element-5b3ad25\" data-id=\"5b3ad25\" data-element_type=\"column\" data-e-type=\"column\">\n\t\t\t<div class=\"elementor-widget-wrap\">\n\t\t\t\t\t\t\t<\/div>\n\t\t<\/div>\n\t\t\t\t\t<\/div>\n\t\t<\/section>\n\t\t\t\t<\/div>\n\t\t","protected":false},"excerpt":{"rendered":"<p>ACTIVIDADES DE INVESTIGACI\u00d3N Ver Agenda CyT Nuevas Presentaciones de Proyectos &#8211; PI UNSL En virtud de la creciente cantidad de proyectos y la consecuente complejizaci\u00f3n&hellip;<\/p>\n","protected":false},"author":5,"featured_media":0,"parent":806,"menu_order":0,"comment_status":"closed","ping_status":"closed","template":"","meta":{"_monsterinsights_skip_tracking":false,"_monsterinsights_sitenote_active":false,"_monsterinsights_sitenote_note":"","_monsterinsights_sitenote_category":0,"_uf_show_specific_survey":0,"_uf_disable_surveys":false,"footnotes":""},"class_list":["post-513","page","type-page","status-publish","hentry"],"yoast_head":"<!-- This site is optimized with the Yoast SEO plugin v26.9 - https:\/\/yoast.com\/product\/yoast-seo-wordpress\/ -->\n<title>Actividades de Investigaci\u00f3n - Secretar\u00eda de Investigaci\u00f3n y Posgrado<\/title>\n<meta name=\"robots\" content=\"index, follow, max-snippet:-1, max-image-preview:large, max-video-preview:-1\" \/>\n<link rel=\"canonical\" href=\"https:\/\/iyp.fica.unsl.edu.ar\/index.php\/investigacion\/act_investigacion\/\" \/>\n<meta property=\"og:locale\" content=\"es_ES\" \/>\n<meta property=\"og:type\" content=\"article\" \/>\n<meta property=\"og:title\" content=\"Actividades de Investigaci\u00f3n - Secretar\u00eda de Investigaci\u00f3n y Posgrado\" \/>\n<meta property=\"og:description\" content=\"ACTIVIDADES DE INVESTIGACI\u00d3N Ver Agenda CyT Nuevas Presentaciones de Proyectos &#8211; PI UNSL En virtud de la creciente cantidad de proyectos y la consecuente complejizaci\u00f3n&hellip;\" \/>\n<meta property=\"og:url\" content=\"https:\/\/iyp.fica.unsl.edu.ar\/index.php\/investigacion\/act_investigacion\/\" \/>\n<meta property=\"og:site_name\" content=\"Secretar\u00eda de Investigaci\u00f3n y Posgrado\" \/>\n<meta property=\"article:modified_time\" content=\"2025-07-30T13:29:09+00:00\" \/>\n<meta property=\"og:image\" content=\"https:\/\/iyp.fica.unsl.edu.ar\/wp-content\/uploads\/2018\/10\/1470399662_Marketing.png\" \/>\n<meta name=\"twitter:card\" content=\"summary_large_image\" \/>\n<meta name=\"twitter:label1\" content=\"Tiempo de lectura\" \/>\n\t<meta name=\"twitter:data1\" content=\"2 minutos\" \/>\n<script type=\"application\/ld+json\" class=\"yoast-schema-graph\">{\"@context\":\"https:\/\/schema.org\",\"@graph\":[{\"@type\":\"WebPage\",\"@id\":\"https:\/\/iyp.fica.unsl.edu.ar\/index.php\/investigacion\/act_investigacion\/\",\"url\":\"https:\/\/iyp.fica.unsl.edu.ar\/index.php\/investigacion\/act_investigacion\/\",\"name\":\"Actividades de Investigaci\u00f3n - Secretar\u00eda de Investigaci\u00f3n y Posgrado\",\"isPartOf\":{\"@id\":\"https:\/\/iyp.fica.unsl.edu.ar\/#website\"},\"primaryImageOfPage\":{\"@id\":\"https:\/\/iyp.fica.unsl.edu.ar\/index.php\/investigacion\/act_investigacion\/#primaryimage\"},\"image\":{\"@id\":\"https:\/\/iyp.fica.unsl.edu.ar\/index.php\/investigacion\/act_investigacion\/#primaryimage\"},\"thumbnailUrl\":\"https:\/\/iyp.fica.unsl.edu.ar\/wp-content\/uploads\/2018\/10\/1470399662_Marketing.png\",\"datePublished\":\"2018-09-26T12:53:39+00:00\",\"dateModified\":\"2025-07-30T13:29:09+00:00\",\"breadcrumb\":{\"@id\":\"https:\/\/iyp.fica.unsl.edu.ar\/index.php\/investigacion\/act_investigacion\/#breadcrumb\"},\"inLanguage\":\"es-AR\",\"potentialAction\":[{\"@type\":\"ReadAction\",\"target\":[\"https:\/\/iyp.fica.unsl.edu.ar\/index.php\/investigacion\/act_investigacion\/\"]}]},{\"@type\":\"ImageObject\",\"inLanguage\":\"es-AR\",\"@id\":\"https:\/\/iyp.fica.unsl.edu.ar\/index.php\/investigacion\/act_investigacion\/#primaryimage\",\"url\":\"https:\/\/iyp.fica.unsl.edu.ar\/wp-content\/uploads\/2018\/10\/1470399662_Marketing.png\",\"contentUrl\":\"https:\/\/iyp.fica.unsl.edu.ar\/wp-content\/uploads\/2018\/10\/1470399662_Marketing.png\",\"width\":128,\"height\":128},{\"@type\":\"BreadcrumbList\",\"@id\":\"https:\/\/iyp.fica.unsl.edu.ar\/index.php\/investigacion\/act_investigacion\/#breadcrumb\",\"itemListElement\":[{\"@type\":\"ListItem\",\"position\":1,\"name\":\"Home\",\"item\":\"https:\/\/iyp.fica.unsl.edu.ar\/\"},{\"@type\":\"ListItem\",\"position\":2,\"name\":\"Investigaci\u00f3n\",\"item\":\"https:\/\/iyp.fica.unsl.edu.ar\/index.php\/investigacion\/\"},{\"@type\":\"ListItem\",\"position\":3,\"name\":\"Actividades de Investigaci\u00f3n\"}]},{\"@type\":\"WebSite\",\"@id\":\"https:\/\/iyp.fica.unsl.edu.ar\/#website\",\"url\":\"https:\/\/iyp.fica.unsl.edu.ar\/\",\"name\":\"Secretar\u00eda de Investigaci\u00f3n y Posgrado\",\"description\":\"FICA - UNSL\",\"publisher\":{\"@id\":\"https:\/\/iyp.fica.unsl.edu.ar\/#organization\"},\"potentialAction\":[{\"@type\":\"SearchAction\",\"target\":{\"@type\":\"EntryPoint\",\"urlTemplate\":\"https:\/\/iyp.fica.unsl.edu.ar\/?s={search_term_string}\"},\"query-input\":{\"@type\":\"PropertyValueSpecification\",\"valueRequired\":true,\"valueName\":\"search_term_string\"}}],\"inLanguage\":\"es-AR\"},{\"@type\":\"Organization\",\"@id\":\"https:\/\/iyp.fica.unsl.edu.ar\/#organization\",\"name\":\"FICA - Secretar\u00eda de Investigaci\u00f3n y Posgrado\",\"url\":\"https:\/\/iyp.fica.unsl.edu.ar\/\",\"logo\":{\"@type\":\"ImageObject\",\"inLanguage\":\"es-AR\",\"@id\":\"https:\/\/iyp.fica.unsl.edu.ar\/#\/schema\/logo\/image\/\",\"url\":\"https:\/\/iyp.fica.unsl.edu.ar\/wp-content\/uploads\/2021\/04\/SIyP-v41.png\",\"contentUrl\":\"https:\/\/iyp.fica.unsl.edu.ar\/wp-content\/uploads\/2021\/04\/SIyP-v41.png\",\"width\":4479,\"height\":1232,\"caption\":\"FICA - Secretar\u00eda de Investigaci\u00f3n y Posgrado\"},\"image\":{\"@id\":\"https:\/\/iyp.fica.unsl.edu.ar\/#\/schema\/logo\/image\/\"}}]}<\/script>\n<!-- \/ Yoast SEO plugin. -->","yoast_head_json":{"title":"Actividades de Investigaci\u00f3n - Secretar\u00eda de Investigaci\u00f3n y Posgrado","robots":{"index":"index","follow":"follow","max-snippet":"max-snippet:-1","max-image-preview":"max-image-preview:large","max-video-preview":"max-video-preview:-1"},"canonical":"https:\/\/iyp.fica.unsl.edu.ar\/index.php\/investigacion\/act_investigacion\/","og_locale":"es_ES","og_type":"article","og_title":"Actividades de Investigaci\u00f3n - Secretar\u00eda de Investigaci\u00f3n y Posgrado","og_description":"ACTIVIDADES DE INVESTIGACI\u00d3N Ver Agenda CyT Nuevas Presentaciones de Proyectos &#8211; PI UNSL En virtud de la creciente cantidad de proyectos y la consecuente complejizaci\u00f3n&hellip;","og_url":"https:\/\/iyp.fica.unsl.edu.ar\/index.php\/investigacion\/act_investigacion\/","og_site_name":"Secretar\u00eda de Investigaci\u00f3n y Posgrado","article_modified_time":"2025-07-30T13:29:09+00:00","og_image":[{"url":"https:\/\/iyp.fica.unsl.edu.ar\/wp-content\/uploads\/2018\/10\/1470399662_Marketing.png","type":"","width":"","height":""}],"twitter_card":"summary_large_image","twitter_misc":{"Tiempo de lectura":"2 minutos"},"schema":{"@context":"https:\/\/schema.org","@graph":[{"@type":"WebPage","@id":"https:\/\/iyp.fica.unsl.edu.ar\/index.php\/investigacion\/act_investigacion\/","url":"https:\/\/iyp.fica.unsl.edu.ar\/index.php\/investigacion\/act_investigacion\/","name":"Actividades de Investigaci\u00f3n - Secretar\u00eda de Investigaci\u00f3n y Posgrado","isPartOf":{"@id":"https:\/\/iyp.fica.unsl.edu.ar\/#website"},"primaryImageOfPage":{"@id":"https:\/\/iyp.fica.unsl.edu.ar\/index.php\/investigacion\/act_investigacion\/#primaryimage"},"image":{"@id":"https:\/\/iyp.fica.unsl.edu.ar\/index.php\/investigacion\/act_investigacion\/#primaryimage"},"thumbnailUrl":"https:\/\/iyp.fica.unsl.edu.ar\/wp-content\/uploads\/2018\/10\/1470399662_Marketing.png","datePublished":"2018-09-26T12:53:39+00:00","dateModified":"2025-07-30T13:29:09+00:00","breadcrumb":{"@id":"https:\/\/iyp.fica.unsl.edu.ar\/index.php\/investigacion\/act_investigacion\/#breadcrumb"},"inLanguage":"es-AR","potentialAction":[{"@type":"ReadAction","target":["https:\/\/iyp.fica.unsl.edu.ar\/index.php\/investigacion\/act_investigacion\/"]}]},{"@type":"ImageObject","inLanguage":"es-AR","@id":"https:\/\/iyp.fica.unsl.edu.ar\/index.php\/investigacion\/act_investigacion\/#primaryimage","url":"https:\/\/iyp.fica.unsl.edu.ar\/wp-content\/uploads\/2018\/10\/1470399662_Marketing.png","contentUrl":"https:\/\/iyp.fica.unsl.edu.ar\/wp-content\/uploads\/2018\/10\/1470399662_Marketing.png","width":128,"height":128},{"@type":"BreadcrumbList","@id":"https:\/\/iyp.fica.unsl.edu.ar\/index.php\/investigacion\/act_investigacion\/#breadcrumb","itemListElement":[{"@type":"ListItem","position":1,"name":"Home","item":"https:\/\/iyp.fica.unsl.edu.ar\/"},{"@type":"ListItem","position":2,"name":"Investigaci\u00f3n","item":"https:\/\/iyp.fica.unsl.edu.ar\/index.php\/investigacion\/"},{"@type":"ListItem","position":3,"name":"Actividades de Investigaci\u00f3n"}]},{"@type":"WebSite","@id":"https:\/\/iyp.fica.unsl.edu.ar\/#website","url":"https:\/\/iyp.fica.unsl.edu.ar\/","name":"Secretar\u00eda de Investigaci\u00f3n y Posgrado","description":"FICA - UNSL","publisher":{"@id":"https:\/\/iyp.fica.unsl.edu.ar\/#organization"},"potentialAction":[{"@type":"SearchAction","target":{"@type":"EntryPoint","urlTemplate":"https:\/\/iyp.fica.unsl.edu.ar\/?s={search_term_string}"},"query-input":{"@type":"PropertyValueSpecification","valueRequired":true,"valueName":"search_term_string"}}],"inLanguage":"es-AR"},{"@type":"Organization","@id":"https:\/\/iyp.fica.unsl.edu.ar\/#organization","name":"FICA - Secretar\u00eda de Investigaci\u00f3n y Posgrado","url":"https:\/\/iyp.fica.unsl.edu.ar\/","logo":{"@type":"ImageObject","inLanguage":"es-AR","@id":"https:\/\/iyp.fica.unsl.edu.ar\/#\/schema\/logo\/image\/","url":"https:\/\/iyp.fica.unsl.edu.ar\/wp-content\/uploads\/2021\/04\/SIyP-v41.png","contentUrl":"https:\/\/iyp.fica.unsl.edu.ar\/wp-content\/uploads\/2021\/04\/SIyP-v41.png","width":4479,"height":1232,"caption":"FICA - Secretar\u00eda de Investigaci\u00f3n y Posgrado"},"image":{"@id":"https:\/\/iyp.fica.unsl.edu.ar\/#\/schema\/logo\/image\/"}}]}},"_links":{"self":[{"href":"https:\/\/iyp.fica.unsl.edu.ar\/index.php\/wp-json\/wp\/v2\/pages\/513","targetHints":{"allow":["GET"]}}],"collection":[{"href":"https:\/\/iyp.fica.unsl.edu.ar\/index.php\/wp-json\/wp\/v2\/pages"}],"about":[{"href":"https:\/\/iyp.fica.unsl.edu.ar\/index.php\/wp-json\/wp\/v2\/types\/page"}],"author":[{"embeddable":true,"href":"https:\/\/iyp.fica.unsl.edu.ar\/index.php\/wp-json\/wp\/v2\/users\/5"}],"replies":[{"embeddable":true,"href":"https:\/\/iyp.fica.unsl.edu.ar\/index.php\/wp-json\/wp\/v2\/comments?post=513"}],"version-history":[{"count":84,"href":"https:\/\/iyp.fica.unsl.edu.ar\/index.php\/wp-json\/wp\/v2\/pages\/513\/revisions"}],"predecessor-version":[{"id":5719,"href":"https:\/\/iyp.fica.unsl.edu.ar\/index.php\/wp-json\/wp\/v2\/pages\/513\/revisions\/5719"}],"up":[{"embeddable":true,"href":"https:\/\/iyp.fica.unsl.edu.ar\/index.php\/wp-json\/wp\/v2\/pages\/806"}],"wp:attachment":[{"href":"https:\/\/iyp.fica.unsl.edu.ar\/index.php\/wp-json\/wp\/v2\/media?parent=513"}],"curies":[{"name":"wp","href":"https:\/\/api.w.org\/{rel}","templated":true}]}}