{"id":4723,"date":"2023-09-25T11:08:05","date_gmt":"2023-09-25T14:08:05","guid":{"rendered":"http:\/\/https:\/\/iyp.fica.unsl.edu.ar\/?page_id=4723"},"modified":"2026-04-09T08:13:28","modified_gmt":"2026-04-09T11:13:28","slug":"solicitud-de-diploma-posgrado-unsl","status":"publish","type":"page","link":"https:\/\/iyp.fica.unsl.edu.ar\/index.php\/solicitud-de-diploma-posgrado-unsl\/","title":{"rendered":"SOLICITUD DE DIPLOMA &#8211; Posgrado UNSL"},"content":{"rendered":"\t\t<div data-elementor-type=\"wp-page\" data-elementor-id=\"4723\" class=\"elementor elementor-4723\">\n\t\t\t\t\t\t<section class=\"elementor-section elementor-top-section elementor-element elementor-element-4fb63d46 elementor-section-boxed elementor-section-height-default elementor-section-height-default\" data-id=\"4fb63d46\" data-element_type=\"section\" data-e-type=\"section\">\n\t\t\t\t\t\t<div class=\"elementor-container elementor-column-gap-default\">\n\t\t\t\t\t<div class=\"elementor-column elementor-col-100 elementor-top-column elementor-element elementor-element-3d2c1a09\" data-id=\"3d2c1a09\" data-element_type=\"column\" data-e-type=\"column\">\n\t\t\t<div class=\"elementor-widget-wrap elementor-element-populated\">\n\t\t\t\t\t\t<section class=\"elementor-section elementor-inner-section elementor-element elementor-element-a97e570 elementor-section-full_width elementor-section-height-default elementor-section-height-default\" data-id=\"a97e570\" data-element_type=\"section\" data-e-type=\"section\">\n\t\t\t\t\t\t<div class=\"elementor-container elementor-column-gap-no\">\n\t\t\t\t\t<div class=\"elementor-column elementor-col-50 elementor-inner-column elementor-element elementor-element-4d7b8e1\" data-id=\"4d7b8e1\" data-element_type=\"column\" data-e-type=\"column\">\n\t\t\t<div class=\"elementor-widget-wrap elementor-element-populated\">\n\t\t\t\t\t\t<div class=\"elementor-element elementor-element-8e7accd elementor-widget elementor-widget-text-editor\" data-id=\"8e7accd\" data-element_type=\"widget\" data-e-type=\"widget\" data-widget_type=\"text-editor.default\">\n\t\t\t\t<div class=\"elementor-widget-container\">\n\t\t\t\t\t\t\t\t\t<p style=\"text-align: center;\">Solicitud de DIPLOMA y<br \/>Certificado Anal\u00edtico de Estudios Completos de Posgrado<br \/><br \/><\/p>\t\t\t\t\t\t\t\t<\/div>\n\t\t\t\t<\/div>\n\t\t\t\t\t<\/div>\n\t\t<\/div>\n\t\t\t\t<div class=\"elementor-column elementor-col-50 elementor-inner-column elementor-element elementor-element-6132b90\" data-id=\"6132b90\" data-element_type=\"column\" data-e-type=\"column\">\n\t\t\t<div class=\"elementor-widget-wrap elementor-element-populated\">\n\t\t\t\t\t\t<div class=\"elementor-element elementor-element-bd112b4 elementor-view-default elementor-widget elementor-widget-icon\" data-id=\"bd112b4\" data-element_type=\"widget\" data-e-type=\"widget\" data-widget_type=\"icon.default\">\n\t\t\t\t<div class=\"elementor-widget-container\">\n\t\t\t\t\t\t\t<div class=\"elementor-icon-wrapper\">\n\t\t\t<div class=\"elementor-icon\">\n\t\t\t<i aria-hidden=\"true\" class=\"fas fa-user-graduate\"><\/i>\t\t\t<\/div>\n\t\t<\/div>\n\t\t\t\t\t\t<\/div>\n\t\t\t\t<\/div>\n\t\t\t\t\t<\/div>\n\t\t<\/div>\n\t\t\t\t\t<\/div>\n\t\t<\/section>\n\t\t\t\t<div class=\"elementor-element elementor-element-a0cdaf7 elementor-widget elementor-widget-text-editor\" data-id=\"a0cdaf7\" data-element_type=\"widget\" data-e-type=\"widget\" data-widget_type=\"text-editor.default\">\n\t\t\t\t<div class=\"elementor-widget-container\">\n\t\t\t\t\t\t\t\t\t<p>\u00a0<\/p>\n<p><span style=\"color: #333333; font-family: var( --e-global-typography-text-font-family ), Sans-serif; font-weight: var( --e-global-typography-text-font-weight );\">ESTIMADA\/O EGRESADA\/O:<\/span><\/p>\n<p><mark><strong><mark>El tr\u00e1mite de solicitud de<\/mark><mark> <\/mark><mark>Diploma es<\/mark><mark> digital<\/mark>.<\/strong>\u00a0 (<\/mark><span style=\"color: #333333;\">Procedimiento Reglamentado por <span style=\"color: #000000;\"><a style=\"color: #000000;\" href=\"https:\/\/drive.google.com\/file\/d\/1cGmDU4YavP-qcefxkXATTdaDC3rb1Co-\/view?usp=sharing\">OCS 55\/16<\/a>,<\/span><\/span><span style=\"color: #000000;\">\u00a0<a style=\"color: #000000;\" href=\"https:\/\/drive.google.com\/file\/d\/12-tXPMjYRYGb7NI1h672foY6zlB3Azym\/view?usp=sharing\" target=\"_blank\" rel=\"noreferrer noopener\">OR 8\/19<\/a>, <a style=\"color: #000000;\" href=\"https:\/\/drive.google.com\/file\/d\/1DT6IEv05RYuGOf9sPRkl1M0t30jp9jYV\/view\" target=\"_blank\" rel=\"noreferrer noopener\">RR 526\/23<\/a> y <a style=\"color: #000000;\" href=\"http:\/\/www.secgral.unsl.edu.ar\/wp-content\/uploads\/docs\/expedienteelectronico\/OCS%2065-21.pdf\" target=\"_blank\" rel=\"noreferrer noopener\">OCS 65\/21)<\/a><\/span><\/p>\n<p><!-- \/wp:paragraph --><\/p>\n<p><!-- \/wp:quote --><!-- wp:paragraph --><\/p>\n<p><span style=\"color: #db3789;\">Para solicitar el diploma y certificado anal\u00edtico definitivo debes iniciar el tr\u00e1mite por <strong>Mesa de Entradas<\/strong> de la Facultad, por medio de su correo electr\u00f3nico: <strong>mesadeentrada.fica.unsl@gmail.com<\/strong>, adjuntando la documentaci\u00f3n requerida. Luego se pondr\u00e1n en contacto contigo para la fecha de entrega.<\/span><\/p>\n<p><!-- \/wp:paragraph --><!-- wp:paragraph {\"align\":\"center\",\"backgroundColor\":\"pale-cyan-blue\",\"textColor\":\"black\"} --><\/p>\n<p><!-- \/wp:paragraph --><!-- wp:paragraph {\"align\":\"center\",\"textColor\":\"black\",\"fontSize\":\"medium\"} --><\/p>\n<p style=\"text-align: center;\"><span style=\"text-decoration: underline;\"><span style=\"color: #3366ff; text-decoration: underline;\"><strong>REQUISITOS<\/strong>\u00a0que se deben enviar en <strong>un \u00fanico formato PDF<\/strong><\/span><\/span><\/p>\n<p><!-- \/wp:paragraph --><!-- wp:paragraph {\"textColor\":\"black\"} --><\/p>\n<p><span style=\"color: #333333;\"><strong>&#8211; Solicitud de Diploma y certificado anal\u00edtico<\/strong>.\u00a0(Llenar el <span style=\"color: #db3789;\"><a style=\"color: #db3789;\" href=\"https:\/\/posgrado.unsl.edu.ar\/wp-content\/uploads\/Formulario-DIPLOMA%20Y%20CERTIF.pdf\" target=\"_blank\" rel=\"noreferrer noopener\">formulario<\/a><\/span> y firmar en azul).<br \/><\/span><span style=\"color: #333333;\"><strong>&#8211;<\/strong> <strong>Escaneo DNI color<\/strong> (anverso y reverso del documento tarjeta) actualizado.<br \/><\/span><span style=\"color: #333333;\"><strong>&#8211;<\/strong> <strong>Libre deuda de Biblioteca<\/strong> \u2013 (Se entrega en el d\u00eda y tiene una validez de 10 d\u00edas- Se solicita al mail: <strong>bibliotecafcejsfica@gmail.com<\/strong>)<br \/><\/span><span style=\"color: #333333;\"><strong>&#8211;<\/strong> <strong>Libre deuda de arancel carrera de posgrado<\/strong> (Solicitar a la Coordinaci\u00f3n de la carrera)<strong>.<br \/><\/strong><\/span><span style=\"color: #333333;\"><strong>&#8211;<\/strong> <strong>Copia de la resoluci\u00f3n de homologaci\u00f3n de t\u00edtulo.<\/strong>\u00a0<br \/><\/span><span style=\"color: #333333;\">&#8211; <strong>Comprobante de Pago del Arancel<\/strong> &#8211; <span style=\"color: #000000;\">tiene validez por 30 d\u00edas -RR 525\/2023<\/span>&#8211; <\/span><span style=\"color: #333333;\">($19.500 de abril a agosto 2026 inclusive).<br \/><\/span><strong><span style=\"color: #333333;\">&#8211; <a style=\"color: #333333;\" href=\"https:\/\/iyp.fica.unsl.edu.ar\/wp-content\/uploads\/2024\/04\/comprobante-de-notificacion-y-seguimienot-de-tramite.pdf\">Comprobante de <span style=\"color: #eb1768;\">notificaci\u00f3n<\/span> y conformidad de <span style=\"color: #eb1768;\"><span style=\"color: #333333;\">tr\u00e1mite.<\/span><\/span><\/a><\/span><\/strong><\/p>\n<p><span style=\"color: #333333;\"><!-- \/wp:paragraph --><!-- wp:paragraph {\"textColor\":\"black\"} --><\/span><\/p>\n<p><span style=\"color: #333333;\"><!-- \/wp:paragraph --><!-- wp:paragraph {\"textColor\":\"black\"} --><\/span><\/p>\n<p><span style=\"color: #333333;\"><!-- \/wp:paragraph --><!-- wp:paragraph {\"textColor\":\"black\"} --><\/span><\/p>\n<p><span style=\"color: #333333;\"><!-- \/wp:paragraph --><!-- wp:paragraph {\"textColor\":\"black\"} --><\/span><\/p>\n<p><span style=\"color: #333333;\"><!-- \/wp:paragraph --><!-- wp:paragraph {\"textColor\":\"black\"} --><\/span><\/p>\n<p><span style=\"color: #333333;\"><!-- \/wp:paragraph --><!-- wp:paragraph {\"textColor\":\"black\"} --><\/span><\/p>\n<p style=\"text-align: center;\"><span style=\"color: #3366ff;\"><strong>Datos de la Cuenta Corriente UNSL<\/strong>:<\/span><\/p>\n<p style=\"text-align: center;\"><span style=\"color: #3366ff;\"><!-- \/wp:paragraph --><!-- wp:heading {\"textAlign\":\"center\",\"level\":4} --><\/span><\/p>\n<p id=\"block-4a15a19e-c2c3-4937-9365-d3598d068c57\" style=\"text-align: center;\"><span style=\"color: #3366ff;\"><strong>Banco de la Naci\u00f3n Argentina<\/strong>\u00a0<\/span><br \/><span style=\"color: #3366ff;\">N\u00ba Cuenta: <strong>324 047 820 033 67<\/strong><\/span><br \/><span style=\"color: #3366ff;\">CBU: <strong>011 047 872 004 782 003 36 78<\/strong><\/span><br \/><span style=\"color: #3366ff;\">ALIAS: <strong>OESTE.PATIN.PALOMA<\/strong><\/span><\/p>\n<p><!-- \/wp:heading --><\/p>\n<p><!-- \/wp:group --><\/p>\n<p><!-- \/wp:group --><\/p>\t\t\t\t\t\t\t\t<\/div>\n\t\t\t\t<\/div>\n\t\t\t\t\t<\/div>\n\t\t<\/div>\n\t\t\t\t\t<\/div>\n\t\t<\/section>\n\t\t\t\t<\/div>\n\t\t","protected":false},"excerpt":{"rendered":"<p>Solicitud de DIPLOMA yCertificado Anal\u00edtico de Estudios Completos de Posgrado \u00a0 ESTIMADA\/O EGRESADA\/O: El tr\u00e1mite de solicitud de Diploma es digital.\u00a0 (Procedimiento Reglamentado por OCS&hellip;<\/p>\n","protected":false},"author":5,"featured_media":0,"parent":0,"menu_order":0,"comment_status":"closed","ping_status":"closed","template":"","meta":{"_monsterinsights_skip_tracking":false,"_monsterinsights_sitenote_active":false,"_monsterinsights_sitenote_note":"","_monsterinsights_sitenote_category":0,"_uf_show_specific_survey":0,"_uf_disable_surveys":false,"footnotes":""},"class_list":["post-4723","page","type-page","status-publish","hentry"],"yoast_head":"<!-- This site is optimized with the Yoast SEO plugin v26.9 - https:\/\/yoast.com\/product\/yoast-seo-wordpress\/ -->\n<title>SOLICITUD DE DIPLOMA - Posgrado UNSL - Secretar\u00eda de Investigaci\u00f3n y Posgrado<\/title>\n<meta name=\"robots\" content=\"index, follow, max-snippet:-1, max-image-preview:large, max-video-preview:-1\" \/>\n<link rel=\"canonical\" href=\"https:\/\/iyp.fica.unsl.edu.ar\/index.php\/solicitud-de-diploma-posgrado-unsl\/\" \/>\n<meta property=\"og:locale\" content=\"es_ES\" \/>\n<meta property=\"og:type\" content=\"article\" \/>\n<meta property=\"og:title\" content=\"SOLICITUD DE DIPLOMA - Posgrado UNSL - Secretar\u00eda de Investigaci\u00f3n y Posgrado\" \/>\n<meta property=\"og:description\" content=\"Solicitud de DIPLOMA yCertificado Anal\u00edtico de Estudios Completos de Posgrado \u00a0 ESTIMADA\/O EGRESADA\/O: El tr\u00e1mite de solicitud de Diploma es digital.\u00a0 (Procedimiento Reglamentado por OCS&hellip;\" \/>\n<meta property=\"og:url\" content=\"https:\/\/iyp.fica.unsl.edu.ar\/index.php\/solicitud-de-diploma-posgrado-unsl\/\" \/>\n<meta property=\"og:site_name\" content=\"Secretar\u00eda de Investigaci\u00f3n y Posgrado\" \/>\n<meta property=\"article:modified_time\" content=\"2026-04-09T11:13:28+00:00\" \/>\n<meta name=\"twitter:card\" content=\"summary_large_image\" \/>\n<meta name=\"twitter:label1\" content=\"Tiempo de lectura\" \/>\n\t<meta name=\"twitter:data1\" content=\"1 minuto\" \/>\n<script type=\"application\/ld+json\" class=\"yoast-schema-graph\">{\"@context\":\"https:\/\/schema.org\",\"@graph\":[{\"@type\":\"WebPage\",\"@id\":\"https:\/\/iyp.fica.unsl.edu.ar\/index.php\/solicitud-de-diploma-posgrado-unsl\/\",\"url\":\"https:\/\/iyp.fica.unsl.edu.ar\/index.php\/solicitud-de-diploma-posgrado-unsl\/\",\"name\":\"SOLICITUD DE DIPLOMA - Posgrado UNSL - Secretar\u00eda de Investigaci\u00f3n y Posgrado\",\"isPartOf\":{\"@id\":\"https:\/\/iyp.fica.unsl.edu.ar\/#website\"},\"datePublished\":\"2023-09-25T14:08:05+00:00\",\"dateModified\":\"2026-04-09T11:13:28+00:00\",\"breadcrumb\":{\"@id\":\"https:\/\/iyp.fica.unsl.edu.ar\/index.php\/solicitud-de-diploma-posgrado-unsl\/#breadcrumb\"},\"inLanguage\":\"es-AR\",\"potentialAction\":[{\"@type\":\"ReadAction\",\"target\":[\"https:\/\/iyp.fica.unsl.edu.ar\/index.php\/solicitud-de-diploma-posgrado-unsl\/\"]}]},{\"@type\":\"BreadcrumbList\",\"@id\":\"https:\/\/iyp.fica.unsl.edu.ar\/index.php\/solicitud-de-diploma-posgrado-unsl\/#breadcrumb\",\"itemListElement\":[{\"@type\":\"ListItem\",\"position\":1,\"name\":\"Home\",\"item\":\"https:\/\/iyp.fica.unsl.edu.ar\/\"},{\"@type\":\"ListItem\",\"position\":2,\"name\":\"SOLICITUD DE DIPLOMA &#8211; Posgrado UNSL\"}]},{\"@type\":\"WebSite\",\"@id\":\"https:\/\/iyp.fica.unsl.edu.ar\/#website\",\"url\":\"https:\/\/iyp.fica.unsl.edu.ar\/\",\"name\":\"Secretar\u00eda de Investigaci\u00f3n y Posgrado\",\"description\":\"FICA - UNSL\",\"publisher\":{\"@id\":\"https:\/\/iyp.fica.unsl.edu.ar\/#organization\"},\"potentialAction\":[{\"@type\":\"SearchAction\",\"target\":{\"@type\":\"EntryPoint\",\"urlTemplate\":\"https:\/\/iyp.fica.unsl.edu.ar\/?s={search_term_string}\"},\"query-input\":{\"@type\":\"PropertyValueSpecification\",\"valueRequired\":true,\"valueName\":\"search_term_string\"}}],\"inLanguage\":\"es-AR\"},{\"@type\":\"Organization\",\"@id\":\"https:\/\/iyp.fica.unsl.edu.ar\/#organization\",\"name\":\"FICA - Secretar\u00eda de Investigaci\u00f3n y Posgrado\",\"url\":\"https:\/\/iyp.fica.unsl.edu.ar\/\",\"logo\":{\"@type\":\"ImageObject\",\"inLanguage\":\"es-AR\",\"@id\":\"https:\/\/iyp.fica.unsl.edu.ar\/#\/schema\/logo\/image\/\",\"url\":\"https:\/\/iyp.fica.unsl.edu.ar\/wp-content\/uploads\/2021\/04\/SIyP-v41.png\",\"contentUrl\":\"https:\/\/iyp.fica.unsl.edu.ar\/wp-content\/uploads\/2021\/04\/SIyP-v41.png\",\"width\":4479,\"height\":1232,\"caption\":\"FICA - Secretar\u00eda de Investigaci\u00f3n y Posgrado\"},\"image\":{\"@id\":\"https:\/\/iyp.fica.unsl.edu.ar\/#\/schema\/logo\/image\/\"}}]}<\/script>\n<!-- \/ Yoast SEO plugin. -->","yoast_head_json":{"title":"SOLICITUD DE DIPLOMA - Posgrado UNSL - Secretar\u00eda de Investigaci\u00f3n y Posgrado","robots":{"index":"index","follow":"follow","max-snippet":"max-snippet:-1","max-image-preview":"max-image-preview:large","max-video-preview":"max-video-preview:-1"},"canonical":"https:\/\/iyp.fica.unsl.edu.ar\/index.php\/solicitud-de-diploma-posgrado-unsl\/","og_locale":"es_ES","og_type":"article","og_title":"SOLICITUD DE DIPLOMA - Posgrado UNSL - Secretar\u00eda de Investigaci\u00f3n y Posgrado","og_description":"Solicitud de DIPLOMA yCertificado Anal\u00edtico de Estudios Completos de Posgrado \u00a0 ESTIMADA\/O EGRESADA\/O: El tr\u00e1mite de solicitud de Diploma es digital.\u00a0 (Procedimiento Reglamentado por OCS&hellip;","og_url":"https:\/\/iyp.fica.unsl.edu.ar\/index.php\/solicitud-de-diploma-posgrado-unsl\/","og_site_name":"Secretar\u00eda de Investigaci\u00f3n y Posgrado","article_modified_time":"2026-04-09T11:13:28+00:00","twitter_card":"summary_large_image","twitter_misc":{"Tiempo de lectura":"1 minuto"},"schema":{"@context":"https:\/\/schema.org","@graph":[{"@type":"WebPage","@id":"https:\/\/iyp.fica.unsl.edu.ar\/index.php\/solicitud-de-diploma-posgrado-unsl\/","url":"https:\/\/iyp.fica.unsl.edu.ar\/index.php\/solicitud-de-diploma-posgrado-unsl\/","name":"SOLICITUD DE DIPLOMA - Posgrado UNSL - Secretar\u00eda de Investigaci\u00f3n y Posgrado","isPartOf":{"@id":"https:\/\/iyp.fica.unsl.edu.ar\/#website"},"datePublished":"2023-09-25T14:08:05+00:00","dateModified":"2026-04-09T11:13:28+00:00","breadcrumb":{"@id":"https:\/\/iyp.fica.unsl.edu.ar\/index.php\/solicitud-de-diploma-posgrado-unsl\/#breadcrumb"},"inLanguage":"es-AR","potentialAction":[{"@type":"ReadAction","target":["https:\/\/iyp.fica.unsl.edu.ar\/index.php\/solicitud-de-diploma-posgrado-unsl\/"]}]},{"@type":"BreadcrumbList","@id":"https:\/\/iyp.fica.unsl.edu.ar\/index.php\/solicitud-de-diploma-posgrado-unsl\/#breadcrumb","itemListElement":[{"@type":"ListItem","position":1,"name":"Home","item":"https:\/\/iyp.fica.unsl.edu.ar\/"},{"@type":"ListItem","position":2,"name":"SOLICITUD DE DIPLOMA &#8211; Posgrado UNSL"}]},{"@type":"WebSite","@id":"https:\/\/iyp.fica.unsl.edu.ar\/#website","url":"https:\/\/iyp.fica.unsl.edu.ar\/","name":"Secretar\u00eda de Investigaci\u00f3n y Posgrado","description":"FICA - UNSL","publisher":{"@id":"https:\/\/iyp.fica.unsl.edu.ar\/#organization"},"potentialAction":[{"@type":"SearchAction","target":{"@type":"EntryPoint","urlTemplate":"https:\/\/iyp.fica.unsl.edu.ar\/?s={search_term_string}"},"query-input":{"@type":"PropertyValueSpecification","valueRequired":true,"valueName":"search_term_string"}}],"inLanguage":"es-AR"},{"@type":"Organization","@id":"https:\/\/iyp.fica.unsl.edu.ar\/#organization","name":"FICA - Secretar\u00eda de Investigaci\u00f3n y Posgrado","url":"https:\/\/iyp.fica.unsl.edu.ar\/","logo":{"@type":"ImageObject","inLanguage":"es-AR","@id":"https:\/\/iyp.fica.unsl.edu.ar\/#\/schema\/logo\/image\/","url":"https:\/\/iyp.fica.unsl.edu.ar\/wp-content\/uploads\/2021\/04\/SIyP-v41.png","contentUrl":"https:\/\/iyp.fica.unsl.edu.ar\/wp-content\/uploads\/2021\/04\/SIyP-v41.png","width":4479,"height":1232,"caption":"FICA - Secretar\u00eda de Investigaci\u00f3n y Posgrado"},"image":{"@id":"https:\/\/iyp.fica.unsl.edu.ar\/#\/schema\/logo\/image\/"}}]}},"_links":{"self":[{"href":"https:\/\/iyp.fica.unsl.edu.ar\/index.php\/wp-json\/wp\/v2\/pages\/4723","targetHints":{"allow":["GET"]}}],"collection":[{"href":"https:\/\/iyp.fica.unsl.edu.ar\/index.php\/wp-json\/wp\/v2\/pages"}],"about":[{"href":"https:\/\/iyp.fica.unsl.edu.ar\/index.php\/wp-json\/wp\/v2\/types\/page"}],"author":[{"embeddable":true,"href":"https:\/\/iyp.fica.unsl.edu.ar\/index.php\/wp-json\/wp\/v2\/users\/5"}],"replies":[{"embeddable":true,"href":"https:\/\/iyp.fica.unsl.edu.ar\/index.php\/wp-json\/wp\/v2\/comments?post=4723"}],"version-history":[{"count":101,"href":"https:\/\/iyp.fica.unsl.edu.ar\/index.php\/wp-json\/wp\/v2\/pages\/4723\/revisions"}],"predecessor-version":[{"id":5860,"href":"https:\/\/iyp.fica.unsl.edu.ar\/index.php\/wp-json\/wp\/v2\/pages\/4723\/revisions\/5860"}],"wp:attachment":[{"href":"https:\/\/iyp.fica.unsl.edu.ar\/index.php\/wp-json\/wp\/v2\/media?parent=4723"}],"curies":[{"name":"wp","href":"https:\/\/api.w.org\/{rel}","templated":true}]}}