{"id":314,"date":"2018-08-23T12:26:17","date_gmt":"2018-08-23T15:26:17","guid":{"rendered":"http:\/\/https:\/\/iyp.fica.unsl.edu.ar\/?page_id=314"},"modified":"2025-07-30T10:15:23","modified_gmt":"2025-07-30T13:15:23","slug":"normativas_investigacion","status":"publish","type":"page","link":"https:\/\/iyp.fica.unsl.edu.ar\/index.php\/investigacion\/normativas_investigacion\/","title":{"rendered":"Normativas"},"content":{"rendered":"\t\t<div data-elementor-type=\"wp-post\" data-elementor-id=\"314\" class=\"elementor elementor-314\">\n\t\t\t\t\t\t<section class=\"elementor-section elementor-top-section elementor-element elementor-element-9708319 elementor-section-boxed elementor-section-height-default elementor-section-height-default\" data-id=\"9708319\" data-element_type=\"section\" data-e-type=\"section\">\n\t\t\t\t\t\t<div class=\"elementor-container elementor-column-gap-default\">\n\t\t\t\t\t<div class=\"elementor-column elementor-col-100 elementor-top-column elementor-element elementor-element-ebc5405\" data-id=\"ebc5405\" data-element_type=\"column\" data-e-type=\"column\">\n\t\t\t<div class=\"elementor-widget-wrap elementor-element-populated\">\n\t\t\t\t\t\t<div class=\"elementor-element elementor-element-a4a5c1f elementor-widget elementor-widget-text-editor\" data-id=\"a4a5c1f\" data-element_type=\"widget\" data-e-type=\"widget\" data-widget_type=\"text-editor.default\">\n\t\t\t\t<div class=\"elementor-widget-container\">\n\t\t\t\t\t\t\t\t\t<h1 style=\"text-align: center;\"><span style=\"color: #808080;\"><strong>NORMATIVAS DE INVESTIGACI\u00d3N<\/strong><\/span><\/h1><p style=\"text-align: center;\"><a style=\"color: #808080;\" href=\"http:\/\/www.fica.unsl.edu.ar\/reglamentaciones\/Res.%20CD1-13.pdf\"><strong><span style=\"color: #ff6600;\">Ordenaza CD. N\u00ba 1\/13 &#8211;<\/span> Continuidad del total de los actos administrativos generales del CD de la FICES<\/strong><\/a><\/p>\t\t\t\t\t\t\t\t<\/div>\n\t\t\t\t<\/div>\n\t\t\t\t\t<\/div>\n\t\t<\/div>\n\t\t\t\t\t<\/div>\n\t\t<\/section>\n\t\t\t\t<section class=\"elementor-section elementor-top-section elementor-element elementor-element-d79f7c6 elementor-section-boxed elementor-section-height-default elementor-section-height-default\" data-id=\"d79f7c6\" data-element_type=\"section\" data-e-type=\"section\">\n\t\t\t\t\t\t<div class=\"elementor-container elementor-column-gap-default\">\n\t\t\t\t\t<div class=\"elementor-column elementor-col-100 elementor-top-column elementor-element elementor-element-d8224b6\" data-id=\"d8224b6\" data-element_type=\"column\" data-e-type=\"column\">\n\t\t\t<div class=\"elementor-widget-wrap elementor-element-populated\">\n\t\t\t\t\t\t<div class=\"elementor-element elementor-element-dec2abc elementor-widget elementor-widget-toggle\" data-id=\"dec2abc\" data-element_type=\"widget\" data-e-type=\"widget\" data-widget_type=\"toggle.default\">\n\t\t\t\t<div class=\"elementor-widget-container\">\n\t\t\t\t\t\t\t<div class=\"elementor-toggle\">\n\t\t\t\t\t\t\t<div class=\"elementor-toggle-item\">\n\t\t\t\t\t<div id=\"elementor-tab-title-2331\" class=\"elementor-tab-title\" data-tab=\"1\" role=\"button\" aria-controls=\"elementor-tab-content-2331\" aria-expanded=\"false\">\n\t\t\t\t\t\t\t\t\t\t\t\t<span class=\"elementor-toggle-icon elementor-toggle-icon-left\" aria-hidden=\"true\">\n\t\t\t\t\t\t\t\t\t\t\t\t\t\t\t<span class=\"elementor-toggle-icon-closed\"><i class=\"fas fa-caret-right\"><\/i><\/span>\n\t\t\t\t\t\t\t\t<span class=\"elementor-toggle-icon-opened\"><i class=\"elementor-toggle-icon-opened fas fa-caret-up\"><\/i><\/span>\n\t\t\t\t\t\t\t\t\t\t\t\t\t<\/span>\n\t\t\t\t\t\t\t\t\t\t\t\t<a class=\"elementor-toggle-title\" tabindex=\"0\">Proyectos de Investigaci\u00f3n<\/a>\n\t\t\t\t\t<\/div>\n\n\t\t\t\t\t<div id=\"elementor-tab-content-2331\" class=\"elementor-tab-content elementor-clearfix\" data-tab=\"1\" role=\"region\" aria-labelledby=\"elementor-tab-title-2331\"><p>Reglamento de las actividades de proyectos de investigaci\u00f3n (organizaci\u00f3n, presentaci\u00f3n, evaluaci\u00f3n, financiamiento)<\/p><ul><li><span style=\"color: #993300;\"><a style=\"color: #993300;\" href=\"https:\/\/iyp.fica.unsl.edu.ar\/wp-content\/uploads\/2025\/05\/OCS-4-25-Reglamento-Actividades-de-Proy-Investigacion-UNSL-2.pdf\">OCS 4\/25 Reglamento Actividades de Proy Investigaci\u00f3n UNSL <\/a><\/span><\/li><li><span style=\"color: #993300;\"><a style=\"color: #993300;\" href=\"https:\/\/iyp.fica.unsl.edu.ar\/wp-content\/uploads\/2025\/07\/OCS_8-24_-PROINI.pdf\">OCS_8-24_ PROINI<\/a><\/span><\/li><li><span style=\"color: #993300;\"><a style=\"color: #993300;\" href=\"https:\/\/iyp.fica.unsl.edu.ar\/docs\/OrdCS-64-15-Activ%20Proyectos%20de%20Investig.pdf\" target=\"_blank\" rel=\"noopener\">Ordenanza CS N\u00ba 64\/2015 (derogada)<\/a><\/span><\/li><\/ul><p>Solicitudes de Altas y Bajas de integrantes en proyectos<\/p><ul><li><span style=\"color: #993300;\"><a style=\"color: #993300;\" href=\"https:\/\/iyp.fica.unsl.edu.ar\/docs\/formularios\/investigacion\/ALTA_Integrante_de_Proyecto.docx\">Alta Integrante de Proyecto<\/a><\/span><\/li><li><span style=\"color: #993300;\"><a style=\"color: #993300;\" href=\"https:\/\/iyp.fica.unsl.edu.ar\/docs\/formularios\/investigacion\/BAJA_Integrante_de_Proyecto.docx\">Baja Integrante de Proyecto<\/a><br \/><\/span><\/li><li><span style=\"color: #993300;\"><a style=\"color: #993300;\" href=\"https:\/\/iyp.fica.unsl.edu.ar\/docs\/formularios\/investigacion\/DEDICACION_Integrante_de_Proyecto.docx\">Modificaci\u00f3n de Dedicaci\u00f3n<\/a><\/span><\/li><\/ul><ul><li><span style=\"color: #993300;\"><a style=\"color: #993300;\" href=\"http:\/\/digesto.unsl.edu.ar\/docs\/201510\/20151026104518_31195.pdf\">Carga Curr\u00edculum Vitae en SIGEVA-UNSL o SIGEVA-CONICET<\/a><\/span><\/li><\/ul><\/div>\n\t\t\t\t<\/div>\n\t\t\t\t\t\t\t<div class=\"elementor-toggle-item\">\n\t\t\t\t\t<div id=\"elementor-tab-title-2332\" class=\"elementor-tab-title\" data-tab=\"2\" role=\"button\" aria-controls=\"elementor-tab-content-2332\" aria-expanded=\"false\">\n\t\t\t\t\t\t\t\t\t\t\t\t<span class=\"elementor-toggle-icon elementor-toggle-icon-left\" aria-hidden=\"true\">\n\t\t\t\t\t\t\t\t\t\t\t\t\t\t\t<span class=\"elementor-toggle-icon-closed\"><i class=\"fas fa-caret-right\"><\/i><\/span>\n\t\t\t\t\t\t\t\t<span class=\"elementor-toggle-icon-opened\"><i class=\"elementor-toggle-icon-opened fas fa-caret-up\"><\/i><\/span>\n\t\t\t\t\t\t\t\t\t\t\t\t\t<\/span>\n\t\t\t\t\t\t\t\t\t\t\t\t<a class=\"elementor-toggle-title\" tabindex=\"0\">Becas<\/a>\n\t\t\t\t\t<\/div>\n\n\t\t\t\t\t<div id=\"elementor-tab-content-2332\" class=\"elementor-tab-content elementor-clearfix\" data-tab=\"2\" role=\"region\" aria-labelledby=\"elementor-tab-title-2332\"><ul><li><span style=\"color: #993300;\"><a style=\"color: #993300;\" href=\"https:\/\/iyp.fica.unsl.edu.ar\/wp-content\/uploads\/2025\/06\/Ord-36-23-Programa-de-Becas-de-Investigacion-Cientifica-yo-Tecnologica-\u2013-UNSL.pdf\">OCS N\u00b0 36\/2023 &#8211; Programa de Becas de Investigacion Cientifica y Tecnol\u00f3gica UNSL<\/a><\/span><\/li><li><span style=\"color: #993300;\"><a style=\"color: #993300;\" href=\"https:\/\/iyp.fica.unsl.edu.ar\/docs\/ResBecas\/OrdCS_54_12-Becas.pdf\" target=\"_blank\" rel=\"noopener\">Ordenanza CS N\u00ba 54\/2012<\/a><a style=\"color: #993300;\" href=\"https:\/\/iyp.fica.unsl.edu.ar\/docs\/ResBecas\/OrdCS_54_12-Becas.pdf\" target=\"_blank\" rel=\"noopener\"> &#8211; Sistema de Becas de Ciencia y Tecnolog\u00eda &#8211;\u00a0 (derogada)<\/a><\/span><\/li><\/ul><\/div>\n\t\t\t\t<\/div>\n\t\t\t\t\t\t\t<div class=\"elementor-toggle-item\">\n\t\t\t\t\t<div id=\"elementor-tab-title-2333\" class=\"elementor-tab-title\" data-tab=\"3\" role=\"button\" aria-controls=\"elementor-tab-content-2333\" aria-expanded=\"false\">\n\t\t\t\t\t\t\t\t\t\t\t\t<span class=\"elementor-toggle-icon elementor-toggle-icon-left\" aria-hidden=\"true\">\n\t\t\t\t\t\t\t\t\t\t\t\t\t\t\t<span class=\"elementor-toggle-icon-closed\"><i class=\"fas fa-caret-right\"><\/i><\/span>\n\t\t\t\t\t\t\t\t<span class=\"elementor-toggle-icon-opened\"><i class=\"elementor-toggle-icon-opened fas fa-caret-up\"><\/i><\/span>\n\t\t\t\t\t\t\t\t\t\t\t\t\t<\/span>\n\t\t\t\t\t\t\t\t\t\t\t\t<a class=\"elementor-toggle-title\" tabindex=\"0\">Movilidad Docente<\/a>\n\t\t\t\t\t<\/div>\n\n\t\t\t\t\t<div id=\"elementor-tab-content-2333\" class=\"elementor-tab-content elementor-clearfix\" data-tab=\"3\" role=\"region\" aria-labelledby=\"elementor-tab-title-2333\"><p>Becas<\/p><ul><li><a href=\"https:\/\/iyp.fica.unsl.edu.ar\/wp-content\/uploads\/2025\/07\/OCS-20-2024-Becas-de-Actualizacion-y-Perfeccionamiento-MOVILIDAD.pdf\">OCS- N\u00b0 20\/2024 &#8211; Becas de Actualizaci\u00f3n y Perfeccionamiento- MOVILIDAD<\/a><\/li><li><span style=\"color: #993300;\"><a style=\"color: #993300;\" href=\"https:\/\/iyp.fica.unsl.edu.ar\/wp-content\/uploads\/2025\/06\/OCS-14-2021-Becas-Movilidad-Docente.pdf\">OCS N\u00b0 14\/ 2021 Becas Movilidad Docente (derogada)<\/a><\/span><\/li><\/ul><p>Subsidios para Viajes<\/p><ul><li><span style=\"color: #993300;\"><a style=\"color: #993300;\" href=\"https:\/\/iyp.fica.unsl.edu.ar\/docs\/subsidios\/Ord.%20CS.%2009_11%20Subsidio%20para%20viajes.PDF\" target=\"_blank\" rel=\"noopener\">Investigadores y profesores visitantes \u2013 Ordenanza\u00a0 CS N\u00ba 9\/2011<\/a><\/span> (derogada)<\/li><li><span style=\"color: #993300;\"><a style=\"color: #993300;\" href=\"https:\/\/iyp.fica.unsl.edu.ar\/docs\/subsidios\/OrdCS321.pdf\" target=\"_blank\" rel=\"noopener\">Investigadores menores de 30 a\u00f1os: Ordenanza CS N\u00ba 32\/2011 <\/a><\/span><span style=\"color: #666699;\"><a style=\"color: #666699;\" href=\"https:\/\/iyp.fica.unsl.edu.ar\/docs\/subsidios\/OrdCS321.pdf\" target=\"_blank\" rel=\"noopener\">(derogada)<\/a><\/span><\/li><\/ul><\/div>\n\t\t\t\t<\/div>\n\t\t\t\t\t\t\t<div class=\"elementor-toggle-item\">\n\t\t\t\t\t<div id=\"elementor-tab-title-2334\" class=\"elementor-tab-title\" data-tab=\"4\" role=\"button\" aria-controls=\"elementor-tab-content-2334\" aria-expanded=\"false\">\n\t\t\t\t\t\t\t\t\t\t\t\t<span class=\"elementor-toggle-icon elementor-toggle-icon-left\" aria-hidden=\"true\">\n\t\t\t\t\t\t\t\t\t\t\t\t\t\t\t<span class=\"elementor-toggle-icon-closed\"><i class=\"fas fa-caret-right\"><\/i><\/span>\n\t\t\t\t\t\t\t\t<span class=\"elementor-toggle-icon-opened\"><i class=\"elementor-toggle-icon-opened fas fa-caret-up\"><\/i><\/span>\n\t\t\t\t\t\t\t\t\t\t\t\t\t<\/span>\n\t\t\t\t\t\t\t\t\t\t\t\t<a class=\"elementor-toggle-title\" tabindex=\"0\">Equipamiento<\/a>\n\t\t\t\t\t<\/div>\n\n\t\t\t\t\t<div id=\"elementor-tab-content-2334\" class=\"elementor-tab-content elementor-clearfix\" data-tab=\"4\" role=\"region\" aria-labelledby=\"elementor-tab-title-2334\"><ul><li><a href=\"https:\/\/iyp.fica.unsl.edu.ar\/wp-content\/uploads\/2025\/07\/OCS-N\u00b0-9-24-Adquisicion-mantenimiento-y-o-reparacion-de-equipamiento.pdf\">OCS N\u00b0 9\/2024 &#8211; Adquisici\u00f3n, mantenimiento y\/o reparaci\u00f3n de equipamiento<\/a><\/li><li><a href=\"https:\/\/iyp.fica.unsl.edu.ar\/wp-content\/uploads\/2025\/07\/OCS-01-22-Adquisicion-de-equipamiento.pdf\"><span style=\"color: #993300;\">OCS N\u00b0 1\/2022\u00a0 &#8211; Adquisici\u00f3n de equipamiento (derogada)<\/span><\/a><\/li><li><span style=\"color: #993300;\"><a style=\"color: #993300;\" href=\"https:\/\/iyp.fica.unsl.edu.ar\/docs\/equipamiento\/OrdCS72_13-Adquisicion%20de%20equipamiento.pdf\" target=\"_blank\" rel=\"noopener\">Adquisici\u00f3n de equipo permanente &#8211; Ordenanza CS N\u00ba 72\/2013 (derogada)<\/a><\/span><\/li><li><a href=\"https:\/\/iyp.fica.unsl.edu.ar\/docs\/equipamiento\/Ord.%20CS.%2036_11%20Reparacion%20de%20Equipamiento.PDF\" target=\"_blank\" rel=\"noopener\"><span style=\"color: #993300;\">Reparaci\u00f3n de equipamiento \u2013 Ordenanza CS N\u00ba 36\/2011<\/span>\u00a0<span style=\"color: #993300;\"> (derogada)<\/span><\/a><\/li><\/ul><\/div>\n\t\t\t\t<\/div>\n\t\t\t\t\t\t\t<div class=\"elementor-toggle-item\">\n\t\t\t\t\t<div id=\"elementor-tab-title-2335\" class=\"elementor-tab-title\" data-tab=\"5\" role=\"button\" aria-controls=\"elementor-tab-content-2335\" aria-expanded=\"false\">\n\t\t\t\t\t\t\t\t\t\t\t\t<span class=\"elementor-toggle-icon elementor-toggle-icon-left\" aria-hidden=\"true\">\n\t\t\t\t\t\t\t\t\t\t\t\t\t\t\t<span class=\"elementor-toggle-icon-closed\"><i class=\"fas fa-caret-right\"><\/i><\/span>\n\t\t\t\t\t\t\t\t<span class=\"elementor-toggle-icon-opened\"><i class=\"elementor-toggle-icon-opened fas fa-caret-up\"><\/i><\/span>\n\t\t\t\t\t\t\t\t\t\t\t\t\t<\/span>\n\t\t\t\t\t\t\t\t\t\t\t\t<a class=\"elementor-toggle-title\" tabindex=\"0\">Pasant\u00edas<\/a>\n\t\t\t\t\t<\/div>\n\n\t\t\t\t\t<div id=\"elementor-tab-content-2335\" class=\"elementor-tab-content elementor-clearfix\" data-tab=\"5\" role=\"region\" aria-labelledby=\"elementor-tab-title-2335\"><ul><li><span style=\"color: #993300;\"><a style=\"color: #993300;\" href=\"https:\/\/iyp.fica.unsl.edu.ar\/docs\/OCD005-13%20SISTEMA%20DE%20PASANTiAS%2021MAYO13.doc\">Sistema de pasant\u00edas &#8211; Ordenanza CD N\u00ba 5\/2013<\/a><\/span><\/li><\/ul><\/div>\n\t\t\t\t<\/div>\n\t\t\t\t\t\t\t<div class=\"elementor-toggle-item\">\n\t\t\t\t\t<div id=\"elementor-tab-title-2336\" class=\"elementor-tab-title\" data-tab=\"6\" role=\"button\" aria-controls=\"elementor-tab-content-2336\" aria-expanded=\"false\">\n\t\t\t\t\t\t\t\t\t\t\t\t<span class=\"elementor-toggle-icon elementor-toggle-icon-left\" aria-hidden=\"true\">\n\t\t\t\t\t\t\t\t\t\t\t\t\t\t\t<span class=\"elementor-toggle-icon-closed\"><i class=\"fas fa-caret-right\"><\/i><\/span>\n\t\t\t\t\t\t\t\t<span class=\"elementor-toggle-icon-opened\"><i class=\"elementor-toggle-icon-opened fas fa-caret-up\"><\/i><\/span>\n\t\t\t\t\t\t\t\t\t\t\t\t\t<\/span>\n\t\t\t\t\t\t\t\t\t\t\t\t<a class=\"elementor-toggle-title\" tabindex=\"0\">Rendiciones de Cuentas<\/a>\n\t\t\t\t\t<\/div>\n\n\t\t\t\t\t<div id=\"elementor-tab-content-2336\" class=\"elementor-tab-content elementor-clearfix\" data-tab=\"6\" role=\"region\" aria-labelledby=\"elementor-tab-title-2336\"><ul><li><span style=\"color: #993300;\"><a style=\"color: #993300;\" href=\"https:\/\/iyp.fica.unsl.edu.ar\/docs\/Ord%2019-Unidad%20Administradora%20de%20fondos.pdf\" target=\"_blank\" rel=\"noopener\">Unidad Administradora de Fondos &#8211; Ordenanza CS N\u00ba 19\/2014<\/a><\/span><\/li><li><span style=\"color: #993300;\"><a href=\"https:\/\/iyp.fica.unsl.edu.ar\/wp-content\/uploads\/2025\/07\/Manual-de-Procedimiento-2025.pdf\">Manual de Procedimiento-2025<\/a><\/span><\/li><\/ul><\/div>\n\t\t\t\t<\/div>\n\t\t\t\t\t\t\t\t<\/div>\n\t\t\t\t\t\t<\/div>\n\t\t\t\t<\/div>\n\t\t\t\t<div class=\"elementor-element elementor-element-7eae3db elementor-icon-list--layout-traditional elementor-list-item-link-full_width elementor-widget elementor-widget-icon-list\" data-id=\"7eae3db\" data-element_type=\"widget\" data-e-type=\"widget\" data-widget_type=\"icon-list.default\">\n\t\t\t\t<div class=\"elementor-widget-container\">\n\t\t\t\t\t\t\t<ul class=\"elementor-icon-list-items\">\n\t\t\t\t\t\t\t<li class=\"elementor-icon-list-item\">\n\t\t\t\t\t\t\t\t\t\t\t<a href=\"https:\/\/iyp.fica.unsl.edu.ar\/docs\/formularios\/investigacion\/ALTA_Integrante_de_Proyecto.docx\" target=\"_blank\">\n\n\t\t\t\t\t\t\t\t\t\t\t\t<span class=\"elementor-icon-list-icon\">\n\t\t\t\t\t\t\t<i aria-hidden=\"true\" class=\"fas fa-check\"><\/i>\t\t\t\t\t\t<\/span>\n\t\t\t\t\t\t\t\t\t\t<span class=\"elementor-icon-list-text\">Alta Integrante de Proyecto<\/span>\n\t\t\t\t\t\t\t\t\t\t\t<\/a>\n\t\t\t\t\t\t\t\t\t<\/li>\n\t\t\t\t\t\t\t\t<li class=\"elementor-icon-list-item\">\n\t\t\t\t\t\t\t\t\t\t\t<a href=\"https:\/\/iyp.fica.unsl.edu.ar\/docs\/formularios\/investigacion\/BAJA_Integrante_de_Proyecto.docx\" target=\"_blank\">\n\n\t\t\t\t\t\t\t\t\t\t\t\t<span class=\"elementor-icon-list-icon\">\n\t\t\t\t\t\t\t<i aria-hidden=\"true\" class=\"fas fa-times\"><\/i>\t\t\t\t\t\t<\/span>\n\t\t\t\t\t\t\t\t\t\t<span class=\"elementor-icon-list-text\">Baja Integrante de Proyecto<\/span>\n\t\t\t\t\t\t\t\t\t\t\t<\/a>\n\t\t\t\t\t\t\t\t\t<\/li>\n\t\t\t\t\t\t\t\t<li class=\"elementor-icon-list-item\">\n\t\t\t\t\t\t\t\t\t\t\t<a href=\"https:\/\/iyp.fica.unsl.edu.ar\/docs\/formularios\/investigacion\/DEDICACION_Integrante_de_Proyecto.docx\" target=\"_blank\">\n\n\t\t\t\t\t\t\t\t\t\t\t\t<span class=\"elementor-icon-list-icon\">\n\t\t\t\t\t\t\t<i aria-hidden=\"true\" class=\"far fa-dot-circle\"><\/i>\t\t\t\t\t\t<\/span>\n\t\t\t\t\t\t\t\t\t\t<span class=\"elementor-icon-list-text\">Modificaci\u00f3n de Dedicaci\u00f3n<\/span>\n\t\t\t\t\t\t\t\t\t\t\t<\/a>\n\t\t\t\t\t\t\t\t\t<\/li>\n\t\t\t\t\t\t\t\t<li class=\"elementor-icon-list-item\">\n\t\t\t\t\t\t\t\t\t\t\t<a href=\"https:\/\/iyp.fica.unsl.edu.ar\/docs\/formularios\/investigacion\/Protocol_vehiculos.docx\">\n\n\t\t\t\t\t\t\t\t\t\t\t\t<span class=\"elementor-icon-list-icon\">\n\t\t\t\t\t\t\t<i aria-hidden=\"true\" class=\"fas fa-car\"><\/i>\t\t\t\t\t\t<\/span>\n\t\t\t\t\t\t\t\t\t\t<span class=\"elementor-icon-list-text\">Protocolizaci\u00f3n de Veh\u00edculos<\/span>\n\t\t\t\t\t\t\t\t\t\t\t<\/a>\n\t\t\t\t\t\t\t\t\t<\/li>\n\t\t\t\t\t\t\t\t<li class=\"elementor-icon-list-item\">\n\t\t\t\t\t\t\t\t\t\t\t<span class=\"elementor-icon-list-icon\">\n\t\t\t\t\t\t\t<i aria-hidden=\"true\" class=\"fas fa-graduation-cap\"><\/i>\t\t\t\t\t\t<\/span>\n\t\t\t\t\t\t\t\t\t\t<span class=\"elementor-icon-list-text\">BECARIOS<\/span>\n\t\t\t\t\t\t\t\t\t<\/li>\n\t\t\t\t\t\t<\/ul>\n\t\t\t\t\t\t<\/div>\n\t\t\t\t<\/div>\n\t\t\t\t\t<\/div>\n\t\t<\/div>\n\t\t\t\t\t<\/div>\n\t\t<\/section>\n\t\t\t\t<\/div>\n\t\t","protected":false},"excerpt":{"rendered":"<p>NORMATIVAS DE INVESTIGACI\u00d3N Ordenaza CD. N\u00ba 1\/13 &#8211; Continuidad del total de los actos administrativos generales del CD de la FICES Proyectos de Investigaci\u00f3n Reglamento&hellip;<\/p>\n","protected":false},"author":5,"featured_media":0,"parent":806,"menu_order":1,"comment_status":"closed","ping_status":"closed","template":"","meta":{"_monsterinsights_skip_tracking":false,"_monsterinsights_sitenote_active":false,"_monsterinsights_sitenote_note":"","_monsterinsights_sitenote_category":0,"_uf_show_specific_survey":0,"_uf_disable_surveys":false,"footnotes":""},"class_list":["post-314","page","type-page","status-publish","hentry"],"yoast_head":"<!-- This site is optimized with the Yoast SEO plugin v26.9 - https:\/\/yoast.com\/product\/yoast-seo-wordpress\/ -->\n<title>Normativas - Secretar\u00eda de Investigaci\u00f3n y Posgrado<\/title>\n<meta name=\"robots\" content=\"index, follow, max-snippet:-1, max-image-preview:large, max-video-preview:-1\" \/>\n<link rel=\"canonical\" href=\"https:\/\/iyp.fica.unsl.edu.ar\/index.php\/investigacion\/normativas_investigacion\/\" \/>\n<meta property=\"og:locale\" content=\"es_ES\" \/>\n<meta property=\"og:type\" content=\"article\" \/>\n<meta property=\"og:title\" content=\"Normativas - Secretar\u00eda de Investigaci\u00f3n y Posgrado\" \/>\n<meta property=\"og:description\" content=\"NORMATIVAS DE INVESTIGACI\u00d3N Ordenaza CD. N\u00ba 1\/13 &#8211; Continuidad del total de los actos administrativos generales del CD de la FICES Proyectos de Investigaci\u00f3n Reglamento&hellip;\" \/>\n<meta property=\"og:url\" content=\"https:\/\/iyp.fica.unsl.edu.ar\/index.php\/investigacion\/normativas_investigacion\/\" \/>\n<meta property=\"og:site_name\" content=\"Secretar\u00eda de Investigaci\u00f3n y Posgrado\" \/>\n<meta property=\"article:modified_time\" content=\"2025-07-30T13:15:23+00:00\" \/>\n<meta name=\"twitter:card\" content=\"summary_large_image\" \/>\n<meta name=\"twitter:label1\" content=\"Tiempo de lectura\" \/>\n\t<meta name=\"twitter:data1\" content=\"1 minuto\" \/>\n<script type=\"application\/ld+json\" class=\"yoast-schema-graph\">{\"@context\":\"https:\/\/schema.org\",\"@graph\":[{\"@type\":\"WebPage\",\"@id\":\"https:\/\/iyp.fica.unsl.edu.ar\/index.php\/investigacion\/normativas_investigacion\/\",\"url\":\"https:\/\/iyp.fica.unsl.edu.ar\/index.php\/investigacion\/normativas_investigacion\/\",\"name\":\"Normativas - Secretar\u00eda de Investigaci\u00f3n y Posgrado\",\"isPartOf\":{\"@id\":\"https:\/\/iyp.fica.unsl.edu.ar\/#website\"},\"datePublished\":\"2018-08-23T15:26:17+00:00\",\"dateModified\":\"2025-07-30T13:15:23+00:00\",\"breadcrumb\":{\"@id\":\"https:\/\/iyp.fica.unsl.edu.ar\/index.php\/investigacion\/normativas_investigacion\/#breadcrumb\"},\"inLanguage\":\"es-AR\",\"potentialAction\":[{\"@type\":\"ReadAction\",\"target\":[\"https:\/\/iyp.fica.unsl.edu.ar\/index.php\/investigacion\/normativas_investigacion\/\"]}]},{\"@type\":\"BreadcrumbList\",\"@id\":\"https:\/\/iyp.fica.unsl.edu.ar\/index.php\/investigacion\/normativas_investigacion\/#breadcrumb\",\"itemListElement\":[{\"@type\":\"ListItem\",\"position\":1,\"name\":\"Home\",\"item\":\"https:\/\/iyp.fica.unsl.edu.ar\/\"},{\"@type\":\"ListItem\",\"position\":2,\"name\":\"Investigaci\u00f3n\",\"item\":\"https:\/\/iyp.fica.unsl.edu.ar\/index.php\/investigacion\/\"},{\"@type\":\"ListItem\",\"position\":3,\"name\":\"Normativas\"}]},{\"@type\":\"WebSite\",\"@id\":\"https:\/\/iyp.fica.unsl.edu.ar\/#website\",\"url\":\"https:\/\/iyp.fica.unsl.edu.ar\/\",\"name\":\"Secretar\u00eda de Investigaci\u00f3n y Posgrado\",\"description\":\"FICA - UNSL\",\"publisher\":{\"@id\":\"https:\/\/iyp.fica.unsl.edu.ar\/#organization\"},\"potentialAction\":[{\"@type\":\"SearchAction\",\"target\":{\"@type\":\"EntryPoint\",\"urlTemplate\":\"https:\/\/iyp.fica.unsl.edu.ar\/?s={search_term_string}\"},\"query-input\":{\"@type\":\"PropertyValueSpecification\",\"valueRequired\":true,\"valueName\":\"search_term_string\"}}],\"inLanguage\":\"es-AR\"},{\"@type\":\"Organization\",\"@id\":\"https:\/\/iyp.fica.unsl.edu.ar\/#organization\",\"name\":\"FICA - Secretar\u00eda de Investigaci\u00f3n y Posgrado\",\"url\":\"https:\/\/iyp.fica.unsl.edu.ar\/\",\"logo\":{\"@type\":\"ImageObject\",\"inLanguage\":\"es-AR\",\"@id\":\"https:\/\/iyp.fica.unsl.edu.ar\/#\/schema\/logo\/image\/\",\"url\":\"https:\/\/iyp.fica.unsl.edu.ar\/wp-content\/uploads\/2021\/04\/SIyP-v41.png\",\"contentUrl\":\"https:\/\/iyp.fica.unsl.edu.ar\/wp-content\/uploads\/2021\/04\/SIyP-v41.png\",\"width\":4479,\"height\":1232,\"caption\":\"FICA - Secretar\u00eda de Investigaci\u00f3n y Posgrado\"},\"image\":{\"@id\":\"https:\/\/iyp.fica.unsl.edu.ar\/#\/schema\/logo\/image\/\"}}]}<\/script>\n<!-- \/ Yoast SEO plugin. -->","yoast_head_json":{"title":"Normativas - Secretar\u00eda de Investigaci\u00f3n y Posgrado","robots":{"index":"index","follow":"follow","max-snippet":"max-snippet:-1","max-image-preview":"max-image-preview:large","max-video-preview":"max-video-preview:-1"},"canonical":"https:\/\/iyp.fica.unsl.edu.ar\/index.php\/investigacion\/normativas_investigacion\/","og_locale":"es_ES","og_type":"article","og_title":"Normativas - Secretar\u00eda de Investigaci\u00f3n y Posgrado","og_description":"NORMATIVAS DE INVESTIGACI\u00d3N Ordenaza CD. N\u00ba 1\/13 &#8211; Continuidad del total de los actos administrativos generales del CD de la FICES Proyectos de Investigaci\u00f3n Reglamento&hellip;","og_url":"https:\/\/iyp.fica.unsl.edu.ar\/index.php\/investigacion\/normativas_investigacion\/","og_site_name":"Secretar\u00eda de Investigaci\u00f3n y Posgrado","article_modified_time":"2025-07-30T13:15:23+00:00","twitter_card":"summary_large_image","twitter_misc":{"Tiempo de lectura":"1 minuto"},"schema":{"@context":"https:\/\/schema.org","@graph":[{"@type":"WebPage","@id":"https:\/\/iyp.fica.unsl.edu.ar\/index.php\/investigacion\/normativas_investigacion\/","url":"https:\/\/iyp.fica.unsl.edu.ar\/index.php\/investigacion\/normativas_investigacion\/","name":"Normativas - Secretar\u00eda de Investigaci\u00f3n y Posgrado","isPartOf":{"@id":"https:\/\/iyp.fica.unsl.edu.ar\/#website"},"datePublished":"2018-08-23T15:26:17+00:00","dateModified":"2025-07-30T13:15:23+00:00","breadcrumb":{"@id":"https:\/\/iyp.fica.unsl.edu.ar\/index.php\/investigacion\/normativas_investigacion\/#breadcrumb"},"inLanguage":"es-AR","potentialAction":[{"@type":"ReadAction","target":["https:\/\/iyp.fica.unsl.edu.ar\/index.php\/investigacion\/normativas_investigacion\/"]}]},{"@type":"BreadcrumbList","@id":"https:\/\/iyp.fica.unsl.edu.ar\/index.php\/investigacion\/normativas_investigacion\/#breadcrumb","itemListElement":[{"@type":"ListItem","position":1,"name":"Home","item":"https:\/\/iyp.fica.unsl.edu.ar\/"},{"@type":"ListItem","position":2,"name":"Investigaci\u00f3n","item":"https:\/\/iyp.fica.unsl.edu.ar\/index.php\/investigacion\/"},{"@type":"ListItem","position":3,"name":"Normativas"}]},{"@type":"WebSite","@id":"https:\/\/iyp.fica.unsl.edu.ar\/#website","url":"https:\/\/iyp.fica.unsl.edu.ar\/","name":"Secretar\u00eda de Investigaci\u00f3n y Posgrado","description":"FICA - UNSL","publisher":{"@id":"https:\/\/iyp.fica.unsl.edu.ar\/#organization"},"potentialAction":[{"@type":"SearchAction","target":{"@type":"EntryPoint","urlTemplate":"https:\/\/iyp.fica.unsl.edu.ar\/?s={search_term_string}"},"query-input":{"@type":"PropertyValueSpecification","valueRequired":true,"valueName":"search_term_string"}}],"inLanguage":"es-AR"},{"@type":"Organization","@id":"https:\/\/iyp.fica.unsl.edu.ar\/#organization","name":"FICA - Secretar\u00eda de Investigaci\u00f3n y Posgrado","url":"https:\/\/iyp.fica.unsl.edu.ar\/","logo":{"@type":"ImageObject","inLanguage":"es-AR","@id":"https:\/\/iyp.fica.unsl.edu.ar\/#\/schema\/logo\/image\/","url":"https:\/\/iyp.fica.unsl.edu.ar\/wp-content\/uploads\/2021\/04\/SIyP-v41.png","contentUrl":"https:\/\/iyp.fica.unsl.edu.ar\/wp-content\/uploads\/2021\/04\/SIyP-v41.png","width":4479,"height":1232,"caption":"FICA - Secretar\u00eda de Investigaci\u00f3n y Posgrado"},"image":{"@id":"https:\/\/iyp.fica.unsl.edu.ar\/#\/schema\/logo\/image\/"}}]}},"_links":{"self":[{"href":"https:\/\/iyp.fica.unsl.edu.ar\/index.php\/wp-json\/wp\/v2\/pages\/314","targetHints":{"allow":["GET"]}}],"collection":[{"href":"https:\/\/iyp.fica.unsl.edu.ar\/index.php\/wp-json\/wp\/v2\/pages"}],"about":[{"href":"https:\/\/iyp.fica.unsl.edu.ar\/index.php\/wp-json\/wp\/v2\/types\/page"}],"author":[{"embeddable":true,"href":"https:\/\/iyp.fica.unsl.edu.ar\/index.php\/wp-json\/wp\/v2\/users\/5"}],"replies":[{"embeddable":true,"href":"https:\/\/iyp.fica.unsl.edu.ar\/index.php\/wp-json\/wp\/v2\/comments?post=314"}],"version-history":[{"count":83,"href":"https:\/\/iyp.fica.unsl.edu.ar\/index.php\/wp-json\/wp\/v2\/pages\/314\/revisions"}],"predecessor-version":[{"id":5711,"href":"https:\/\/iyp.fica.unsl.edu.ar\/index.php\/wp-json\/wp\/v2\/pages\/314\/revisions\/5711"}],"up":[{"embeddable":true,"href":"https:\/\/iyp.fica.unsl.edu.ar\/index.php\/wp-json\/wp\/v2\/pages\/806"}],"wp:attachment":[{"href":"https:\/\/iyp.fica.unsl.edu.ar\/index.php\/wp-json\/wp\/v2\/media?parent=314"}],"curies":[{"name":"wp","href":"https:\/\/api.w.org\/{rel}","templated":true}]}}