{"id":1629,"date":"2019-03-18T09:44:57","date_gmt":"2019-03-18T12:44:57","guid":{"rendered":"http:\/\/https:\/\/iyp.fica.unsl.edu.ar\/?page_id=1629"},"modified":"2023-09-07T12:13:43","modified_gmt":"2023-09-07T15:13:43","slug":"becas","status":"publish","type":"page","link":"https:\/\/iyp.fica.unsl.edu.ar\/index.php\/investigacion\/act_investigacion\/becas\/","title":{"rendered":"Becas"},"content":{"rendered":"\t\t<div data-elementor-type=\"wp-post\" data-elementor-id=\"1629\" class=\"elementor elementor-1629\">\n\t\t\t\t\t\t<section class=\"elementor-section elementor-top-section elementor-element elementor-element-01a978c elementor-section-boxed elementor-section-height-default elementor-section-height-default\" data-id=\"01a978c\" data-element_type=\"section\" data-e-type=\"section\">\n\t\t\t\t\t\t<div class=\"elementor-container elementor-column-gap-default\">\n\t\t\t\t\t<div class=\"elementor-column elementor-col-50 elementor-top-column elementor-element elementor-element-d5bc44a\" data-id=\"d5bc44a\" data-element_type=\"column\" data-e-type=\"column\">\n\t\t\t<div class=\"elementor-widget-wrap elementor-element-populated\">\n\t\t\t\t\t\t<div class=\"elementor-element elementor-element-0b127db elementor-widget elementor-widget-heading\" data-id=\"0b127db\" data-element_type=\"widget\" data-e-type=\"widget\" data-widget_type=\"heading.default\">\n\t\t\t\t<div class=\"elementor-widget-container\">\n\t\t\t\t\t<h2 class=\"elementor-heading-title elementor-size-default\">BECAS UNSL<\/h2>\t\t\t\t<\/div>\n\t\t\t\t<\/div>\n\t\t\t\t<div class=\"elementor-element elementor-element-5c7fe7a elementor-widget elementor-widget-text-editor\" data-id=\"5c7fe7a\" data-element_type=\"widget\" data-e-type=\"widget\" data-widget_type=\"text-editor.default\">\n\t\t\t\t<div class=\"elementor-widget-container\">\n\t\t\t\t\t\t\t\t\t<p>El Programa de Becas de investigaci\u00f3n cient\u00edfica y\/o tecnol\u00f3gica pretende fomentar la formaci\u00f3n de recursos humanos en el \u00e1mbito de proyectos de investigaci\u00f3n acreditados por la Sec. de Ciencia y Tecnolog\u00eda de la universidad.<\/p><p>El Programa se organiza en base a 4 categor\u00edas de becas:<\/p><ul><li><strong><em>Becas Est\u00edmulo a la investigaci\u00f3n<\/em><\/strong>: permiten la formaci\u00f3n de las\/os estudiantes de grado y pregrado (con al menos del 70% de asignaturas aprobadas), ser incorporados a los proyectos de investigaci\u00f3n alent\u00e1ndolos a que se inicien en las actividades de investigaci\u00f3n.<br \/>Duraci\u00f3n: 12 meses a partir de la fecha que establece la resoluci\u00f3n de otorgamiento.\u00a0Dedicaci\u00f3n: 10 hs semanales<\/li><li><span style=\"color: var( --e-global-color-text ); font-family: var( --e-global-typography-text-font-family ), Sans-serif;\"><strong>Becas de\u00a0<\/strong><em style=\"font-weight: bold;\"><strong>I<\/strong>niciaci\u00f3n a la investigaci\u00f3n y formaci\u00f3n de posgrado<\/em><\/span><span style=\"color: var( --e-global-color-text ); font-family: var( --e-global-typography-text-font-family ), Sans-serif; font-weight: var( --e-global-typography-text-font-weight );\">: posibilitan a graduados (con un promedio de 7 o superior) la iniciaci\u00f3n y\/o permanencia en carreras de posgrado en el marco de un Proyecto de Investigaci\u00f3n del Sistema de Ciencia y Tecnolog\u00eda de la UNSL.<br \/>Duraci\u00f3n: 24 meses a partir de la fecha que establece la resoluci\u00f3n de otorgamiento. Dedicaci\u00f3n: 10 hs semanales<br \/><\/span><\/li><li><strong><em>Becas de Perfeccionamiento<\/em><\/strong>: su objetivo es que graduados obtengan un t\u00edtulo de posgrado (Maestr\u00eda o Especializaci\u00f3n) o un grado de avance de %80 de un doctorado), cuyo plan de trabajo final haya sido presentado ante el Comit\u00e9 Acad\u00e9mico de la carrera.<br \/>Duraci\u00f3n: 24 meses a partir de la fecha que establece la resoluci\u00f3n de otorgamiento. Dedicaci\u00f3n: 10 hs semanales<\/li><li><strong>Becas de <em>Finalizaci\u00f3n<\/em> de carreras de posgrado:\u00a0<\/strong>destinadas a docentes investigadores de la UNSL, que tengan aprobado el Plan de Trabajo Final y\u00a0 se encuentren en etapa de redacci\u00f3n del T. Final, de alguna carrera de posgrado (con reconocimiento ministerial), promoviendo la vinculaci\u00f3n entre las funciones de docencia, investigaci\u00f3n y extensi\u00f3n.<br \/>Duraci\u00f3n: 24 meses a partir de la fecha que establece la resoluci\u00f3n de otorgamiento. Dedicaci\u00f3n: 10 hs semanales<\/li><\/ul><p><strong>Convocatoria<\/strong>: Del 14 junio al 3 de julio de 2023<\/p><p><strong>Forma de Presentaci\u00f3n:<\/strong><\/p><p>SIGEVA (<a href=\"https:\/\/unsl.sigeva.gob.ar\/auth\/index.jsp\" data-saferedirecturl=\"https:\/\/www.google.com\/url?q=https:\/\/unsl.sigeva.gob.ar\/auth\/index.jsp&amp;source=gmail&amp;ust=1552992351506000&amp;usg=AFQjCNHT7kv75kS9rgOL2-P-p5xqLgiEIA\">https:\/\/unsl.sigeva.gob.ar\/auth\/index.jsp<\/a>)<\/p><p>Un (1) formulario completo en\u00a0<b>la Secretar\u00eda de Investigaci\u00f3n y Posgrado de la Facultad\u00a0<\/b><\/p><p><strong>Reglamentaci\u00f3n, requisitos:\u00a0 <\/strong><a href=\"https:\/\/drive.google.com\/drive\/u\/0\/folders\/1lQgFVwXGLGGtvxRoScd6tFh2xb_XpGEV\" target=\"_blank\" rel=\"noopener\">OCS 36\/2023<\/a>\u00a0<\/p><p>\u00a0<\/p>\t\t\t\t\t\t\t\t<\/div>\n\t\t\t\t<\/div>\n\t\t\t\t\t<\/div>\n\t\t<\/div>\n\t\t\t\t<div class=\"elementor-column elementor-col-50 elementor-top-column elementor-element elementor-element-4aa73dd\" data-id=\"4aa73dd\" data-element_type=\"column\" data-e-type=\"column\">\n\t\t\t<div class=\"elementor-widget-wrap elementor-element-populated\">\n\t\t\t\t\t\t<div class=\"elementor-element elementor-element-93b1cff elementor-widget elementor-widget-image\" data-id=\"93b1cff\" data-element_type=\"widget\" data-e-type=\"widget\" data-widget_type=\"image.default\">\n\t\t\t\t<div class=\"elementor-widget-container\">\n\t\t\t\t\t\t\t\t\t\t\t\t\t\t\t<img decoding=\"async\" width=\"150\" height=\"123\" src=\"https:\/\/iyp.fica.unsl.edu.ar\/wp-content\/uploads\/2019\/03\/becas_1-1.png\" class=\"attachment-large size-large wp-image-1643\" alt=\"\" \/>\t\t\t\t\t\t\t\t\t\t\t\t\t\t\t<\/div>\n\t\t\t\t<\/div>\n\t\t\t\t\t<\/div>\n\t\t<\/div>\n\t\t\t\t\t<\/div>\n\t\t<\/section>\n\t\t\t\t<\/div>\n\t\t","protected":false},"excerpt":{"rendered":"<p>BECAS UNSL El Programa de Becas de investigaci\u00f3n cient\u00edfica y\/o tecnol\u00f3gica pretende fomentar la formaci\u00f3n de recursos humanos en el \u00e1mbito de proyectos de investigaci\u00f3n&hellip;<\/p>\n","protected":false},"author":5,"featured_media":0,"parent":513,"menu_order":0,"comment_status":"closed","ping_status":"closed","template":"","meta":{"_monsterinsights_skip_tracking":false,"_monsterinsights_sitenote_active":false,"_monsterinsights_sitenote_note":"","_monsterinsights_sitenote_category":0,"_uf_show_specific_survey":0,"_uf_disable_surveys":false,"footnotes":""},"class_list":["post-1629","page","type-page","status-publish","hentry"],"yoast_head":"<!-- This site is optimized with the Yoast SEO plugin v26.9 - https:\/\/yoast.com\/product\/yoast-seo-wordpress\/ -->\n<title>Becas - Secretar\u00eda de Investigaci\u00f3n y Posgrado<\/title>\n<meta name=\"robots\" content=\"index, follow, max-snippet:-1, max-image-preview:large, max-video-preview:-1\" \/>\n<link rel=\"canonical\" href=\"https:\/\/iyp.fica.unsl.edu.ar\/index.php\/investigacion\/act_investigacion\/becas\/\" \/>\n<meta property=\"og:locale\" content=\"es_ES\" \/>\n<meta property=\"og:type\" content=\"article\" \/>\n<meta property=\"og:title\" content=\"Becas - Secretar\u00eda de Investigaci\u00f3n y Posgrado\" \/>\n<meta property=\"og:description\" content=\"BECAS UNSL El Programa de Becas de investigaci\u00f3n cient\u00edfica y\/o tecnol\u00f3gica pretende fomentar la formaci\u00f3n de recursos humanos en el \u00e1mbito de proyectos de investigaci\u00f3n&hellip;\" \/>\n<meta property=\"og:url\" content=\"https:\/\/iyp.fica.unsl.edu.ar\/index.php\/investigacion\/act_investigacion\/becas\/\" \/>\n<meta property=\"og:site_name\" content=\"Secretar\u00eda de Investigaci\u00f3n y Posgrado\" \/>\n<meta property=\"article:modified_time\" content=\"2023-09-07T15:13:43+00:00\" \/>\n<meta property=\"og:image\" content=\"https:\/\/iyp.fica.unsl.edu.ar\/wp-content\/uploads\/2019\/03\/becas_1-1.png\" \/>\n<meta name=\"twitter:card\" content=\"summary_large_image\" \/>\n<meta name=\"twitter:label1\" content=\"Tiempo de lectura\" \/>\n\t<meta name=\"twitter:data1\" content=\"2 minutos\" \/>\n<script type=\"application\/ld+json\" class=\"yoast-schema-graph\">{\"@context\":\"https:\/\/schema.org\",\"@graph\":[{\"@type\":\"WebPage\",\"@id\":\"https:\/\/iyp.fica.unsl.edu.ar\/index.php\/investigacion\/act_investigacion\/becas\/\",\"url\":\"https:\/\/iyp.fica.unsl.edu.ar\/index.php\/investigacion\/act_investigacion\/becas\/\",\"name\":\"Becas - Secretar\u00eda de Investigaci\u00f3n y Posgrado\",\"isPartOf\":{\"@id\":\"https:\/\/iyp.fica.unsl.edu.ar\/#website\"},\"primaryImageOfPage\":{\"@id\":\"https:\/\/iyp.fica.unsl.edu.ar\/index.php\/investigacion\/act_investigacion\/becas\/#primaryimage\"},\"image\":{\"@id\":\"https:\/\/iyp.fica.unsl.edu.ar\/index.php\/investigacion\/act_investigacion\/becas\/#primaryimage\"},\"thumbnailUrl\":\"https:\/\/iyp.fica.unsl.edu.ar\/wp-content\/uploads\/2019\/03\/becas_1-1.png\",\"datePublished\":\"2019-03-18T12:44:57+00:00\",\"dateModified\":\"2023-09-07T15:13:43+00:00\",\"breadcrumb\":{\"@id\":\"https:\/\/iyp.fica.unsl.edu.ar\/index.php\/investigacion\/act_investigacion\/becas\/#breadcrumb\"},\"inLanguage\":\"es-AR\",\"potentialAction\":[{\"@type\":\"ReadAction\",\"target\":[\"https:\/\/iyp.fica.unsl.edu.ar\/index.php\/investigacion\/act_investigacion\/becas\/\"]}]},{\"@type\":\"ImageObject\",\"inLanguage\":\"es-AR\",\"@id\":\"https:\/\/iyp.fica.unsl.edu.ar\/index.php\/investigacion\/act_investigacion\/becas\/#primaryimage\",\"url\":\"https:\/\/iyp.fica.unsl.edu.ar\/wp-content\/uploads\/2019\/03\/becas_1-1.png\",\"contentUrl\":\"https:\/\/iyp.fica.unsl.edu.ar\/wp-content\/uploads\/2019\/03\/becas_1-1.png\",\"width\":150,\"height\":123},{\"@type\":\"BreadcrumbList\",\"@id\":\"https:\/\/iyp.fica.unsl.edu.ar\/index.php\/investigacion\/act_investigacion\/becas\/#breadcrumb\",\"itemListElement\":[{\"@type\":\"ListItem\",\"position\":1,\"name\":\"Home\",\"item\":\"https:\/\/iyp.fica.unsl.edu.ar\/\"},{\"@type\":\"ListItem\",\"position\":2,\"name\":\"Investigaci\u00f3n\",\"item\":\"https:\/\/iyp.fica.unsl.edu.ar\/index.php\/investigacion\/\"},{\"@type\":\"ListItem\",\"position\":3,\"name\":\"Actividades de Investigaci\u00f3n\",\"item\":\"https:\/\/iyp.fica.unsl.edu.ar\/index.php\/investigacion\/act_investigacion\/\"},{\"@type\":\"ListItem\",\"position\":4,\"name\":\"Becas\"}]},{\"@type\":\"WebSite\",\"@id\":\"https:\/\/iyp.fica.unsl.edu.ar\/#website\",\"url\":\"https:\/\/iyp.fica.unsl.edu.ar\/\",\"name\":\"Secretar\u00eda de Investigaci\u00f3n y Posgrado\",\"description\":\"FICA - UNSL\",\"publisher\":{\"@id\":\"https:\/\/iyp.fica.unsl.edu.ar\/#organization\"},\"potentialAction\":[{\"@type\":\"SearchAction\",\"target\":{\"@type\":\"EntryPoint\",\"urlTemplate\":\"https:\/\/iyp.fica.unsl.edu.ar\/?s={search_term_string}\"},\"query-input\":{\"@type\":\"PropertyValueSpecification\",\"valueRequired\":true,\"valueName\":\"search_term_string\"}}],\"inLanguage\":\"es-AR\"},{\"@type\":\"Organization\",\"@id\":\"https:\/\/iyp.fica.unsl.edu.ar\/#organization\",\"name\":\"FICA - Secretar\u00eda de Investigaci\u00f3n y Posgrado\",\"url\":\"https:\/\/iyp.fica.unsl.edu.ar\/\",\"logo\":{\"@type\":\"ImageObject\",\"inLanguage\":\"es-AR\",\"@id\":\"https:\/\/iyp.fica.unsl.edu.ar\/#\/schema\/logo\/image\/\",\"url\":\"https:\/\/iyp.fica.unsl.edu.ar\/wp-content\/uploads\/2021\/04\/SIyP-v41.png\",\"contentUrl\":\"https:\/\/iyp.fica.unsl.edu.ar\/wp-content\/uploads\/2021\/04\/SIyP-v41.png\",\"width\":4479,\"height\":1232,\"caption\":\"FICA - Secretar\u00eda de Investigaci\u00f3n y Posgrado\"},\"image\":{\"@id\":\"https:\/\/iyp.fica.unsl.edu.ar\/#\/schema\/logo\/image\/\"}}]}<\/script>\n<!-- \/ Yoast SEO plugin. -->","yoast_head_json":{"title":"Becas - Secretar\u00eda de Investigaci\u00f3n y Posgrado","robots":{"index":"index","follow":"follow","max-snippet":"max-snippet:-1","max-image-preview":"max-image-preview:large","max-video-preview":"max-video-preview:-1"},"canonical":"https:\/\/iyp.fica.unsl.edu.ar\/index.php\/investigacion\/act_investigacion\/becas\/","og_locale":"es_ES","og_type":"article","og_title":"Becas - Secretar\u00eda de Investigaci\u00f3n y Posgrado","og_description":"BECAS UNSL El Programa de Becas de investigaci\u00f3n cient\u00edfica y\/o tecnol\u00f3gica pretende fomentar la formaci\u00f3n de recursos humanos en el \u00e1mbito de proyectos de investigaci\u00f3n&hellip;","og_url":"https:\/\/iyp.fica.unsl.edu.ar\/index.php\/investigacion\/act_investigacion\/becas\/","og_site_name":"Secretar\u00eda de Investigaci\u00f3n y Posgrado","article_modified_time":"2023-09-07T15:13:43+00:00","og_image":[{"url":"https:\/\/iyp.fica.unsl.edu.ar\/wp-content\/uploads\/2019\/03\/becas_1-1.png","type":"","width":"","height":""}],"twitter_card":"summary_large_image","twitter_misc":{"Tiempo de lectura":"2 minutos"},"schema":{"@context":"https:\/\/schema.org","@graph":[{"@type":"WebPage","@id":"https:\/\/iyp.fica.unsl.edu.ar\/index.php\/investigacion\/act_investigacion\/becas\/","url":"https:\/\/iyp.fica.unsl.edu.ar\/index.php\/investigacion\/act_investigacion\/becas\/","name":"Becas - Secretar\u00eda de Investigaci\u00f3n y Posgrado","isPartOf":{"@id":"https:\/\/iyp.fica.unsl.edu.ar\/#website"},"primaryImageOfPage":{"@id":"https:\/\/iyp.fica.unsl.edu.ar\/index.php\/investigacion\/act_investigacion\/becas\/#primaryimage"},"image":{"@id":"https:\/\/iyp.fica.unsl.edu.ar\/index.php\/investigacion\/act_investigacion\/becas\/#primaryimage"},"thumbnailUrl":"https:\/\/iyp.fica.unsl.edu.ar\/wp-content\/uploads\/2019\/03\/becas_1-1.png","datePublished":"2019-03-18T12:44:57+00:00","dateModified":"2023-09-07T15:13:43+00:00","breadcrumb":{"@id":"https:\/\/iyp.fica.unsl.edu.ar\/index.php\/investigacion\/act_investigacion\/becas\/#breadcrumb"},"inLanguage":"es-AR","potentialAction":[{"@type":"ReadAction","target":["https:\/\/iyp.fica.unsl.edu.ar\/index.php\/investigacion\/act_investigacion\/becas\/"]}]},{"@type":"ImageObject","inLanguage":"es-AR","@id":"https:\/\/iyp.fica.unsl.edu.ar\/index.php\/investigacion\/act_investigacion\/becas\/#primaryimage","url":"https:\/\/iyp.fica.unsl.edu.ar\/wp-content\/uploads\/2019\/03\/becas_1-1.png","contentUrl":"https:\/\/iyp.fica.unsl.edu.ar\/wp-content\/uploads\/2019\/03\/becas_1-1.png","width":150,"height":123},{"@type":"BreadcrumbList","@id":"https:\/\/iyp.fica.unsl.edu.ar\/index.php\/investigacion\/act_investigacion\/becas\/#breadcrumb","itemListElement":[{"@type":"ListItem","position":1,"name":"Home","item":"https:\/\/iyp.fica.unsl.edu.ar\/"},{"@type":"ListItem","position":2,"name":"Investigaci\u00f3n","item":"https:\/\/iyp.fica.unsl.edu.ar\/index.php\/investigacion\/"},{"@type":"ListItem","position":3,"name":"Actividades de Investigaci\u00f3n","item":"https:\/\/iyp.fica.unsl.edu.ar\/index.php\/investigacion\/act_investigacion\/"},{"@type":"ListItem","position":4,"name":"Becas"}]},{"@type":"WebSite","@id":"https:\/\/iyp.fica.unsl.edu.ar\/#website","url":"https:\/\/iyp.fica.unsl.edu.ar\/","name":"Secretar\u00eda de Investigaci\u00f3n y Posgrado","description":"FICA - UNSL","publisher":{"@id":"https:\/\/iyp.fica.unsl.edu.ar\/#organization"},"potentialAction":[{"@type":"SearchAction","target":{"@type":"EntryPoint","urlTemplate":"https:\/\/iyp.fica.unsl.edu.ar\/?s={search_term_string}"},"query-input":{"@type":"PropertyValueSpecification","valueRequired":true,"valueName":"search_term_string"}}],"inLanguage":"es-AR"},{"@type":"Organization","@id":"https:\/\/iyp.fica.unsl.edu.ar\/#organization","name":"FICA - Secretar\u00eda de Investigaci\u00f3n y Posgrado","url":"https:\/\/iyp.fica.unsl.edu.ar\/","logo":{"@type":"ImageObject","inLanguage":"es-AR","@id":"https:\/\/iyp.fica.unsl.edu.ar\/#\/schema\/logo\/image\/","url":"https:\/\/iyp.fica.unsl.edu.ar\/wp-content\/uploads\/2021\/04\/SIyP-v41.png","contentUrl":"https:\/\/iyp.fica.unsl.edu.ar\/wp-content\/uploads\/2021\/04\/SIyP-v41.png","width":4479,"height":1232,"caption":"FICA - Secretar\u00eda de Investigaci\u00f3n y Posgrado"},"image":{"@id":"https:\/\/iyp.fica.unsl.edu.ar\/#\/schema\/logo\/image\/"}}]}},"_links":{"self":[{"href":"https:\/\/iyp.fica.unsl.edu.ar\/index.php\/wp-json\/wp\/v2\/pages\/1629","targetHints":{"allow":["GET"]}}],"collection":[{"href":"https:\/\/iyp.fica.unsl.edu.ar\/index.php\/wp-json\/wp\/v2\/pages"}],"about":[{"href":"https:\/\/iyp.fica.unsl.edu.ar\/index.php\/wp-json\/wp\/v2\/types\/page"}],"author":[{"embeddable":true,"href":"https:\/\/iyp.fica.unsl.edu.ar\/index.php\/wp-json\/wp\/v2\/users\/5"}],"replies":[{"embeddable":true,"href":"https:\/\/iyp.fica.unsl.edu.ar\/index.php\/wp-json\/wp\/v2\/comments?post=1629"}],"version-history":[{"count":11,"href":"https:\/\/iyp.fica.unsl.edu.ar\/index.php\/wp-json\/wp\/v2\/pages\/1629\/revisions"}],"predecessor-version":[{"id":4682,"href":"https:\/\/iyp.fica.unsl.edu.ar\/index.php\/wp-json\/wp\/v2\/pages\/1629\/revisions\/4682"}],"up":[{"embeddable":true,"href":"https:\/\/iyp.fica.unsl.edu.ar\/index.php\/wp-json\/wp\/v2\/pages\/513"}],"wp:attachment":[{"href":"https:\/\/iyp.fica.unsl.edu.ar\/index.php\/wp-json\/wp\/v2\/media?parent=1629"}],"curies":[{"name":"wp","href":"https:\/\/api.w.org\/{rel}","templated":true}]}}