{"id":1337,"date":"2019-02-08T11:53:26","date_gmt":"2019-02-08T14:53:26","guid":{"rendered":"http:\/\/https:\/\/iyp.fica.unsl.edu.ar\/?page_id=1337"},"modified":"2025-07-30T11:31:34","modified_gmt":"2025-07-30T14:31:34","slug":"nuevas-presentaciones","status":"publish","type":"page","link":"https:\/\/iyp.fica.unsl.edu.ar\/index.php\/investigacion\/act_investigacion\/nuevas-presentaciones\/","title":{"rendered":"Nuevas Presentaciones"},"content":{"rendered":"\t\t<div data-elementor-type=\"wp-post\" data-elementor-id=\"1337\" class=\"elementor elementor-1337\">\n\t\t\t\t\t\t<section class=\"elementor-section elementor-top-section elementor-element elementor-element-01a978c elementor-section-boxed elementor-section-height-default elementor-section-height-default\" data-id=\"01a978c\" data-element_type=\"section\" data-e-type=\"section\">\n\t\t\t\t\t\t<div class=\"elementor-container elementor-column-gap-default\">\n\t\t\t\t\t<div class=\"elementor-column elementor-col-50 elementor-top-column elementor-element elementor-element-d5bc44a\" data-id=\"d5bc44a\" data-element_type=\"column\" data-e-type=\"column\">\n\t\t\t<div class=\"elementor-widget-wrap elementor-element-populated\">\n\t\t\t\t\t\t<div class=\"elementor-element elementor-element-0b127db elementor-widget elementor-widget-heading\" data-id=\"0b127db\" data-element_type=\"widget\" data-e-type=\"widget\" data-widget_type=\"heading.default\">\n\t\t\t\t<div class=\"elementor-widget-container\">\n\t\t\t\t\t<h2 class=\"elementor-heading-title elementor-size-default\">PRESENTACIONES DE PROYECTOS DE INVESTIGACI\u00d3N<\/h2>\t\t\t\t<\/div>\n\t\t\t\t<\/div>\n\t\t\t\t<div class=\"elementor-element elementor-element-5c7fe7a elementor-widget elementor-widget-text-editor\" data-id=\"5c7fe7a\" data-element_type=\"widget\" data-e-type=\"widget\" data-widget_type=\"text-editor.default\">\n\t\t\t\t<div class=\"elementor-widget-container\">\n\t\t\t\t\t\t\t\t\t<p>Cada cuatro (4) a\u00f1os la Secretar\u00eda de Ciencia y Tecnolog\u00eda de la UNSL propondr\u00e1 al Consejo Superior para su aprobaci\u00f3n, la convocatoria para la presentaci\u00f3n de PI, cuyas pautas, bases y cronograma estar\u00e1n avalados por el Consejo de Investigaciones.<\/p>\t\t\t\t\t\t\t\t<\/div>\n\t\t\t\t<\/div>\n\t\t\t\t<div class=\"elementor-element elementor-element-27c3a5f elementor-widget elementor-widget-text-editor\" data-id=\"27c3a5f\" data-element_type=\"widget\" data-e-type=\"widget\" data-widget_type=\"text-editor.default\">\n\t\t\t\t<div class=\"elementor-widget-container\">\n\t\t\t\t\t\t\t\t\t<p><strong><span style=\"color: #800000;\">Apertura de Convocatoria:\u00a0<\/span><\/strong><span style=\"color: #686868; font-family: -apple-system, BlinkMacSystemFont, 'Segoe UI', Roboto, 'Helvetica Neue', Arial, sans-serif; background-color: #ffffff;\">A partir del\u00a0<\/span><span style=\"box-sizing: inherit; font-weight: bolder; color: #686868; font-family: -apple-system, BlinkMacSystemFont, 'Segoe UI', Roboto, 'Helvetica Neue', Arial, sans-serif; background-color: #ffffff;\">23 de junio<\/span><span style=\"color: #686868; font-family: -apple-system, BlinkMacSystemFont, 'Segoe UI', Roboto, 'Helvetica Neue', Arial, sans-serif; background-color: #ffffff;\">\u00a0hasta el\u00a0<\/span><span style=\"box-sizing: inherit; font-weight: bolder; color: #686868; font-family: -apple-system, BlinkMacSystemFont, 'Segoe UI', Roboto, 'Helvetica Neue', Arial, sans-serif; background-color: #ffffff;\">18 de agosto de 2025<\/span><span style=\"color: #686868; font-family: -apple-system, BlinkMacSystemFont, 'Segoe UI', Roboto, 'Helvetica Neue', Arial, sans-serif; background-color: #ffffff;\">, durante ese per\u00edodo, se brindar\u00e1 asistencia t\u00e9cnica a las consultas (23\/06\/25 al 04\/07\/25 y 21\/07\/25 al 18\/08\/25).<\/span><\/p>\t\t\t\t\t\t\t\t<\/div>\n\t\t\t\t<\/div>\n\t\t\t\t<div class=\"elementor-element elementor-element-28348eb elementor-widget elementor-widget-text-editor\" data-id=\"28348eb\" data-element_type=\"widget\" data-e-type=\"widget\" data-widget_type=\"text-editor.default\">\n\t\t\t\t<div class=\"elementor-widget-container\">\n\t\t\t\t\t\t\t\t\t<p><span style=\"color: #800000;\"><strong>Forma de Presentaci\u00f3n:<\/strong><\/span>\u00a0 La presentaci\u00f3n se realiza a trav\u00e9s del sistema SIGEVA-UNSL<\/p><ul><li>Documentaci\u00f3n impresa en Sec.de Inv. y Posgrado<\/li><\/ul>\t\t\t\t\t\t\t\t<\/div>\n\t\t\t\t<\/div>\n\t\t\t\t<div class=\"elementor-element elementor-element-d7e9e48 elementor-widget elementor-widget-text-editor\" data-id=\"d7e9e48\" data-element_type=\"widget\" data-e-type=\"widget\" data-widget_type=\"text-editor.default\">\n\t\t\t\t<div class=\"elementor-widget-container\">\n\t\t\t\t\t\t\t\t\t<p><strong><span style=\"color: #800000;\">Reglamentaci\u00f3n, requisitos y Formularios:\u00a0\u00a0<\/span><\/strong><\/p><ul><li style=\"text-align: left;\"><span style=\"color: #993366;\"><a style=\"color: #993366;\" href=\"https:\/\/iyp.fica.unsl.edu.ar\/wp-content\/uploads\/2025\/05\/OCS-4-25-Reglamento-Actividades-de-Proy-Investigacion-UNSL-2.pdf\">\u00a0 OCS N\u00b0 4 \/ 25 Reglamento Actividades de Proyectos Investigaci\u00f3n UNSL\u00a0 &#8211; PI UNSL<\/a><\/span><\/li><li><span style=\"color: #800000;\"><span style=\"color: #333333;\">\u00a0<\/span><\/span><span style=\"color: #ff0000;\"><a style=\"color: #ff0000;\" href=\"https:\/\/scyt.unsl.edu.ar\/wp-content\/uploads\/proyectos_de_investigacion\/OCS_42-19-modificatoria%20Ord%20CS%2064-15.pdf\"><span style=\"align-self: center; padding-left: 5px;\"><span style=\"color: #993300;\">OCS N\u00b0 42\/19<\/span> &#8211;<\/span><\/a><\/span><span style=\"color: var( --e-global-color-secondary ); align-self: center; padding-left: 5px;\">Modificaciones de la OCS. 64\/15 (derogada)<\/span><\/li><li><span style=\"color: #800000;\"><span style=\"color: #333333;\"><span style=\"color: #993300;\"><a style=\"color: #993300;\" href=\"https:\/\/drive.google.com\/file\/d\/1anBRfroQ7aqg5A6SO5OtZaDinxQOmN2M\/view?usp=sharing\" target=\"_blank\" rel=\"noopener\">\u00a0 OCS. 64\/15<\/a> <\/span>-Reglamento de las actividades de PROYECTOS DE INVESTIGACI\u00d3N (derogada)<\/span><\/span><\/li><\/ul>\t\t\t\t\t\t\t\t<\/div>\n\t\t\t\t<\/div>\n\t\t\t\t\t<\/div>\n\t\t<\/div>\n\t\t\t\t<div class=\"elementor-column elementor-col-50 elementor-top-column elementor-element elementor-element-4aa73dd\" data-id=\"4aa73dd\" data-element_type=\"column\" data-e-type=\"column\">\n\t\t\t<div class=\"elementor-widget-wrap elementor-element-populated\">\n\t\t\t\t\t\t<div class=\"elementor-element elementor-element-44b2000 elementor-widget elementor-widget-image\" data-id=\"44b2000\" data-element_type=\"widget\" data-e-type=\"widget\" data-widget_type=\"image.default\">\n\t\t\t\t<div class=\"elementor-widget-container\">\n\t\t\t\t\t\t\t\t\t\t\t\t\t\t\t<img decoding=\"async\" width=\"221\" height=\"172\" src=\"https:\/\/iyp.fica.unsl.edu.ar\/wp-content\/uploads\/2019\/02\/presentacion.png\" class=\"attachment-large size-large wp-image-1462\" alt=\"\" \/>\t\t\t\t\t\t\t\t\t\t\t\t\t\t\t<\/div>\n\t\t\t\t<\/div>\n\t\t\t\t<div class=\"elementor-element elementor-element-5b22f81 elementor-widget elementor-widget-toggle\" data-id=\"5b22f81\" data-element_type=\"widget\" data-e-type=\"widget\" data-widget_type=\"toggle.default\">\n\t\t\t\t<div class=\"elementor-widget-container\">\n\t\t\t\t\t\t\t<div class=\"elementor-toggle\">\n\t\t\t\t\t\t\t<div class=\"elementor-toggle-item\">\n\t\t\t\t\t<div id=\"elementor-tab-title-9551\" class=\"elementor-tab-title\" data-tab=\"1\" role=\"button\" aria-controls=\"elementor-tab-content-9551\" aria-expanded=\"false\">\n\t\t\t\t\t\t\t\t\t\t\t\t<span class=\"elementor-toggle-icon elementor-toggle-icon-left\" aria-hidden=\"true\">\n\t\t\t\t\t\t\t\t\t\t\t\t\t\t\t<span class=\"elementor-toggle-icon-closed\"><i class=\"fas fa-caret-right\"><\/i><\/span>\n\t\t\t\t\t\t\t\t<span class=\"elementor-toggle-icon-opened\"><i class=\"elementor-toggle-icon-opened fas fa-caret-up\"><\/i><\/span>\n\t\t\t\t\t\t\t\t\t\t\t\t\t<\/span>\n\t\t\t\t\t\t\t\t\t\t\t\t<a class=\"elementor-toggle-title\" tabindex=\"0\">Proyectos de Investigaci\u00f3n - Nuevas Presentaciones<\/a>\n\t\t\t\t\t<\/div>\n\n\t\t\t\t\t<div id=\"elementor-tab-content-9551\" class=\"elementor-tab-content elementor-clearfix\" data-tab=\"1\" role=\"region\" aria-labelledby=\"elementor-tab-title-9551\"><ul><li><span style=\"color: #993300;\">Proyectos de investigaci\u00f3n FICA 2023<\/span>\u00a0<a href=\"https:\/\/iyp.fica.unsl.edu.ar\/wp-content\/uploads\/2024\/05\/RCS-214-23-Aprobacion-Nuevas-Presentac-Proy-de-Investigacion-2023.pdf\">RCS 214\/23\u00a0<\/a><\/li><li><span style=\"color: #993300;\">Proyectos aprobados: <a href=\"https:\/\/iyp.fica.unsl.edu.ar\/wp-content\/uploads\/2020\/12\/Res-138-20-CS.pdf\">RCS 138\/20<\/a><\/span>\u00a0(<span style=\"color: #993300;\">Rectificativa\u00a0<a href=\"https:\/\/iyp.fica.unsl.edu.ar\/wp-content\/uploads\/2020\/12\/Res-937-20-Rectificativa-RCS-138-2020.pdf\">RCS 937\/20<\/a><\/span>)<\/li><li><span style=\"color: #993300;\">Proyectos de investigaci\u00f3n FICA 2018 &#8211; Nuevas Presentaciones (<a href=\"https:\/\/iyp.fica.unsl.edu.ar\/docs\/Investigacion_NP\/RCS126-18.pdf\">RCS 126\/18<\/a> &#8211; rectificativa <a href=\"https:\/\/iyp.fica.unsl.edu.ar\/docs\/Investigacion_NP\/RCS165-18.pdf\">RCS 165\/18<\/a><\/span><span style=\"color: #993300;\">)<\/span><\/li><li><span style=\"color: #993300;\"><a style=\"color: #993300;\" href=\"https:\/\/iyp.fica.unsl.edu.ar\/docs\/Investigacion_NP\/Nuevaspresent2016.pdf\">Proyectos de investigaci\u00f3n FICA 2016 &#8211; Nuevas Presentaciones (Res.CS 354\/16)<\/a><\/span><\/li><li><span style=\"color: #993300;\"><a style=\"color: #993300;\" href=\"https:\/\/iyp.fica.unsl.edu.ar\/docs\/resoluciones_pi\/Resol1708-14-ProyectosInv-c_digos.pdf\">Proyectos de investigaci\u00f3n FICA 2014 (Res.CS 1708\/15)<\/a><\/span><\/li><\/ul><\/div>\n\t\t\t\t<\/div>\n\t\t\t\t\t\t\t\t<\/div>\n\t\t\t\t\t\t<\/div>\n\t\t\t\t<\/div>\n\t\t\t\t\t<\/div>\n\t\t<\/div>\n\t\t\t\t\t<\/div>\n\t\t<\/section>\n\t\t\t\t<section class=\"elementor-section elementor-top-section elementor-element elementor-element-cb336c8 elementor-section-boxed elementor-section-height-default elementor-section-height-default\" data-id=\"cb336c8\" data-element_type=\"section\" data-e-type=\"section\">\n\t\t\t\t\t\t<div class=\"elementor-container elementor-column-gap-default\">\n\t\t\t\t\t<div class=\"elementor-column elementor-col-100 elementor-top-column elementor-element elementor-element-5cac966\" data-id=\"5cac966\" data-element_type=\"column\" data-e-type=\"column\">\n\t\t\t<div class=\"elementor-widget-wrap elementor-element-populated\">\n\t\t\t\t\t\t<div class=\"elementor-element elementor-element-276ae7f elementor-widget elementor-widget-spacer\" data-id=\"276ae7f\" data-element_type=\"widget\" data-e-type=\"widget\" data-widget_type=\"spacer.default\">\n\t\t\t\t<div class=\"elementor-widget-container\">\n\t\t\t\t\t\t\t<div class=\"elementor-spacer\">\n\t\t\t<div class=\"elementor-spacer-inner\"><\/div>\n\t\t<\/div>\n\t\t\t\t\t\t<\/div>\n\t\t\t\t<\/div>\n\t\t\t\t\t<\/div>\n\t\t<\/div>\n\t\t\t\t\t<\/div>\n\t\t<\/section>\n\t\t\t\t<\/div>\n\t\t","protected":false},"excerpt":{"rendered":"<p>PRESENTACIONES DE PROYECTOS DE INVESTIGACI\u00d3N Cada cuatro (4) a\u00f1os la Secretar\u00eda de Ciencia y Tecnolog\u00eda de la UNSL propondr\u00e1 al Consejo Superior para su aprobaci\u00f3n,&hellip;<\/p>\n","protected":false},"author":5,"featured_media":0,"parent":513,"menu_order":0,"comment_status":"closed","ping_status":"closed","template":"","meta":{"_monsterinsights_skip_tracking":false,"_monsterinsights_sitenote_active":false,"_monsterinsights_sitenote_note":"","_monsterinsights_sitenote_category":0,"_uf_show_specific_survey":0,"_uf_disable_surveys":false,"footnotes":""},"class_list":["post-1337","page","type-page","status-publish","hentry"],"yoast_head":"<!-- This site is optimized with the Yoast SEO plugin v26.9 - https:\/\/yoast.com\/product\/yoast-seo-wordpress\/ -->\n<title>Nuevas Presentaciones - Secretar\u00eda de Investigaci\u00f3n y Posgrado<\/title>\n<meta name=\"robots\" content=\"index, follow, max-snippet:-1, max-image-preview:large, max-video-preview:-1\" \/>\n<link rel=\"canonical\" href=\"https:\/\/iyp.fica.unsl.edu.ar\/index.php\/investigacion\/act_investigacion\/nuevas-presentaciones\/\" \/>\n<meta property=\"og:locale\" content=\"es_ES\" \/>\n<meta property=\"og:type\" content=\"article\" \/>\n<meta property=\"og:title\" content=\"Nuevas Presentaciones - Secretar\u00eda de Investigaci\u00f3n y Posgrado\" \/>\n<meta property=\"og:description\" content=\"PRESENTACIONES DE PROYECTOS DE INVESTIGACI\u00d3N Cada cuatro (4) a\u00f1os la Secretar\u00eda de Ciencia y Tecnolog\u00eda de la UNSL propondr\u00e1 al Consejo Superior para su aprobaci\u00f3n,&hellip;\" \/>\n<meta property=\"og:url\" content=\"https:\/\/iyp.fica.unsl.edu.ar\/index.php\/investigacion\/act_investigacion\/nuevas-presentaciones\/\" \/>\n<meta property=\"og:site_name\" content=\"Secretar\u00eda de Investigaci\u00f3n y Posgrado\" \/>\n<meta property=\"article:modified_time\" content=\"2025-07-30T14:31:34+00:00\" \/>\n<meta property=\"og:image\" content=\"https:\/\/iyp.fica.unsl.edu.ar\/wp-content\/uploads\/2019\/02\/presentacion.png\" \/>\n<meta name=\"twitter:card\" content=\"summary_large_image\" \/>\n<meta name=\"twitter:label1\" content=\"Tiempo de lectura\" \/>\n\t<meta name=\"twitter:data1\" content=\"2 minutos\" \/>\n<script type=\"application\/ld+json\" class=\"yoast-schema-graph\">{\"@context\":\"https:\/\/schema.org\",\"@graph\":[{\"@type\":\"WebPage\",\"@id\":\"https:\/\/iyp.fica.unsl.edu.ar\/index.php\/investigacion\/act_investigacion\/nuevas-presentaciones\/\",\"url\":\"https:\/\/iyp.fica.unsl.edu.ar\/index.php\/investigacion\/act_investigacion\/nuevas-presentaciones\/\",\"name\":\"Nuevas Presentaciones - Secretar\u00eda de Investigaci\u00f3n y Posgrado\",\"isPartOf\":{\"@id\":\"https:\/\/iyp.fica.unsl.edu.ar\/#website\"},\"primaryImageOfPage\":{\"@id\":\"https:\/\/iyp.fica.unsl.edu.ar\/index.php\/investigacion\/act_investigacion\/nuevas-presentaciones\/#primaryimage\"},\"image\":{\"@id\":\"https:\/\/iyp.fica.unsl.edu.ar\/index.php\/investigacion\/act_investigacion\/nuevas-presentaciones\/#primaryimage\"},\"thumbnailUrl\":\"https:\/\/iyp.fica.unsl.edu.ar\/wp-content\/uploads\/2019\/02\/presentacion.png\",\"datePublished\":\"2019-02-08T14:53:26+00:00\",\"dateModified\":\"2025-07-30T14:31:34+00:00\",\"breadcrumb\":{\"@id\":\"https:\/\/iyp.fica.unsl.edu.ar\/index.php\/investigacion\/act_investigacion\/nuevas-presentaciones\/#breadcrumb\"},\"inLanguage\":\"es-AR\",\"potentialAction\":[{\"@type\":\"ReadAction\",\"target\":[\"https:\/\/iyp.fica.unsl.edu.ar\/index.php\/investigacion\/act_investigacion\/nuevas-presentaciones\/\"]}]},{\"@type\":\"ImageObject\",\"inLanguage\":\"es-AR\",\"@id\":\"https:\/\/iyp.fica.unsl.edu.ar\/index.php\/investigacion\/act_investigacion\/nuevas-presentaciones\/#primaryimage\",\"url\":\"https:\/\/iyp.fica.unsl.edu.ar\/wp-content\/uploads\/2019\/02\/presentacion.png\",\"contentUrl\":\"https:\/\/iyp.fica.unsl.edu.ar\/wp-content\/uploads\/2019\/02\/presentacion.png\",\"width\":221,\"height\":172},{\"@type\":\"BreadcrumbList\",\"@id\":\"https:\/\/iyp.fica.unsl.edu.ar\/index.php\/investigacion\/act_investigacion\/nuevas-presentaciones\/#breadcrumb\",\"itemListElement\":[{\"@type\":\"ListItem\",\"position\":1,\"name\":\"Home\",\"item\":\"https:\/\/iyp.fica.unsl.edu.ar\/\"},{\"@type\":\"ListItem\",\"position\":2,\"name\":\"Investigaci\u00f3n\",\"item\":\"https:\/\/iyp.fica.unsl.edu.ar\/index.php\/investigacion\/\"},{\"@type\":\"ListItem\",\"position\":3,\"name\":\"Actividades de Investigaci\u00f3n\",\"item\":\"https:\/\/iyp.fica.unsl.edu.ar\/index.php\/investigacion\/act_investigacion\/\"},{\"@type\":\"ListItem\",\"position\":4,\"name\":\"Nuevas Presentaciones\"}]},{\"@type\":\"WebSite\",\"@id\":\"https:\/\/iyp.fica.unsl.edu.ar\/#website\",\"url\":\"https:\/\/iyp.fica.unsl.edu.ar\/\",\"name\":\"Secretar\u00eda de Investigaci\u00f3n y Posgrado\",\"description\":\"FICA - UNSL\",\"publisher\":{\"@id\":\"https:\/\/iyp.fica.unsl.edu.ar\/#organization\"},\"potentialAction\":[{\"@type\":\"SearchAction\",\"target\":{\"@type\":\"EntryPoint\",\"urlTemplate\":\"https:\/\/iyp.fica.unsl.edu.ar\/?s={search_term_string}\"},\"query-input\":{\"@type\":\"PropertyValueSpecification\",\"valueRequired\":true,\"valueName\":\"search_term_string\"}}],\"inLanguage\":\"es-AR\"},{\"@type\":\"Organization\",\"@id\":\"https:\/\/iyp.fica.unsl.edu.ar\/#organization\",\"name\":\"FICA - Secretar\u00eda de Investigaci\u00f3n y Posgrado\",\"url\":\"https:\/\/iyp.fica.unsl.edu.ar\/\",\"logo\":{\"@type\":\"ImageObject\",\"inLanguage\":\"es-AR\",\"@id\":\"https:\/\/iyp.fica.unsl.edu.ar\/#\/schema\/logo\/image\/\",\"url\":\"https:\/\/iyp.fica.unsl.edu.ar\/wp-content\/uploads\/2021\/04\/SIyP-v41.png\",\"contentUrl\":\"https:\/\/iyp.fica.unsl.edu.ar\/wp-content\/uploads\/2021\/04\/SIyP-v41.png\",\"width\":4479,\"height\":1232,\"caption\":\"FICA - Secretar\u00eda de Investigaci\u00f3n y Posgrado\"},\"image\":{\"@id\":\"https:\/\/iyp.fica.unsl.edu.ar\/#\/schema\/logo\/image\/\"}}]}<\/script>\n<!-- \/ Yoast SEO plugin. -->","yoast_head_json":{"title":"Nuevas Presentaciones - Secretar\u00eda de Investigaci\u00f3n y Posgrado","robots":{"index":"index","follow":"follow","max-snippet":"max-snippet:-1","max-image-preview":"max-image-preview:large","max-video-preview":"max-video-preview:-1"},"canonical":"https:\/\/iyp.fica.unsl.edu.ar\/index.php\/investigacion\/act_investigacion\/nuevas-presentaciones\/","og_locale":"es_ES","og_type":"article","og_title":"Nuevas Presentaciones - Secretar\u00eda de Investigaci\u00f3n y Posgrado","og_description":"PRESENTACIONES DE PROYECTOS DE INVESTIGACI\u00d3N Cada cuatro (4) a\u00f1os la Secretar\u00eda de Ciencia y Tecnolog\u00eda de la UNSL propondr\u00e1 al Consejo Superior para su aprobaci\u00f3n,&hellip;","og_url":"https:\/\/iyp.fica.unsl.edu.ar\/index.php\/investigacion\/act_investigacion\/nuevas-presentaciones\/","og_site_name":"Secretar\u00eda de Investigaci\u00f3n y Posgrado","article_modified_time":"2025-07-30T14:31:34+00:00","og_image":[{"url":"https:\/\/iyp.fica.unsl.edu.ar\/wp-content\/uploads\/2019\/02\/presentacion.png","type":"","width":"","height":""}],"twitter_card":"summary_large_image","twitter_misc":{"Tiempo de lectura":"2 minutos"},"schema":{"@context":"https:\/\/schema.org","@graph":[{"@type":"WebPage","@id":"https:\/\/iyp.fica.unsl.edu.ar\/index.php\/investigacion\/act_investigacion\/nuevas-presentaciones\/","url":"https:\/\/iyp.fica.unsl.edu.ar\/index.php\/investigacion\/act_investigacion\/nuevas-presentaciones\/","name":"Nuevas Presentaciones - Secretar\u00eda de Investigaci\u00f3n y Posgrado","isPartOf":{"@id":"https:\/\/iyp.fica.unsl.edu.ar\/#website"},"primaryImageOfPage":{"@id":"https:\/\/iyp.fica.unsl.edu.ar\/index.php\/investigacion\/act_investigacion\/nuevas-presentaciones\/#primaryimage"},"image":{"@id":"https:\/\/iyp.fica.unsl.edu.ar\/index.php\/investigacion\/act_investigacion\/nuevas-presentaciones\/#primaryimage"},"thumbnailUrl":"https:\/\/iyp.fica.unsl.edu.ar\/wp-content\/uploads\/2019\/02\/presentacion.png","datePublished":"2019-02-08T14:53:26+00:00","dateModified":"2025-07-30T14:31:34+00:00","breadcrumb":{"@id":"https:\/\/iyp.fica.unsl.edu.ar\/index.php\/investigacion\/act_investigacion\/nuevas-presentaciones\/#breadcrumb"},"inLanguage":"es-AR","potentialAction":[{"@type":"ReadAction","target":["https:\/\/iyp.fica.unsl.edu.ar\/index.php\/investigacion\/act_investigacion\/nuevas-presentaciones\/"]}]},{"@type":"ImageObject","inLanguage":"es-AR","@id":"https:\/\/iyp.fica.unsl.edu.ar\/index.php\/investigacion\/act_investigacion\/nuevas-presentaciones\/#primaryimage","url":"https:\/\/iyp.fica.unsl.edu.ar\/wp-content\/uploads\/2019\/02\/presentacion.png","contentUrl":"https:\/\/iyp.fica.unsl.edu.ar\/wp-content\/uploads\/2019\/02\/presentacion.png","width":221,"height":172},{"@type":"BreadcrumbList","@id":"https:\/\/iyp.fica.unsl.edu.ar\/index.php\/investigacion\/act_investigacion\/nuevas-presentaciones\/#breadcrumb","itemListElement":[{"@type":"ListItem","position":1,"name":"Home","item":"https:\/\/iyp.fica.unsl.edu.ar\/"},{"@type":"ListItem","position":2,"name":"Investigaci\u00f3n","item":"https:\/\/iyp.fica.unsl.edu.ar\/index.php\/investigacion\/"},{"@type":"ListItem","position":3,"name":"Actividades de Investigaci\u00f3n","item":"https:\/\/iyp.fica.unsl.edu.ar\/index.php\/investigacion\/act_investigacion\/"},{"@type":"ListItem","position":4,"name":"Nuevas Presentaciones"}]},{"@type":"WebSite","@id":"https:\/\/iyp.fica.unsl.edu.ar\/#website","url":"https:\/\/iyp.fica.unsl.edu.ar\/","name":"Secretar\u00eda de Investigaci\u00f3n y Posgrado","description":"FICA - UNSL","publisher":{"@id":"https:\/\/iyp.fica.unsl.edu.ar\/#organization"},"potentialAction":[{"@type":"SearchAction","target":{"@type":"EntryPoint","urlTemplate":"https:\/\/iyp.fica.unsl.edu.ar\/?s={search_term_string}"},"query-input":{"@type":"PropertyValueSpecification","valueRequired":true,"valueName":"search_term_string"}}],"inLanguage":"es-AR"},{"@type":"Organization","@id":"https:\/\/iyp.fica.unsl.edu.ar\/#organization","name":"FICA - Secretar\u00eda de Investigaci\u00f3n y Posgrado","url":"https:\/\/iyp.fica.unsl.edu.ar\/","logo":{"@type":"ImageObject","inLanguage":"es-AR","@id":"https:\/\/iyp.fica.unsl.edu.ar\/#\/schema\/logo\/image\/","url":"https:\/\/iyp.fica.unsl.edu.ar\/wp-content\/uploads\/2021\/04\/SIyP-v41.png","contentUrl":"https:\/\/iyp.fica.unsl.edu.ar\/wp-content\/uploads\/2021\/04\/SIyP-v41.png","width":4479,"height":1232,"caption":"FICA - Secretar\u00eda de Investigaci\u00f3n y Posgrado"},"image":{"@id":"https:\/\/iyp.fica.unsl.edu.ar\/#\/schema\/logo\/image\/"}}]}},"_links":{"self":[{"href":"https:\/\/iyp.fica.unsl.edu.ar\/index.php\/wp-json\/wp\/v2\/pages\/1337","targetHints":{"allow":["GET"]}}],"collection":[{"href":"https:\/\/iyp.fica.unsl.edu.ar\/index.php\/wp-json\/wp\/v2\/pages"}],"about":[{"href":"https:\/\/iyp.fica.unsl.edu.ar\/index.php\/wp-json\/wp\/v2\/types\/page"}],"author":[{"embeddable":true,"href":"https:\/\/iyp.fica.unsl.edu.ar\/index.php\/wp-json\/wp\/v2\/users\/5"}],"replies":[{"embeddable":true,"href":"https:\/\/iyp.fica.unsl.edu.ar\/index.php\/wp-json\/wp\/v2\/comments?post=1337"}],"version-history":[{"count":21,"href":"https:\/\/iyp.fica.unsl.edu.ar\/index.php\/wp-json\/wp\/v2\/pages\/1337\/revisions"}],"predecessor-version":[{"id":5730,"href":"https:\/\/iyp.fica.unsl.edu.ar\/index.php\/wp-json\/wp\/v2\/pages\/1337\/revisions\/5730"}],"up":[{"embeddable":true,"href":"https:\/\/iyp.fica.unsl.edu.ar\/index.php\/wp-json\/wp\/v2\/pages\/513"}],"wp:attachment":[{"href":"https:\/\/iyp.fica.unsl.edu.ar\/index.php\/wp-json\/wp\/v2\/media?parent=1337"}],"curies":[{"name":"wp","href":"https:\/\/api.w.org\/{rel}","templated":true}]}}