{"id":1142,"date":"2018-11-09T09:09:08","date_gmt":"2018-11-09T12:09:08","guid":{"rendered":"http:\/\/https:\/\/iyp.fica.unsl.edu.ar\/?page_id=1142"},"modified":"2025-05-26T10:16:03","modified_gmt":"2025-05-26T13:16:03","slug":"formularios_posgrado","status":"publish","type":"page","link":"https:\/\/iyp.fica.unsl.edu.ar\/index.php\/posgrado\/formularios_posgrado\/","title":{"rendered":"Formularios"},"content":{"rendered":"\t\t<div data-elementor-type=\"wp-post\" data-elementor-id=\"1142\" class=\"elementor elementor-1142\">\n\t\t\t\t\t\t<section class=\"elementor-section elementor-top-section elementor-element elementor-element-9708319 elementor-section-boxed elementor-section-height-default elementor-section-height-default\" data-id=\"9708319\" data-element_type=\"section\" data-e-type=\"section\">\n\t\t\t\t\t\t<div class=\"elementor-container elementor-column-gap-default\">\n\t\t\t\t\t<div class=\"elementor-column elementor-col-100 elementor-top-column elementor-element elementor-element-ebc5405\" data-id=\"ebc5405\" data-element_type=\"column\" data-e-type=\"column\">\n\t\t\t<div class=\"elementor-widget-wrap elementor-element-populated\">\n\t\t\t\t\t\t<div class=\"elementor-element elementor-element-a4a5c1f elementor-widget elementor-widget-text-editor\" data-id=\"a4a5c1f\" data-element_type=\"widget\" data-e-type=\"widget\" data-widget_type=\"text-editor.default\">\n\t\t\t\t<div class=\"elementor-widget-container\">\n\t\t\t\t\t\t\t\t\t<h1 style=\"text-align: center;\"><span style=\"color: #808080;\"><strong>FORMULARIOS DE POSGRADO<\/strong><\/span><\/h1>\t\t\t\t\t\t\t\t<\/div>\n\t\t\t\t<\/div>\n\t\t\t\t\t<\/div>\n\t\t<\/div>\n\t\t\t\t\t<\/div>\n\t\t<\/section>\n\t\t\t\t<section class=\"elementor-section elementor-top-section elementor-element elementor-element-d79f7c6 elementor-section-boxed elementor-section-height-default elementor-section-height-default\" data-id=\"d79f7c6\" data-element_type=\"section\" data-e-type=\"section\">\n\t\t\t\t\t\t<div class=\"elementor-container elementor-column-gap-default\">\n\t\t\t\t\t<div class=\"elementor-column elementor-col-100 elementor-top-column elementor-element elementor-element-d8224b6\" data-id=\"d8224b6\" data-element_type=\"column\" data-e-type=\"column\">\n\t\t\t<div class=\"elementor-widget-wrap elementor-element-populated\">\n\t\t\t\t\t\t<div class=\"elementor-element elementor-element-dec2abc elementor-widget elementor-widget-toggle\" data-id=\"dec2abc\" data-element_type=\"widget\" data-e-type=\"widget\" data-widget_type=\"toggle.default\">\n\t\t\t\t<div class=\"elementor-widget-container\">\n\t\t\t\t\t\t\t<div class=\"elementor-toggle\">\n\t\t\t\t\t\t\t<div class=\"elementor-toggle-item\">\n\t\t\t\t\t<div id=\"elementor-tab-title-2331\" class=\"elementor-tab-title\" data-tab=\"1\" role=\"button\" aria-controls=\"elementor-tab-content-2331\" aria-expanded=\"false\">\n\t\t\t\t\t\t\t\t\t\t\t\t<span class=\"elementor-toggle-icon elementor-toggle-icon-left\" aria-hidden=\"true\">\n\t\t\t\t\t\t\t\t\t\t\t\t\t\t\t<span class=\"elementor-toggle-icon-closed\"><i class=\"fas fa-caret-right\"><\/i><\/span>\n\t\t\t\t\t\t\t\t<span class=\"elementor-toggle-icon-opened\"><i class=\"elementor-toggle-icon-opened fas fa-caret-up\"><\/i><\/span>\n\t\t\t\t\t\t\t\t\t\t\t\t\t<\/span>\n\t\t\t\t\t\t\t\t\t\t\t\t<a class=\"elementor-toggle-title\" tabindex=\"0\">Doctorados -  Formularios<\/a>\n\t\t\t\t\t<\/div>\n\n\t\t\t\t\t<div id=\"elementor-tab-content-2331\" class=\"elementor-tab-content elementor-clearfix\" data-tab=\"1\" role=\"region\" aria-labelledby=\"elementor-tab-title-2331\"><ul><li><span style=\"color: #800080;\"><a style=\"color: #800080;\" href=\"https:\/\/iyp.fica.unsl.edu.ar\/wp-content\/uploads\/2024\/03\/FORMULARIO-1-Solicitud-de-ADMISION-DOCTORADO.pdf\">FORMULARIO 1 &#8211; Solicitud de ADMISI\u00d3N DOCTORADOS<\/a><\/span><\/li><li><span style=\"color: #800080;\"><a style=\"color: #800080;\" href=\"https:\/\/iyp.fica.unsl.edu.ar\/wp-content\/uploads\/2024\/08\/FORMULARIO-1-DIE.pdf\">FORMULARIO 1A &#8211; Solicitud de ADMISI\u00d3N para el DOCTORADO EN INGENIER\u00cdA ELECTR\u00d3NICA<\/a><\/span><\/li><li><span style=\"color: #800080;\"><a style=\"color: #800080;\" href=\"https:\/\/iyp.fica.unsl.edu.ar\/wp-content\/uploads\/2024\/03\/FORMULARIO-2-EVALUACION-DE-PERTINENCIA-DEL-PLAN-DE-TESIS-Y-DIRECTORES-PROPUESTOS-DOCOTORADOS.pdf\">FORMULARIO 2 &#8211; EVALUACI\u00d3N DE PERTINENCIA DEL PLAN DE TESIS Y DIRECTORES PROPUESTOS DOCTORADOS<\/a><\/span><\/li><li><span style=\"color: #800080;\"><a style=\"color: #800080;\" href=\"https:\/\/iyp.fica.unsl.edu.ar\/wp-content\/uploads\/2024\/03\/FORMULARIO-3-P.-COMITE-EVALUACION-DEL-PLAN-DE-TESIS-DOCTORADO.pdf\">FORMULARIO 3 &#8211; P. COMIT\u00c9 -EVALUACI\u00d3N DEL PLAN DE TESIS DOCTORADO<\/a><\/span><\/li><\/ul><\/div>\n\t\t\t\t<\/div>\n\t\t\t\t\t\t\t<div class=\"elementor-toggle-item\">\n\t\t\t\t\t<div id=\"elementor-tab-title-2332\" class=\"elementor-tab-title\" data-tab=\"2\" role=\"button\" aria-controls=\"elementor-tab-content-2332\" aria-expanded=\"false\">\n\t\t\t\t\t\t\t\t\t\t\t\t<span class=\"elementor-toggle-icon elementor-toggle-icon-left\" aria-hidden=\"true\">\n\t\t\t\t\t\t\t\t\t\t\t\t\t\t\t<span class=\"elementor-toggle-icon-closed\"><i class=\"fas fa-caret-right\"><\/i><\/span>\n\t\t\t\t\t\t\t\t<span class=\"elementor-toggle-icon-opened\"><i class=\"elementor-toggle-icon-opened fas fa-caret-up\"><\/i><\/span>\n\t\t\t\t\t\t\t\t\t\t\t\t\t<\/span>\n\t\t\t\t\t\t\t\t\t\t\t\t<a class=\"elementor-toggle-title\" tabindex=\"0\">Maestr\u00edas -  Formularios<\/a>\n\t\t\t\t\t<\/div>\n\n\t\t\t\t\t<div id=\"elementor-tab-content-2332\" class=\"elementor-tab-content elementor-clearfix\" data-tab=\"2\" role=\"region\" aria-labelledby=\"elementor-tab-title-2332\"><ul><li><span style=\"color: #800080;\"><a style=\"color: #800080;\" href=\"https:\/\/iyp.fica.unsl.edu.ar\/wp-content\/uploads\/2024\/03\/FORMULARIO-1-Solicitud-de-ADMISION-DOCTORADO.pdf\">FORMULARIO 1 &#8211; <\/a>\u00a0<a href=\"https:\/\/iyp.fica.unsl.edu.ar\/wp-content\/uploads\/2025\/05\/MODELO-PLAN-Actividades-de-Investigacion-Supervisadas.docx.pdf\">SOLICITUD para realizar Actividades de Investigaci\u00f3n Supervisadas &#8211; MCyTA.docx<\/a><\/span><\/li><li><span style=\"color: #800080;\">FORMULARIO 1A &#8211; <a href=\"https:\/\/iyp.fica.unsl.edu.ar\/wp-content\/uploads\/2025\/05\/MODELO-INFORME-Actividades-de-Investigacion-Supervisadas.docx.pdf\">Presentaci\u00f3n de INFORME de Actividades de Investigaci\u00f3n Supervisadas &#8211; <\/a><a href=\"https:\/\/iyp.fica.unsl.edu.ar\/wp-content\/uploads\/2025\/05\/MODELO-PLAN-Actividades-de-Investigacion-Supervisadas.docx.pdf\">MCyTA<\/a><a href=\"https:\/\/iyp.fica.unsl.edu.ar\/wp-content\/uploads\/2025\/05\/MODELO-INFORME-Actividades-de-Investigacion-Supervisadas.docx.pdf\">.docx<\/a><\/span><\/li><\/ul><\/div>\n\t\t\t\t<\/div>\n\t\t\t\t\t\t\t<div class=\"elementor-toggle-item\">\n\t\t\t\t\t<div id=\"elementor-tab-title-2333\" class=\"elementor-tab-title\" data-tab=\"3\" role=\"button\" aria-controls=\"elementor-tab-content-2333\" aria-expanded=\"false\">\n\t\t\t\t\t\t\t\t\t\t\t\t<span class=\"elementor-toggle-icon elementor-toggle-icon-left\" aria-hidden=\"true\">\n\t\t\t\t\t\t\t\t\t\t\t\t\t\t\t<span class=\"elementor-toggle-icon-closed\"><i class=\"fas fa-caret-right\"><\/i><\/span>\n\t\t\t\t\t\t\t\t<span class=\"elementor-toggle-icon-opened\"><i class=\"elementor-toggle-icon-opened fas fa-caret-up\"><\/i><\/span>\n\t\t\t\t\t\t\t\t\t\t\t\t\t<\/span>\n\t\t\t\t\t\t\t\t\t\t\t\t<a class=\"elementor-toggle-title\" tabindex=\"0\">Presentaci\u00f3n de Cursos<\/a>\n\t\t\t\t\t<\/div>\n\n\t\t\t\t\t<div id=\"elementor-tab-content-2333\" class=\"elementor-tab-content elementor-clearfix\" data-tab=\"3\" role=\"region\" aria-labelledby=\"elementor-tab-title-2333\"><ul><li><span style=\"color: #800080;\"><a style=\"color: #800080;\" href=\"https:\/\/iyp.fica.unsl.edu.ar\/wp-content\/uploads\/2022\/08\/GUIA-PARA-LA-PRESENTACION-DE-UN-CURSO-DE-POSGRADO.pdf\" target=\"_blank\" rel=\"noopener\"><span class=\"elementor-icon-list-text\">Gu\u00eda para la presentaci\u00f3n de cursos de posgrado<\/span><\/a><\/span><\/li><li><span style=\"color: #800080;\"><a style=\"color: #800080;\" href=\"https:\/\/iyp.fica.unsl.edu.ar\/wp-content\/uploads\/2024\/04\/A1-Formulario-Cursos-nuevo.pdf\">A1-Formulario-Cursos-nuevo<\/a><\/span><\/li><\/ul><\/div>\n\t\t\t\t<\/div>\n\t\t\t\t\t\t\t<div class=\"elementor-toggle-item\">\n\t\t\t\t\t<div id=\"elementor-tab-title-2334\" class=\"elementor-tab-title\" data-tab=\"4\" role=\"button\" aria-controls=\"elementor-tab-content-2334\" aria-expanded=\"false\">\n\t\t\t\t\t\t\t\t\t\t\t\t<span class=\"elementor-toggle-icon elementor-toggle-icon-left\" aria-hidden=\"true\">\n\t\t\t\t\t\t\t\t\t\t\t\t\t\t\t<span class=\"elementor-toggle-icon-closed\"><i class=\"fas fa-caret-right\"><\/i><\/span>\n\t\t\t\t\t\t\t\t<span class=\"elementor-toggle-icon-opened\"><i class=\"elementor-toggle-icon-opened fas fa-caret-up\"><\/i><\/span>\n\t\t\t\t\t\t\t\t\t\t\t\t\t<\/span>\n\t\t\t\t\t\t\t\t\t\t\t\t<a class=\"elementor-toggle-title\" tabindex=\"0\">Presentaci\u00f3n de Pasant\u00edas de Posgrado<\/a>\n\t\t\t\t\t<\/div>\n\n\t\t\t\t\t<div id=\"elementor-tab-content-2334\" class=\"elementor-tab-content elementor-clearfix\" data-tab=\"4\" role=\"region\" aria-labelledby=\"elementor-tab-title-2334\"><ul><li><span style=\"color: #800080;\"><a style=\"color: #800080;\" href=\"https:\/\/iyp.fica.unsl.edu.ar\/wp-content\/uploads\/2022\/08\/GUIA-PARA-LA-PRESENTACION-DE-UNA-PASANTIA-DE-POSGRADO.pdf\" target=\"_blank\" rel=\"noopener\"><span class=\"elementor-icon-list-text\">Gu\u00eda para la presentaci\u00f3n de pasant\u00edas de posgrado<\/span><\/a><\/span><\/li><li><span style=\"color: #993300;\"><span class=\"elementor-icon-list-text\" style=\"color: #993300;\"><a href=\"https:\/\/iyp.fica.unsl.edu.ar\/wp-content\/uploads\/2024\/04\/A2-Formulario-Pasantias-nuevo.pdf\"><span style=\"color: #800080;\">A2-Formulario-Pasantias-nuevo<\/span><\/a><\/span><\/span><\/li><\/ul><\/div>\n\t\t\t\t<\/div>\n\t\t\t\t\t\t\t<div class=\"elementor-toggle-item\">\n\t\t\t\t\t<div id=\"elementor-tab-title-2335\" class=\"elementor-tab-title\" data-tab=\"5\" role=\"button\" aria-controls=\"elementor-tab-content-2335\" aria-expanded=\"false\">\n\t\t\t\t\t\t\t\t\t\t\t\t<span class=\"elementor-toggle-icon elementor-toggle-icon-left\" aria-hidden=\"true\">\n\t\t\t\t\t\t\t\t\t\t\t\t\t\t\t<span class=\"elementor-toggle-icon-closed\"><i class=\"fas fa-caret-right\"><\/i><\/span>\n\t\t\t\t\t\t\t\t<span class=\"elementor-toggle-icon-opened\"><i class=\"elementor-toggle-icon-opened fas fa-caret-up\"><\/i><\/span>\n\t\t\t\t\t\t\t\t\t\t\t\t\t<\/span>\n\t\t\t\t\t\t\t\t\t\t\t\t<a class=\"elementor-toggle-title\" tabindex=\"0\">Presentaci\u00f3n de Programas de Actualizaci\u00f3n<\/a>\n\t\t\t\t\t<\/div>\n\n\t\t\t\t\t<div id=\"elementor-tab-content-2335\" class=\"elementor-tab-content elementor-clearfix\" data-tab=\"5\" role=\"region\" aria-labelledby=\"elementor-tab-title-2335\"><ul><li><span style=\"color: #800080;\"><a style=\"color: #800080;\" href=\"https:\/\/iyp.fica.unsl.edu.ar\/wp-content\/uploads\/2022\/08\/GUIA-PARA-LA-PRESENTACION-DE-UN-PROGRAMA-DE-ACTUALIZACION-DE-POSGRADO.pdf\" target=\"_blank\" rel=\"noopener\"><span class=\"elementor-icon-list-text\">Gu\u00eda para la presentaci\u00f3n de programas de actualizaci\u00f3n de posgrado<\/span><\/a><\/span><\/li><li><span style=\"color: #800080;\"><a style=\"color: #800080;\" href=\"https:\/\/iyp.fica.unsl.edu.ar\/wp-content\/uploads\/2024\/04\/A3-Formulario-Programas-nuevo.pdf\">A3-Formulario-Programas-nuevo<\/a><\/span><\/li><\/ul><\/div>\n\t\t\t\t<\/div>\n\t\t\t\t\t\t\t<div class=\"elementor-toggle-item\">\n\t\t\t\t\t<div id=\"elementor-tab-title-2336\" class=\"elementor-tab-title\" data-tab=\"6\" role=\"button\" aria-controls=\"elementor-tab-content-2336\" aria-expanded=\"false\">\n\t\t\t\t\t\t\t\t\t\t\t\t<span class=\"elementor-toggle-icon elementor-toggle-icon-left\" aria-hidden=\"true\">\n\t\t\t\t\t\t\t\t\t\t\t\t\t\t\t<span class=\"elementor-toggle-icon-closed\"><i class=\"fas fa-caret-right\"><\/i><\/span>\n\t\t\t\t\t\t\t\t<span class=\"elementor-toggle-icon-opened\"><i class=\"elementor-toggle-icon-opened fas fa-caret-up\"><\/i><\/span>\n\t\t\t\t\t\t\t\t\t\t\t\t\t<\/span>\n\t\t\t\t\t\t\t\t\t\t\t\t<a class=\"elementor-toggle-title\" tabindex=\"0\">Tr\u00e1mites de Egreso<\/a>\n\t\t\t\t\t<\/div>\n\n\t\t\t\t\t<div id=\"elementor-tab-content-2336\" class=\"elementor-tab-content elementor-clearfix\" data-tab=\"6\" role=\"region\" aria-labelledby=\"elementor-tab-title-2336\"><ul><li><span style=\"color: #800080;\"><a style=\"color: #800080;\" href=\"https:\/\/iyp.fica.unsl.edu.ar\/index.php\/solicitud-de-diploma-posgrado-unsl\/\" target=\"_blank\" rel=\"noopener\"><span class=\"elementor-icon-list-text\">Solicitud de DIPLOMA<\/span><\/a><\/span><\/li><\/ul><\/div>\n\t\t\t\t<\/div>\n\t\t\t\t\t\t\t\t<\/div>\n\t\t\t\t\t\t<\/div>\n\t\t\t\t<\/div>\n\t\t\t\t\t<\/div>\n\t\t<\/div>\n\t\t\t\t\t<\/div>\n\t\t<\/section>\n\t\t\t\t<\/div>\n\t\t","protected":false},"excerpt":{"rendered":"<p>FORMULARIOS DE POSGRADO Doctorados &#8211; Formularios FORMULARIO 1 &#8211; Solicitud de ADMISI\u00d3N DOCTORADOS FORMULARIO 1A &#8211; Solicitud de ADMISI\u00d3N para el DOCTORADO EN INGENIER\u00cdA ELECTR\u00d3NICA&hellip;<\/p>\n","protected":false},"author":5,"featured_media":0,"parent":414,"menu_order":1,"comment_status":"closed","ping_status":"closed","template":"","meta":{"_monsterinsights_skip_tracking":false,"_monsterinsights_sitenote_active":false,"_monsterinsights_sitenote_note":"","_monsterinsights_sitenote_category":0,"_uf_show_specific_survey":0,"_uf_disable_surveys":false,"footnotes":""},"class_list":["post-1142","page","type-page","status-publish","hentry"],"yoast_head":"<!-- This site is optimized with the Yoast SEO plugin v26.9 - https:\/\/yoast.com\/product\/yoast-seo-wordpress\/ -->\n<title>Formularios - Secretar\u00eda de Investigaci\u00f3n y Posgrado<\/title>\n<meta name=\"robots\" content=\"index, follow, max-snippet:-1, max-image-preview:large, max-video-preview:-1\" \/>\n<link rel=\"canonical\" href=\"https:\/\/iyp.fica.unsl.edu.ar\/index.php\/posgrado\/formularios_posgrado\/\" \/>\n<meta property=\"og:locale\" content=\"es_ES\" \/>\n<meta property=\"og:type\" content=\"article\" \/>\n<meta property=\"og:title\" content=\"Formularios - Secretar\u00eda de Investigaci\u00f3n y Posgrado\" \/>\n<meta property=\"og:description\" content=\"FORMULARIOS DE POSGRADO Doctorados &#8211; Formularios FORMULARIO 1 &#8211; Solicitud de ADMISI\u00d3N DOCTORADOS FORMULARIO 1A &#8211; Solicitud de ADMISI\u00d3N para el DOCTORADO EN INGENIER\u00cdA ELECTR\u00d3NICA&hellip;\" \/>\n<meta property=\"og:url\" content=\"https:\/\/iyp.fica.unsl.edu.ar\/index.php\/posgrado\/formularios_posgrado\/\" \/>\n<meta property=\"og:site_name\" content=\"Secretar\u00eda de Investigaci\u00f3n y Posgrado\" \/>\n<meta property=\"article:modified_time\" content=\"2025-05-26T13:16:03+00:00\" \/>\n<meta name=\"twitter:card\" content=\"summary_large_image\" \/>\n<meta name=\"twitter:label1\" content=\"Tiempo de lectura\" \/>\n\t<meta name=\"twitter:data1\" content=\"1 minuto\" \/>\n<script type=\"application\/ld+json\" class=\"yoast-schema-graph\">{\"@context\":\"https:\/\/schema.org\",\"@graph\":[{\"@type\":\"WebPage\",\"@id\":\"https:\/\/iyp.fica.unsl.edu.ar\/index.php\/posgrado\/formularios_posgrado\/\",\"url\":\"https:\/\/iyp.fica.unsl.edu.ar\/index.php\/posgrado\/formularios_posgrado\/\",\"name\":\"Formularios - Secretar\u00eda de Investigaci\u00f3n y Posgrado\",\"isPartOf\":{\"@id\":\"https:\/\/iyp.fica.unsl.edu.ar\/#website\"},\"datePublished\":\"2018-11-09T12:09:08+00:00\",\"dateModified\":\"2025-05-26T13:16:03+00:00\",\"breadcrumb\":{\"@id\":\"https:\/\/iyp.fica.unsl.edu.ar\/index.php\/posgrado\/formularios_posgrado\/#breadcrumb\"},\"inLanguage\":\"es-AR\",\"potentialAction\":[{\"@type\":\"ReadAction\",\"target\":[\"https:\/\/iyp.fica.unsl.edu.ar\/index.php\/posgrado\/formularios_posgrado\/\"]}]},{\"@type\":\"BreadcrumbList\",\"@id\":\"https:\/\/iyp.fica.unsl.edu.ar\/index.php\/posgrado\/formularios_posgrado\/#breadcrumb\",\"itemListElement\":[{\"@type\":\"ListItem\",\"position\":1,\"name\":\"Home\",\"item\":\"https:\/\/iyp.fica.unsl.edu.ar\/\"},{\"@type\":\"ListItem\",\"position\":2,\"name\":\"Posgrado\",\"item\":\"https:\/\/iyp.fica.unsl.edu.ar\/index.php\/posgrado\/\"},{\"@type\":\"ListItem\",\"position\":3,\"name\":\"Formularios\"}]},{\"@type\":\"WebSite\",\"@id\":\"https:\/\/iyp.fica.unsl.edu.ar\/#website\",\"url\":\"https:\/\/iyp.fica.unsl.edu.ar\/\",\"name\":\"Secretar\u00eda de Investigaci\u00f3n y Posgrado\",\"description\":\"FICA - UNSL\",\"publisher\":{\"@id\":\"https:\/\/iyp.fica.unsl.edu.ar\/#organization\"},\"potentialAction\":[{\"@type\":\"SearchAction\",\"target\":{\"@type\":\"EntryPoint\",\"urlTemplate\":\"https:\/\/iyp.fica.unsl.edu.ar\/?s={search_term_string}\"},\"query-input\":{\"@type\":\"PropertyValueSpecification\",\"valueRequired\":true,\"valueName\":\"search_term_string\"}}],\"inLanguage\":\"es-AR\"},{\"@type\":\"Organization\",\"@id\":\"https:\/\/iyp.fica.unsl.edu.ar\/#organization\",\"name\":\"FICA - Secretar\u00eda de Investigaci\u00f3n y Posgrado\",\"url\":\"https:\/\/iyp.fica.unsl.edu.ar\/\",\"logo\":{\"@type\":\"ImageObject\",\"inLanguage\":\"es-AR\",\"@id\":\"https:\/\/iyp.fica.unsl.edu.ar\/#\/schema\/logo\/image\/\",\"url\":\"https:\/\/iyp.fica.unsl.edu.ar\/wp-content\/uploads\/2021\/04\/SIyP-v41.png\",\"contentUrl\":\"https:\/\/iyp.fica.unsl.edu.ar\/wp-content\/uploads\/2021\/04\/SIyP-v41.png\",\"width\":4479,\"height\":1232,\"caption\":\"FICA - Secretar\u00eda de Investigaci\u00f3n y Posgrado\"},\"image\":{\"@id\":\"https:\/\/iyp.fica.unsl.edu.ar\/#\/schema\/logo\/image\/\"}}]}<\/script>\n<!-- \/ Yoast SEO plugin. -->","yoast_head_json":{"title":"Formularios - Secretar\u00eda de Investigaci\u00f3n y Posgrado","robots":{"index":"index","follow":"follow","max-snippet":"max-snippet:-1","max-image-preview":"max-image-preview:large","max-video-preview":"max-video-preview:-1"},"canonical":"https:\/\/iyp.fica.unsl.edu.ar\/index.php\/posgrado\/formularios_posgrado\/","og_locale":"es_ES","og_type":"article","og_title":"Formularios - Secretar\u00eda de Investigaci\u00f3n y Posgrado","og_description":"FORMULARIOS DE POSGRADO Doctorados &#8211; Formularios FORMULARIO 1 &#8211; Solicitud de ADMISI\u00d3N DOCTORADOS FORMULARIO 1A &#8211; Solicitud de ADMISI\u00d3N para el DOCTORADO EN INGENIER\u00cdA ELECTR\u00d3NICA&hellip;","og_url":"https:\/\/iyp.fica.unsl.edu.ar\/index.php\/posgrado\/formularios_posgrado\/","og_site_name":"Secretar\u00eda de Investigaci\u00f3n y Posgrado","article_modified_time":"2025-05-26T13:16:03+00:00","twitter_card":"summary_large_image","twitter_misc":{"Tiempo de lectura":"1 minuto"},"schema":{"@context":"https:\/\/schema.org","@graph":[{"@type":"WebPage","@id":"https:\/\/iyp.fica.unsl.edu.ar\/index.php\/posgrado\/formularios_posgrado\/","url":"https:\/\/iyp.fica.unsl.edu.ar\/index.php\/posgrado\/formularios_posgrado\/","name":"Formularios - Secretar\u00eda de Investigaci\u00f3n y Posgrado","isPartOf":{"@id":"https:\/\/iyp.fica.unsl.edu.ar\/#website"},"datePublished":"2018-11-09T12:09:08+00:00","dateModified":"2025-05-26T13:16:03+00:00","breadcrumb":{"@id":"https:\/\/iyp.fica.unsl.edu.ar\/index.php\/posgrado\/formularios_posgrado\/#breadcrumb"},"inLanguage":"es-AR","potentialAction":[{"@type":"ReadAction","target":["https:\/\/iyp.fica.unsl.edu.ar\/index.php\/posgrado\/formularios_posgrado\/"]}]},{"@type":"BreadcrumbList","@id":"https:\/\/iyp.fica.unsl.edu.ar\/index.php\/posgrado\/formularios_posgrado\/#breadcrumb","itemListElement":[{"@type":"ListItem","position":1,"name":"Home","item":"https:\/\/iyp.fica.unsl.edu.ar\/"},{"@type":"ListItem","position":2,"name":"Posgrado","item":"https:\/\/iyp.fica.unsl.edu.ar\/index.php\/posgrado\/"},{"@type":"ListItem","position":3,"name":"Formularios"}]},{"@type":"WebSite","@id":"https:\/\/iyp.fica.unsl.edu.ar\/#website","url":"https:\/\/iyp.fica.unsl.edu.ar\/","name":"Secretar\u00eda de Investigaci\u00f3n y Posgrado","description":"FICA - UNSL","publisher":{"@id":"https:\/\/iyp.fica.unsl.edu.ar\/#organization"},"potentialAction":[{"@type":"SearchAction","target":{"@type":"EntryPoint","urlTemplate":"https:\/\/iyp.fica.unsl.edu.ar\/?s={search_term_string}"},"query-input":{"@type":"PropertyValueSpecification","valueRequired":true,"valueName":"search_term_string"}}],"inLanguage":"es-AR"},{"@type":"Organization","@id":"https:\/\/iyp.fica.unsl.edu.ar\/#organization","name":"FICA - Secretar\u00eda de Investigaci\u00f3n y Posgrado","url":"https:\/\/iyp.fica.unsl.edu.ar\/","logo":{"@type":"ImageObject","inLanguage":"es-AR","@id":"https:\/\/iyp.fica.unsl.edu.ar\/#\/schema\/logo\/image\/","url":"https:\/\/iyp.fica.unsl.edu.ar\/wp-content\/uploads\/2021\/04\/SIyP-v41.png","contentUrl":"https:\/\/iyp.fica.unsl.edu.ar\/wp-content\/uploads\/2021\/04\/SIyP-v41.png","width":4479,"height":1232,"caption":"FICA - Secretar\u00eda de Investigaci\u00f3n y Posgrado"},"image":{"@id":"https:\/\/iyp.fica.unsl.edu.ar\/#\/schema\/logo\/image\/"}}]}},"_links":{"self":[{"href":"https:\/\/iyp.fica.unsl.edu.ar\/index.php\/wp-json\/wp\/v2\/pages\/1142","targetHints":{"allow":["GET"]}}],"collection":[{"href":"https:\/\/iyp.fica.unsl.edu.ar\/index.php\/wp-json\/wp\/v2\/pages"}],"about":[{"href":"https:\/\/iyp.fica.unsl.edu.ar\/index.php\/wp-json\/wp\/v2\/types\/page"}],"author":[{"embeddable":true,"href":"https:\/\/iyp.fica.unsl.edu.ar\/index.php\/wp-json\/wp\/v2\/users\/5"}],"replies":[{"embeddable":true,"href":"https:\/\/iyp.fica.unsl.edu.ar\/index.php\/wp-json\/wp\/v2\/comments?post=1142"}],"version-history":[{"count":93,"href":"https:\/\/iyp.fica.unsl.edu.ar\/index.php\/wp-json\/wp\/v2\/pages\/1142\/revisions"}],"predecessor-version":[{"id":5627,"href":"https:\/\/iyp.fica.unsl.edu.ar\/index.php\/wp-json\/wp\/v2\/pages\/1142\/revisions\/5627"}],"up":[{"embeddable":true,"href":"https:\/\/iyp.fica.unsl.edu.ar\/index.php\/wp-json\/wp\/v2\/pages\/414"}],"wp:attachment":[{"href":"https:\/\/iyp.fica.unsl.edu.ar\/index.php\/wp-json\/wp\/v2\/media?parent=1142"}],"curies":[{"name":"wp","href":"https:\/\/api.w.org\/{rel}","templated":true}]}}